{"id":760862,"date":"2025-08-28T09:19:55","date_gmt":"2025-08-28T06:19:55","guid":{"rendered":"https:\/\/roveyayinevi.com.tr\/index.php\/urun\/gozlerini-yum-iris\/"},"modified":"2026-04-16T03:13:35","modified_gmt":"2026-04-16T00:13:35","slug":"gozlerini-yum-iris","status":"publish","type":"product","link":"https:\/\/roveyayinevi.com.tr\/index.php\/urun\/gozlerini-yum-iris\/","title":{"rendered":"G\u00f6zlerini Yum \u0130ris"},"content":{"rendered":"<p>Bu kurgu d\u0131\u015f\u0131 \u00f6yk\u00fc kitab\u0131 uyku \u00fczerine yap\u0131lan son ara\u015ft\u0131rmalar\u0131 e\u011flenceli bir dille anlat\u0131yor. Yorgun oldu\u011funuzu nas\u0131l anlars\u0131n\u0131z? Yeti\u015fkinler neden daha uzun s\u00fcre uyan\u0131k kal\u0131r? Ay\u0131lar b\u00fct\u00fcn k\u0131\u015f nas\u0131l uyuyabilir? Atlar neden ayakta uyur? Yunuslar y\u00fczerken uyurlar m\u0131? Astronotlar uzayda nas\u0131l uyur? \u0130nsan ve hayvan uykusunun \u00f6zellikleri, uykunun v\u00fccut i\u00e7in \u00f6nemi ve uykuyla ilgili daha bir\u00e7ok ilgin\u00e7 bilgi bu kitapta. Bu kitap sadece gen\u00e7 hayalperestlerin ve gece ku\u015flar\u0131n\u0131n de\u011fil yeti\u015fkin okuyucular\u0131n da ilgisini \u00e7ekecek. <\/p>\n","protected":false},"excerpt":{"rendered":"<p>Bu kurgu d\u0131\u015f\u0131 \u00f6yk\u00fc kitab\u0131 uyku \u00fczerine yap\u0131lan son ara\u015ft\u0131rmalar\u0131 e\u011flenceli bir dille anlat\u0131yor. Yorgun oldu\u011funuzu nas\u0131l anlars\u0131n\u0131z? Yeti\u015fkinler neden daha uzun s\u00fcre uyan\u0131k kal\u0131r? Ay\u0131lar<span class=\"excerpt-hellip\"> [\u2026]<\/span><\/p>\n","protected":false},"featured_media":0,"template":"","meta":{"_monsterinsights_skip_tracking":false,"_monsterinsights_sitenote_active":false,"_monsterinsights_sitenote_note":"","_monsterinsights_sitenote_category":0},"product_brand":[],"product_cat":[12274,12284],"product_tag":[],"class_list":{"0":"post-760862","1":"product","2":"type-product","3":"status-publish","5":"product_cat-cocuk-ve-genclik-kitaplari","6":"product_cat-hikayeler","7":"pa_cilt-ciltsiz","8":"pa_tur-kitap","9":"pa_yayinevi-hayalkurdu","10":"pa_yazar-anna-sofia-urrila-henna-kaisa-wigren-kirsi-marja-zitting","12":"first","13":"instock","14":"sale","15":"shipping-taxable","16":"purchasable","17":"product-type-simple"},"_links":{"self":[{"href":"https:\/\/roveyayinevi.com.tr\/index.php\/wp-json\/wp\/v2\/product\/760862","targetHints":{"allow":["GET"]}}],"collection":[{"href":"https:\/\/roveyayinevi.com.tr\/index.php\/wp-json\/wp\/v2\/product"}],"about":[{"href":"https:\/\/roveyayinevi.com.tr\/index.php\/wp-json\/wp\/v2\/types\/product"}],"wp:attachment":[{"href":"https:\/\/roveyayinevi.com.tr\/index.php\/wp-json\/wp\/v2\/media?parent=760862"}],"wp:term":[{"taxonomy":"product_brand","embeddable":true,"href":"https:\/\/roveyayinevi.com.tr\/index.php\/wp-json\/wp\/v2\/product_brand?post=760862"},{"taxonomy":"product_cat","embeddable":true,"href":"https:\/\/roveyayinevi.com.tr\/index.php\/wp-json\/wp\/v2\/product_cat?post=760862"},{"taxonomy":"product_tag","embeddable":true,"href":"https:\/\/roveyayinevi.com.tr\/index.php\/wp-json\/wp\/v2\/product_tag?post=760862"}],"curies":[{"name":"wp","href":"https:\/\/api.w.org\/{rel}","templated":true}]}}