{"id":760861,"date":"2025-08-28T09:19:54","date_gmt":"2025-08-28T06:19:54","guid":{"rendered":"https:\/\/roveyayinevi.com.tr\/index.php\/urun\/akademisyenlerde-ogrenilmis-anlamsizlik-ve-tukenmislik\/"},"modified":"2026-04-16T03:13:35","modified_gmt":"2026-04-16T00:13:35","slug":"akademisyenlerde-ogrenilmis-anlamsizlik-ve-tukenmislik","status":"publish","type":"product","link":"https:\/\/roveyayinevi.com.tr\/index.php\/urun\/akademisyenlerde-ogrenilmis-anlamsizlik-ve-tukenmislik\/","title":{"rendered":"Akademisyenlerde \u00d6\u011frenilmi\u015f Anlams\u0131zl\u0131k ve T\u00fckenmi\u015flik"},"content":{"rendered":"<p>\u0130\u00e7indekiler :           1. G\u0130R\u0130\u015e         2. KAYNAK \u00d6ZETLER\u0130         3. MATERYAL VE Y\u00d6NTEM         4. BULGULAR         5. TARTI\u015eMA VE SONU\u00c7         4. BULGULAR         5. TARTI\u015eMA VE SONU\u00c7 <\/p>\n","protected":false},"excerpt":{"rendered":"<p>\u0130\u00e7indekiler : 1. G\u0130R\u0130\u015e 2. KAYNAK \u00d6ZETLER\u0130 3. MATERYAL VE Y\u00d6NTEM 4. BULGULAR 5. TARTI\u015eMA VE SONU\u00c7 4. BULGULAR 5. TARTI\u015eMA VE SONU\u00c7<\/p>\n","protected":false},"featured_media":0,"template":"","meta":{"_monsterinsights_skip_tracking":false,"_monsterinsights_sitenote_active":false,"_monsterinsights_sitenote_note":"","_monsterinsights_sitenote_category":0},"product_brand":[],"product_cat":[12573,12566],"product_tag":[],"class_list":{"0":"post-760861","1":"product","2":"type-product","3":"status-publish","5":"product_cat-akademik-kitaplar","6":"product_cat-egitim","7":"pa_cilt-ciltsiz","8":"pa_tur-kitap","9":"pa_yayinevi-gazi-kitabevi","10":"pa_yazar-husnu-cemal-eker-mustafa-demirkiran","12":"first","13":"instock","14":"sale","15":"shipping-taxable","16":"purchasable","17":"product-type-simple"},"_links":{"self":[{"href":"https:\/\/roveyayinevi.com.tr\/index.php\/wp-json\/wp\/v2\/product\/760861","targetHints":{"allow":["GET"]}}],"collection":[{"href":"https:\/\/roveyayinevi.com.tr\/index.php\/wp-json\/wp\/v2\/product"}],"about":[{"href":"https:\/\/roveyayinevi.com.tr\/index.php\/wp-json\/wp\/v2\/types\/product"}],"wp:attachment":[{"href":"https:\/\/roveyayinevi.com.tr\/index.php\/wp-json\/wp\/v2\/media?parent=760861"}],"wp:term":[{"taxonomy":"product_brand","embeddable":true,"href":"https:\/\/roveyayinevi.com.tr\/index.php\/wp-json\/wp\/v2\/product_brand?post=760861"},{"taxonomy":"product_cat","embeddable":true,"href":"https:\/\/roveyayinevi.com.tr\/index.php\/wp-json\/wp\/v2\/product_cat?post=760861"},{"taxonomy":"product_tag","embeddable":true,"href":"https:\/\/roveyayinevi.com.tr\/index.php\/wp-json\/wp\/v2\/product_tag?post=760861"}],"curies":[{"name":"wp","href":"https:\/\/api.w.org\/{rel}","templated":true}]}}