{"id":760860,"date":"2025-08-28T09:19:52","date_gmt":"2025-08-28T06:19:52","guid":{"rendered":"https:\/\/roveyayinevi.com.tr\/index.php\/urun\/milli-mecmua-sayi-37-mart-nisan-2024\/"},"modified":"2026-04-16T03:13:35","modified_gmt":"2026-04-16T00:13:35","slug":"milli-mecmua-sayi-37-mart-nisan-2024","status":"publish","type":"product","link":"https:\/\/roveyayinevi.com.tr\/index.php\/urun\/milli-mecmua-sayi-37-mart-nisan-2024\/","title":{"rendered":"Milli Mecmua Say\u0131 37 \/ Mart &#8211; Nisan 2024"},"content":{"rendered":"<p>DO\u00c7. DR. HACI MURAT ARABACI \u0130LE KIRIM T\u00dcRKLER\u0130 \u00dcZER\u0130NE M\u00dcL\u00c2KAT \/ AHMET ALPEREN CAN RUSYA \u0130\u015eGAL\u0130NE D\u0130RENEN KIRIM T\u00dcRKLER\u0130N\u0130N VATAN KIRIM M\u00dcCADELES\u0130 \/ ZAFER KARATAY UKRAYNA-RUSYA SAVA\u015eI VE KIRIM T\u00dcRKLER\u0130N\u0130N M\u00dcCADELES\u0130 \/ \u00d6MER C\u0130HAD KAYA ESK\u0130\u015eEH\u0130R\u2019DE YA\u015eAYAN KIRIM TATARLARI \u00dcZER\u0130NE B\u0130R DE\u011eERLEND\u0130RM \/ EPROF. DR. MEHMET AL\u0130 YOLCU KIRIM \u0130ST\u0130KL\u00c2L DAVASININ SES\u0130: EMEL DERG\u0130S\u0130 \/ \u00d6ZG\u00dcR KARAHAN KIRIM TATAR \u0130ST\u0130KL\u00c2L M\u00dcCADELES\u0130 BA\u011eLAMINDA AHMET \u00d6ZENBA\u015eLI\u2019NIN FAC\u0130ALI \u00d6MR\u00dc \/ B\u00dcLENT TANATAR KIRIM YARIMADASI\u2019NDA RUS ASKERLER\u0130N\u0130N \u0130LK G\u00d6LGES\u0130: DAN\u0130\u0130L ADA\u015eEV\u2019\u0130N 1559 KIRIM BASKINI \/ UMUT YOLSEVER KIRIM TATAR \u015eA\u0130R\u0130 E\u015eREF \u015eEM\u0130ZADE \/ SEHER MA\u015eKARO\u011eLU M\u0130LL\u00ce M\u00dcCADELE\u2019DE KIRIM T\u00dcRKLER\u0130N\u0130N ROL\u00dc (1919-1922) \/ \u00dcM\u0130T \u00d6ZKAN KIRIM TATAR HALK EDEB\u0130YATININ BE\u015e\u0130\u011e\u0130: ALTIN BE\u015e\u0130K EFSANES\u0130NE TEMASAL YAKLA\u015eIM \/ B\u0130LGENUR USLU BAH\u00c7ESARAY (1700-1725) \/ AHMET DO\u011eAN KIRIM HANLI\u011eI D\u0130PLOMAT\u0130KASI HAKKINDA KISA B\u0130R MALUMAT \/ BANU BA\u015eER KIRIM HANI \u201cBORA\u201d II. GAZ\u0130 G\u0130RAY VE SANATKARLI\u011eI \/ AR\u0130F G\u00dcZEL KIRIM HANLI\u011eI\u2019NDA KALGAYLIK KURUM \/ FAT\u0130H ORTA M\u00dcSL\u00dcMAN SEYYAHLARA G\u00d6RE KIRIM\u2019DA TASAVVUF K\u00dcLT\u00dcR\u00dc \/ LEVENT ED\u0130GE \u00d6ZDEM\u0130R<\/p>\n","protected":false},"excerpt":{"rendered":"<p>DO\u00c7. DR. HACI MURAT ARABACI \u0130LE KIRIM T\u00dcRKLER\u0130 \u00dcZER\u0130NE M\u00dcL\u00c2KAT \/ AHMET ALPEREN CAN RUSYA \u0130\u015eGAL\u0130NE D\u0130RENEN KIRIM T\u00dcRKLER\u0130N\u0130N VATAN KIRIM M\u00dcCADELES\u0130 \/ ZAFER KARATAY UKRAYNA-RUSYA<span class=\"excerpt-hellip\"> [\u2026]<\/span><\/p>\n","protected":false},"featured_media":0,"template":"","meta":{"_monsterinsights_skip_tracking":false,"_monsterinsights_sitenote_active":false,"_monsterinsights_sitenote_note":"","_monsterinsights_sitenote_category":0},"product_brand":[],"product_cat":[13527],"product_tag":[],"class_list":{"0":"post-760860","1":"product","2":"type-product","3":"status-publish","5":"product_cat-sureli-yayinlar","6":"pa_cilt-ciltsiz","7":"pa_tur-dergi","8":"pa_yayinevi-otuken-nesriyat","9":"pa_yazar-kolektif","11":"first","12":"instock","13":"sale","14":"shipping-taxable","15":"purchasable","16":"product-type-simple"},"_links":{"self":[{"href":"https:\/\/roveyayinevi.com.tr\/index.php\/wp-json\/wp\/v2\/product\/760860","targetHints":{"allow":["GET"]}}],"collection":[{"href":"https:\/\/roveyayinevi.com.tr\/index.php\/wp-json\/wp\/v2\/product"}],"about":[{"href":"https:\/\/roveyayinevi.com.tr\/index.php\/wp-json\/wp\/v2\/types\/product"}],"wp:attachment":[{"href":"https:\/\/roveyayinevi.com.tr\/index.php\/wp-json\/wp\/v2\/media?parent=760860"}],"wp:term":[{"taxonomy":"product_brand","embeddable":true,"href":"https:\/\/roveyayinevi.com.tr\/index.php\/wp-json\/wp\/v2\/product_brand?post=760860"},{"taxonomy":"product_cat","embeddable":true,"href":"https:\/\/roveyayinevi.com.tr\/index.php\/wp-json\/wp\/v2\/product_cat?post=760860"},{"taxonomy":"product_tag","embeddable":true,"href":"https:\/\/roveyayinevi.com.tr\/index.php\/wp-json\/wp\/v2\/product_tag?post=760860"}],"curies":[{"name":"wp","href":"https:\/\/api.w.org\/{rel}","templated":true}]}}