{"id":760856,"date":"2025-08-28T09:19:47","date_gmt":"2025-08-28T06:19:47","guid":{"rendered":"https:\/\/roveyayinevi.com.tr\/index.php\/urun\/orhun-ciltli\/"},"modified":"2026-04-16T03:13:35","modified_gmt":"2026-04-16T00:13:35","slug":"orhun-ciltli","status":"publish","type":"product","link":"https:\/\/roveyayinevi.com.tr\/index.php\/urun\/orhun-ciltli\/","title":{"rendered":"Orhun (Ciltli)"},"content":{"rendered":"<p>T\u00fcrk\u00e7\u00fcl\u00fck tarihinin Ats\u0131z Mecmua sonras\u0131nda ne\u015fredilen sivil yay\u0131nlar\u0131n\u0131n en \u00f6nemlisi \u015f\u00fcphesiz Orhun dergisidir. Derginin birinci devresi, Ats\u0131z\u2019\u0131n Edirne Lisesinde \u00f6\u011fretmenlik yapt\u0131\u011f\u0131 d\u00f6nemde, 5 Kas\u0131m 1933-16 Temmuz 1934 tarihleri aras\u0131nda 9 say\u0131 olarak yay\u0131mlan\u0131p burada giri\u015fti\u011fi polemikler sebebiyle Vekalet emrine al\u0131nmas\u0131ndan bir s\u00fcre sonra kapat\u0131lm\u0131\u015f; ikinci devre ise Bo\u011fazi\u00e7i Lisesindeki \u00f6\u011fretmenli\u011fi d\u00f6neminde, 1 Ekim 1943-1 Nisan 1944 tarihleri aras\u0131nda 7 say\u0131 olarak yay\u0131mlan\u0131p \u015e\u00fckr\u00fc Saraco\u011flu\u2019na hitaben kaleme ald\u0131\u011f\u0131 iki a\u00e7\u0131k mektup sonras\u0131nda yine kapat\u0131lm\u0131\u015f ve devrin Halk Partisi iktidar\u0131n\u0131n \u00f6d\u00fcn\u00fc koparan milliyet\u00e7i gen\u00e7lik hareketiyle adli tarihimize Irk\u00e7\u0131l\u0131k-Turanc\u0131l\u0131k Davas\u0131 olarak ge\u00e7en yarg\u0131lamalar\u0131 do\u011furmu\u015ftur. T\u00fcrk milliyet\u00e7ileri bug\u00fcn h\u00e2l\u00e2, 3 May\u0131s 1944\u2019te Ankara\u2019da cereyan eden n\u00fcmayi\u015flerin ve sonras\u0131ndaki s\u00fcrecin hat\u0131ras\u0131n\u0131 \u201cT\u00fcrk\u00e7\u00fcler G\u00fcn\u00fc\u201d ad\u0131yla anmaktad\u0131r. T\u00fcrk demokrasi tarihinin \u00f6nemli bir e\u015fi\u011findeki bu sivil itiraz\u0131n sesine h\u00fcrmeten, Orhun\u2019un b\u00fct\u00fcn say\u0131lar\u0131n\u0131n eksiksiz t\u0131pk\u0131 bas\u0131m\u0131n\u0131, geni\u015f bir giri\u015f yaz\u0131s\u0131 ve kapsaml\u0131 bir tematik dizinle, T\u00fcrk\u00e7\u00fcler G\u00fcn\u00fc\u2019n\u00fcn 80., \u00d6t\u00fcken\u2019inse 60. y\u0131l\u0131nda okuyucular\u0131m\u0131za sunmakla m\u00fcftehiriz.<\/p>\n","protected":false},"excerpt":{"rendered":"<p>T\u00fcrk\u00e7\u00fcl\u00fck tarihinin Ats\u0131z Mecmua sonras\u0131nda ne\u015fredilen sivil yay\u0131nlar\u0131n\u0131n en \u00f6nemlisi \u015f\u00fcphesiz Orhun dergisidir. Derginin birinci devresi, Ats\u0131z\u2019\u0131n Edirne Lisesinde \u00f6\u011fretmenlik yapt\u0131\u011f\u0131 d\u00f6nemde, 5 Kas\u0131m 1933-16 Temmuz<span class=\"excerpt-hellip\"> [\u2026]<\/span><\/p>\n","protected":false},"featured_media":0,"template":"","meta":{"_monsterinsights_skip_tracking":false,"_monsterinsights_sitenote_active":false,"_monsterinsights_sitenote_note":"","_monsterinsights_sitenote_category":0},"product_brand":[],"product_cat":[13527],"product_tag":[],"class_list":{"0":"post-760856","1":"product","2":"type-product","3":"status-publish","5":"product_cat-sureli-yayinlar","6":"pa_cilt-ciltli","7":"pa_tur-dergi","8":"pa_yayinevi-otuken-nesriyat","9":"pa_yazar-kolektif","11":"first","12":"instock","13":"sale","14":"shipping-taxable","15":"purchasable","16":"product-type-simple"},"_links":{"self":[{"href":"https:\/\/roveyayinevi.com.tr\/index.php\/wp-json\/wp\/v2\/product\/760856","targetHints":{"allow":["GET"]}}],"collection":[{"href":"https:\/\/roveyayinevi.com.tr\/index.php\/wp-json\/wp\/v2\/product"}],"about":[{"href":"https:\/\/roveyayinevi.com.tr\/index.php\/wp-json\/wp\/v2\/types\/product"}],"wp:attachment":[{"href":"https:\/\/roveyayinevi.com.tr\/index.php\/wp-json\/wp\/v2\/media?parent=760856"}],"wp:term":[{"taxonomy":"product_brand","embeddable":true,"href":"https:\/\/roveyayinevi.com.tr\/index.php\/wp-json\/wp\/v2\/product_brand?post=760856"},{"taxonomy":"product_cat","embeddable":true,"href":"https:\/\/roveyayinevi.com.tr\/index.php\/wp-json\/wp\/v2\/product_cat?post=760856"},{"taxonomy":"product_tag","embeddable":true,"href":"https:\/\/roveyayinevi.com.tr\/index.php\/wp-json\/wp\/v2\/product_tag?post=760856"}],"curies":[{"name":"wp","href":"https:\/\/api.w.org\/{rel}","templated":true}]}}