{"id":760855,"date":"2025-08-28T09:19:45","date_gmt":"2025-08-28T06:19:45","guid":{"rendered":"https:\/\/roveyayinevi.com.tr\/index.php\/urun\/bir-omur-sarki\/"},"modified":"2026-04-16T03:13:35","modified_gmt":"2026-04-16T00:13:35","slug":"bir-omur-sarki","status":"publish","type":"product","link":"https:\/\/roveyayinevi.com.tr\/index.php\/urun\/bir-omur-sarki\/","title":{"rendered":"Bir \u00d6m\u00fcr \u015eark\u0131"},"content":{"rendered":"<p>\u201cPiyano ile orkestran\u0131n birbirini taklit eden muhte\u015fem \u00f6tesi temalar\u0131yla kendimden ge\u00e7tim adeta yerime m\u0131hland\u0131m! Bedenim oradayd\u0131 ama ruhum g\u00f6klere \u00e7ekilmi\u015fti! Bu duyguyu anlatmaya dilimin g\u00fcc\u00fc yetmez! Ancak ya\u015fayanlar bilir! Kafam\u0131 kap\u0131 cam\u0131yla duvar aras\u0131na dayad\u0131m,\u00f6nce g\u00f6zlerimden istem d\u0131\u015f\u0131 sicim gibi ya\u015flar akmaya ba\u015flad\u0131,sonra kendimi tutamay\u0131p kat\u0131la kat\u0131la a\u011flad\u0131m! Bu benim \u201cKLAS\u0130K  M\u00dcZ\u0130K  OKYANUSUNA  ATTI\u011eIM  \u0130LK  KULA\u00c7\u201d  oldu. <\/p>\n","protected":false},"excerpt":{"rendered":"<p>\u201cPiyano ile orkestran\u0131n birbirini taklit eden muhte\u015fem \u00f6tesi temalar\u0131yla kendimden ge\u00e7tim adeta yerime m\u0131hland\u0131m! Bedenim oradayd\u0131 ama ruhum g\u00f6klere \u00e7ekilmi\u015fti! Bu duyguyu anlatmaya dilimin g\u00fcc\u00fc yetmez!<span class=\"excerpt-hellip\"> [\u2026]<\/span><\/p>\n","protected":false},"featured_media":0,"template":"","meta":{"_monsterinsights_skip_tracking":false,"_monsterinsights_sitenote_active":false,"_monsterinsights_sitenote_note":"","_monsterinsights_sitenote_category":0},"product_brand":[],"product_cat":[13701,12291],"product_tag":[],"class_list":{"0":"post-760855","1":"product","2":"type-product","3":"status-publish","5":"product_cat-ani-mektup-gunluk","6":"product_cat-edebiyat","7":"pa_cilt-ciltsiz","8":"pa_tur-kitap","9":"pa_yayinevi-nitelik-kitap","10":"pa_yazar-pekin-kirgiz","12":"first","13":"instock","14":"sale","15":"shipping-taxable","16":"purchasable","17":"product-type-simple"},"_links":{"self":[{"href":"https:\/\/roveyayinevi.com.tr\/index.php\/wp-json\/wp\/v2\/product\/760855","targetHints":{"allow":["GET"]}}],"collection":[{"href":"https:\/\/roveyayinevi.com.tr\/index.php\/wp-json\/wp\/v2\/product"}],"about":[{"href":"https:\/\/roveyayinevi.com.tr\/index.php\/wp-json\/wp\/v2\/types\/product"}],"wp:attachment":[{"href":"https:\/\/roveyayinevi.com.tr\/index.php\/wp-json\/wp\/v2\/media?parent=760855"}],"wp:term":[{"taxonomy":"product_brand","embeddable":true,"href":"https:\/\/roveyayinevi.com.tr\/index.php\/wp-json\/wp\/v2\/product_brand?post=760855"},{"taxonomy":"product_cat","embeddable":true,"href":"https:\/\/roveyayinevi.com.tr\/index.php\/wp-json\/wp\/v2\/product_cat?post=760855"},{"taxonomy":"product_tag","embeddable":true,"href":"https:\/\/roveyayinevi.com.tr\/index.php\/wp-json\/wp\/v2\/product_tag?post=760855"}],"curies":[{"name":"wp","href":"https:\/\/api.w.org\/{rel}","templated":true}]}}