{"id":760854,"date":"2025-08-28T09:19:43","date_gmt":"2025-08-28T06:19:43","guid":{"rendered":"https:\/\/roveyayinevi.com.tr\/index.php\/urun\/boyle-buyurdu-sufi\/"},"modified":"2026-04-16T03:13:35","modified_gmt":"2026-04-16T00:13:35","slug":"boyle-buyurdu-sufi","status":"publish","type":"product","link":"https:\/\/roveyayinevi.com.tr\/index.php\/urun\/boyle-buyurdu-sufi\/","title":{"rendered":"B\u00f6yle Buyurdu Sufi"},"content":{"rendered":"<p>B\u00f6yle Buyurdu S\u00fbf\u00ee, bilginin h\u0131zla ula\u015f\u0131l\u0131p kolayca t\u00fcketildi\u011fi bir d\u00fcnyada bilgelerin ve bilgeli\u011fin izlerini s\u00fcrmek i\u00e7in sizi ge\u00e7mi\u015fin gizemli karanl\u0131klar\u0131na davet ediyor. Bir zamanlar g\u00f6lgesiyle dahi kavga eder hale getirilen nesiller, t\u00fcm k\u00e2inatla bar\u0131\u015f\u0131k ya\u015fam\u0131\u015f atalar\u0131yla bulu\u015fmak \u00fczere tarihin derinliklerine do\u011fru cesaret isteyen bir yolculu\u011fa \u00e7\u0131k\u0131yorlar art\u0131k\u2026 <\/p>\n","protected":false},"excerpt":{"rendered":"<p>B\u00f6yle Buyurdu S\u00fbf\u00ee, bilginin h\u0131zla ula\u015f\u0131l\u0131p kolayca t\u00fcketildi\u011fi bir d\u00fcnyada bilgelerin ve bilgeli\u011fin izlerini s\u00fcrmek i\u00e7in sizi ge\u00e7mi\u015fin gizemli karanl\u0131klar\u0131na davet ediyor. Bir zamanlar g\u00f6lgesiyle dahi<span class=\"excerpt-hellip\"> [\u2026]<\/span><\/p>\n","protected":false},"featured_media":0,"template":"","meta":{"_monsterinsights_skip_tracking":false,"_monsterinsights_sitenote_active":false,"_monsterinsights_sitenote_note":"","_monsterinsights_sitenote_category":0},"product_brand":[],"product_cat":[13072,12291],"product_tag":[],"class_list":{"0":"post-760854","1":"product","2":"type-product","3":"status-publish","5":"product_cat-arastirma-inceleme-referans","6":"product_cat-edebiyat","7":"pa_cilt-ciltsiz","8":"pa_tur-kitap","9":"pa_yayinevi-muhit-kitap","10":"pa_yazar-omur-ceylan","12":"first","13":"instock","14":"sale","15":"shipping-taxable","16":"purchasable","17":"product-type-simple"},"_links":{"self":[{"href":"https:\/\/roveyayinevi.com.tr\/index.php\/wp-json\/wp\/v2\/product\/760854","targetHints":{"allow":["GET"]}}],"collection":[{"href":"https:\/\/roveyayinevi.com.tr\/index.php\/wp-json\/wp\/v2\/product"}],"about":[{"href":"https:\/\/roveyayinevi.com.tr\/index.php\/wp-json\/wp\/v2\/types\/product"}],"wp:attachment":[{"href":"https:\/\/roveyayinevi.com.tr\/index.php\/wp-json\/wp\/v2\/media?parent=760854"}],"wp:term":[{"taxonomy":"product_brand","embeddable":true,"href":"https:\/\/roveyayinevi.com.tr\/index.php\/wp-json\/wp\/v2\/product_brand?post=760854"},{"taxonomy":"product_cat","embeddable":true,"href":"https:\/\/roveyayinevi.com.tr\/index.php\/wp-json\/wp\/v2\/product_cat?post=760854"},{"taxonomy":"product_tag","embeddable":true,"href":"https:\/\/roveyayinevi.com.tr\/index.php\/wp-json\/wp\/v2\/product_tag?post=760854"}],"curies":[{"name":"wp","href":"https:\/\/api.w.org\/{rel}","templated":true}]}}