{"id":760850,"date":"2025-08-28T09:19:36","date_gmt":"2025-08-28T06:19:36","guid":{"rendered":"https:\/\/roveyayinevi.com.tr\/index.php\/urun\/yay-ve-lir\/"},"modified":"2026-04-16T03:13:35","modified_gmt":"2026-04-16T00:13:35","slug":"yay-ve-lir","status":"publish","type":"product","link":"https:\/\/roveyayinevi.com.tr\/index.php\/urun\/yay-ve-lir\/","title":{"rendered":"Yay ve Lir"},"content":{"rendered":"<p>\u201cHaf\u0131zan\u0131n g\u00f6revi ger\u00e7eklikten kurtar\u0131labilecek nitelikte olan her \u015feyi kurtarmakt\u0131r\u201d demi\u015fti Octavio Paz, 1994 y\u0131l\u0131nda El Financiero gazetesinin ku\u0308ltu\u0308r-sanat sayfas\u0131na verdi\u011fi s\u00f6yle\u015fide. Peki, \u015fiir ya da daha geni\u015f bir tabirle edebiyat, haf\u0131za olma g\u00f6revini gu\u0308nu\u0308mu\u0308zde de h\u00e2l\u00e2 su\u0308rdu\u0308ru\u0308yor mu? Yoksa onun haf\u0131za olarak g\u00f6revi bundan yu\u0308zy\u0131llar \u00f6nce sona m\u0131 erdi?   1990 y\u0131l\u0131nda Nobel Edebiyat \u00d6du\u0308lu\u0308\u2019nu\u0308 alan, \u00e7a\u011fda\u015f edebiyat\u0131n en \u00f6nemli isimlerinden Octavio Paz, Yay ve Lir\u2019de; \u015fiirin ve \u015fairin daha do\u011fru deyi\u015fle s\u00f6yleyenin ve s\u00f6yletenin yu\u0308zy\u0131llar i\u00e7erisindeki yolculu\u011funu, onun \u00f6nu\u0308ne \u00e7\u0131kan engelleri, hatalar\u0131n\u0131, kendini bulu\u015funu ve kaybedi\u015fini g\u00f6zler \u00f6nu\u0308ne seriyor; kimi zaman bir tragedyan\u0131n, kimi zaman bir sava\u015f meydan\u0131n\u0131n, kimi zaman bu\u0308yu\u0308k bir yaln\u0131z\u0131n, kimi zaman bir manifestonun, kimi zaman da Aztekler\u2019in s\u00f6yledikleri ve gizlediklerinden hareketle\u2026   \u201cYazma eylemi, bir ilk hareket olarak insan\u0131 adeta bo\u015flu\u011fa f\u0131rlat\u0131r gibi kendisinden ay\u0131r\u0131r. \u015eimdi, \u015fair yaln\u0131zd\u0131r. Bir dakika \u00f6nceki gu\u0308nlu\u0308k hayat\u0131 ve u\u011fra\u015flar\u0131 olan her \u015fey yok olmu\u015ftur. E\u011fer o, karars\u0131z bir edebi seremoni ger\u00e7ekle\u015ftirmek de\u011fil de ger\u00e7ekten yazmak istiyorsa, eylemi onu du\u0308nyadan kopartacak ve -kendisi de dahil- her \u015feyi engelleyecektir.\u201d<\/p>\n","protected":false},"excerpt":{"rendered":"<p>\u201cHaf\u0131zan\u0131n g\u00f6revi ger\u00e7eklikten kurtar\u0131labilecek nitelikte olan her \u015feyi kurtarmakt\u0131r\u201d demi\u015fti Octavio Paz, 1994 y\u0131l\u0131nda El Financiero gazetesinin ku\u0308ltu\u0308r-sanat sayfas\u0131na verdi\u011fi s\u00f6yle\u015fide. Peki, \u015fiir ya da daha<span class=\"excerpt-hellip\"> [\u2026]<\/span><\/p>\n","protected":false},"featured_media":0,"template":"","meta":{"_monsterinsights_skip_tracking":false,"_monsterinsights_sitenote_active":false,"_monsterinsights_sitenote_note":"","_monsterinsights_sitenote_category":0},"product_brand":[],"product_cat":[12777,12291],"product_tag":[],"class_list":{"0":"post-760850","1":"product","2":"type-product","3":"status-publish","5":"product_cat-deneme","6":"product_cat-edebiyat","7":"pa_cilt-ciltsiz","8":"pa_tur-kitap","9":"pa_yayinevi-ketebe-yayinlari","10":"pa_yazar-octavio-paz","12":"first","13":"instock","14":"sale","15":"shipping-taxable","16":"purchasable","17":"product-type-simple"},"_links":{"self":[{"href":"https:\/\/roveyayinevi.com.tr\/index.php\/wp-json\/wp\/v2\/product\/760850","targetHints":{"allow":["GET"]}}],"collection":[{"href":"https:\/\/roveyayinevi.com.tr\/index.php\/wp-json\/wp\/v2\/product"}],"about":[{"href":"https:\/\/roveyayinevi.com.tr\/index.php\/wp-json\/wp\/v2\/types\/product"}],"wp:attachment":[{"href":"https:\/\/roveyayinevi.com.tr\/index.php\/wp-json\/wp\/v2\/media?parent=760850"}],"wp:term":[{"taxonomy":"product_brand","embeddable":true,"href":"https:\/\/roveyayinevi.com.tr\/index.php\/wp-json\/wp\/v2\/product_brand?post=760850"},{"taxonomy":"product_cat","embeddable":true,"href":"https:\/\/roveyayinevi.com.tr\/index.php\/wp-json\/wp\/v2\/product_cat?post=760850"},{"taxonomy":"product_tag","embeddable":true,"href":"https:\/\/roveyayinevi.com.tr\/index.php\/wp-json\/wp\/v2\/product_tag?post=760850"}],"curies":[{"name":"wp","href":"https:\/\/api.w.org\/{rel}","templated":true}]}}