{"id":760846,"date":"2025-08-28T09:19:28","date_gmt":"2025-08-28T06:19:28","guid":{"rendered":"https:\/\/roveyayinevi.com.tr\/index.php\/urun\/mathilda-3\/"},"modified":"2026-04-16T03:13:35","modified_gmt":"2026-04-16T00:13:35","slug":"mathilda-3","status":"publish","type":"product","link":"https:\/\/roveyayinevi.com.tr\/index.php\/urun\/mathilda-3\/","title":{"rendered":"Mathilda"},"content":{"rendered":"<p>Shelley\u2019nin ayn\u0131 zamanda yay\u0131mc\u0131l\u0131\u011f\u0131n\u0131 \u00fcstlenen babas\u0131, 1820\u2019de kaleme ald\u0131\u011f\u0131 Mathilda\u2019y\u0131 yay\u0131mlamay\u0131 reddetti ve metin yazar\u0131n \u00f6l\u00fcm\u00fcnden \u00e7ok sonras\u0131na, 1959\u2019a kadar hi\u00e7 bas\u0131lmad\u0131. \u00d6yle ki roman\u0131 tamamlamas\u0131ndan k\u0131sa s\u00fcre sonra e\u015fini kaybeden Mary Shelley bile metnin u\u011fursuz oldu\u011funu d\u00fc\u015f\u00fcnmeye ba\u015flam\u0131\u015ft\u0131.   K\u0131sa ancak olduk\u00e7a \u00e7arp\u0131c\u0131 bu roman, annesini do\u011fdu\u011fu s\u0131rada kaybeden, babas\u0131 da terk edince, so\u011fuk miza\u00e7l\u0131 halas\u0131 taraf\u0131ndan b\u00fcy\u00fct\u00fclen Mathilda\u2019n\u0131n k\u0131sa ve trajik ya\u015fam\u0131n\u0131 anlat\u0131r. Yapayaln\u0131z ve sevgisiz Mathilda\u2019n\u0131n tek istedi\u011fi \u015fefkatli bir ebeveyndir, bunun yerine y\u0131llar s\u00fcren bekleyi\u015fin ard\u0131ndan d\u00f6nen babas\u0131ndan \u00e7arp\u0131k, insan\u0131 delili\u011fe s\u00fcr\u00fckleyen bir sevgi g\u00f6r\u00fcr. Roman, gencecik bir k\u0131z \u00e7ocu\u011funun kendisini a\u015fan, kafas\u0131n\u0131 allak bullak eden duygularla verdi\u011fi m\u00fccadeleyi, tekinsiz bir kasvetle aktar\u0131r. <\/p>\n","protected":false},"excerpt":{"rendered":"<p>Shelley\u2019nin ayn\u0131 zamanda yay\u0131mc\u0131l\u0131\u011f\u0131n\u0131 \u00fcstlenen babas\u0131, 1820\u2019de kaleme ald\u0131\u011f\u0131 Mathilda\u2019y\u0131 yay\u0131mlamay\u0131 reddetti ve metin yazar\u0131n \u00f6l\u00fcm\u00fcnden \u00e7ok sonras\u0131na, 1959\u2019a kadar hi\u00e7 bas\u0131lmad\u0131. \u00d6yle ki roman\u0131 tamamlamas\u0131ndan<span class=\"excerpt-hellip\"> [\u2026]<\/span><\/p>\n","protected":false},"featured_media":0,"template":"","meta":{"_monsterinsights_skip_tracking":false,"_monsterinsights_sitenote_active":false,"_monsterinsights_sitenote_note":"","_monsterinsights_sitenote_category":0},"product_brand":[],"product_cat":[12291,12711],"product_tag":[],"class_list":{"0":"post-760846","1":"product","2":"type-product","3":"status-publish","5":"product_cat-edebiyat","6":"product_cat-roman-oyku","7":"pa_cilt-ciltsiz","8":"pa_tur-kitap","9":"pa_yayinevi-can-yayinlari","10":"pa_yazar-mary-shelley","12":"first","13":"instock","14":"sale","15":"shipping-taxable","16":"purchasable","17":"product-type-simple"},"_links":{"self":[{"href":"https:\/\/roveyayinevi.com.tr\/index.php\/wp-json\/wp\/v2\/product\/760846","targetHints":{"allow":["GET"]}}],"collection":[{"href":"https:\/\/roveyayinevi.com.tr\/index.php\/wp-json\/wp\/v2\/product"}],"about":[{"href":"https:\/\/roveyayinevi.com.tr\/index.php\/wp-json\/wp\/v2\/types\/product"}],"wp:attachment":[{"href":"https:\/\/roveyayinevi.com.tr\/index.php\/wp-json\/wp\/v2\/media?parent=760846"}],"wp:term":[{"taxonomy":"product_brand","embeddable":true,"href":"https:\/\/roveyayinevi.com.tr\/index.php\/wp-json\/wp\/v2\/product_brand?post=760846"},{"taxonomy":"product_cat","embeddable":true,"href":"https:\/\/roveyayinevi.com.tr\/index.php\/wp-json\/wp\/v2\/product_cat?post=760846"},{"taxonomy":"product_tag","embeddable":true,"href":"https:\/\/roveyayinevi.com.tr\/index.php\/wp-json\/wp\/v2\/product_tag?post=760846"}],"curies":[{"name":"wp","href":"https:\/\/api.w.org\/{rel}","templated":true}]}}