{"id":760842,"date":"2025-08-28T09:19:20","date_gmt":"2025-08-28T06:19:20","guid":{"rendered":"https:\/\/roveyayinevi.com.tr\/index.php\/urun\/1-aclik-savasi\/"},"modified":"2026-04-16T03:13:35","modified_gmt":"2026-04-16T00:13:35","slug":"1-aclik-savasi","status":"publish","type":"product","link":"https:\/\/roveyayinevi.com.tr\/index.php\/urun\/1-aclik-savasi\/","title":{"rendered":"1. A\u00e7l\u0131k Sava\u015f\u0131"},"content":{"rendered":"<p>S\u0131radan insanlar\u0131n \u201cekmek paras\u0131 gayesi\u201d, s\u0131radan olmayanlar\u0131n servetine katk\u0131 sunarken milyonlarca y\u0131ll\u0131k evrenin d\u00f6n\u00fc\u015f\u00fcm\u00fcne insan etkisi bu kadar zarar vermi\u015f olabilir mi? Birileri \u201c\u00f6lece\u011fiz pazar\u0131na tezg\u00e2h a\u00e7\u0131p\u201d \u00f6l\u00fcms\u00fczl\u00fck marketing\u2019inden besleniyor. \u0130klim felaketi kapitalist sistemin yeni bir pazarlama alan\u0131 m\u0131 yoksa insanl\u0131\u011f\u0131n y\u00fczkaras\u0131 m\u0131? \u0130klim ink\u00e2rc\u0131lar\u0131 komplonun arka bah\u00e7esine d\u00fckk\u00e2n a\u00e7t\u0131lar. Kara Cuma \u201cBlack Friday\u201d, \u201cpara bizde, sizde ne var\u201d k\u0131vam\u0131nda. Ruhumuz promosyona d\u00fc\u015fm\u00fc\u015f, kapitalist d\u00fcnyan\u0131n a\u011fz\u0131n\u0131n tad\u0131 \u00e7oktan bozuldu, mevzular \u00e7ok derin.   Elma Yay\u0131nevi yeni kitab\u0131 I. A\u00e7l\u0131k Sava\u015f\u0131 ile bulu\u015fuyor okurlar\u0131yla. Bu kitapta, ge\u00e7mi\u015ften g\u00fcn\u00fcm\u00fcze tar\u0131m tarihinin, iklim de\u011fi\u015fimlerinin insan medeniyetini nas\u0131l etkiledi\u011fi, uygarl\u0131\u011f\u0131n hangi ikiy\u00fczl\u00fcl\u00fcklerinin tar\u0131m\u0131 zora soktu\u011fu, insan t\u00fcr\u00fcn\u00fcn ya\u015fananlara etkisi anlat\u0131l\u0131yor. Tar\u0131m ve beslenme ili\u015fkisinin \u00e7irkin y\u00fcz\u00fc, romantiklerin iyi niyetli yanl\u0131\u015fl\u0131klar\u0131, iyi niyetlilerin \u00e7abas\u0131 hepsi genel k\u00fclt\u00fcr d\u00fczeyinde bir tar\u0131m ve medeniyet tarihi silsilesiyle sizlerle bulu\u015facak. Ki\u015fisel deneyimler, olaylar, \u00f6rnekler, saptamalar, analizler tar\u0131m\u0131n gelece\u011fi i\u00e7in \u0131\u015f\u0131k tutacak. Tar\u0131ma yat\u0131r\u0131m yapmak isteyenler, tar\u0131mdan nemalananlar, tar\u0131m kariyerine ye\u015fil \u0131\u015f\u0131k yakanlar hepsi ve daha fazlas\u0131 bu kitab\u0131n hem konusu hem de muhatab\u0131. <\/p>\n","protected":false},"excerpt":{"rendered":"<p>S\u0131radan insanlar\u0131n \u201cekmek paras\u0131 gayesi\u201d, s\u0131radan olmayanlar\u0131n servetine katk\u0131 sunarken milyonlarca y\u0131ll\u0131k evrenin d\u00f6n\u00fc\u015f\u00fcm\u00fcne insan etkisi bu kadar zarar vermi\u015f olabilir mi? Birileri \u201c\u00f6lece\u011fiz pazar\u0131na tezg\u00e2h<span class=\"excerpt-hellip\"> [\u2026]<\/span><\/p>\n","protected":false},"featured_media":0,"template":"","meta":{"_monsterinsights_skip_tracking":false,"_monsterinsights_sitenote_active":false,"_monsterinsights_sitenote_note":"","_monsterinsights_sitenote_category":0},"product_brand":[],"product_cat":[13005,13006],"product_tag":[],"class_list":{"0":"post-760842","1":"product","2":"type-product","3":"status-publish","5":"product_cat-bilim-muhendislik","6":"product_cat-populer-bilim","7":"pa_cilt-ciltsiz","8":"pa_tur-kitap","9":"pa_yayinevi-elma-yayinevi","10":"pa_yazar-mine-ataman","12":"first","13":"instock","14":"sale","15":"shipping-taxable","16":"purchasable","17":"product-type-simple"},"_links":{"self":[{"href":"https:\/\/roveyayinevi.com.tr\/index.php\/wp-json\/wp\/v2\/product\/760842","targetHints":{"allow":["GET"]}}],"collection":[{"href":"https:\/\/roveyayinevi.com.tr\/index.php\/wp-json\/wp\/v2\/product"}],"about":[{"href":"https:\/\/roveyayinevi.com.tr\/index.php\/wp-json\/wp\/v2\/types\/product"}],"wp:attachment":[{"href":"https:\/\/roveyayinevi.com.tr\/index.php\/wp-json\/wp\/v2\/media?parent=760842"}],"wp:term":[{"taxonomy":"product_brand","embeddable":true,"href":"https:\/\/roveyayinevi.com.tr\/index.php\/wp-json\/wp\/v2\/product_brand?post=760842"},{"taxonomy":"product_cat","embeddable":true,"href":"https:\/\/roveyayinevi.com.tr\/index.php\/wp-json\/wp\/v2\/product_cat?post=760842"},{"taxonomy":"product_tag","embeddable":true,"href":"https:\/\/roveyayinevi.com.tr\/index.php\/wp-json\/wp\/v2\/product_tag?post=760842"}],"curies":[{"name":"wp","href":"https:\/\/api.w.org\/{rel}","templated":true}]}}