{"id":760840,"date":"2025-08-28T09:19:16","date_gmt":"2025-08-28T06:19:16","guid":{"rendered":"https:\/\/roveyayinevi.com.tr\/index.php\/urun\/minecraft-evcil-dostlar-gibisi-yok\/"},"modified":"2026-04-16T03:13:35","modified_gmt":"2026-04-16T00:13:35","slug":"minecraft-evcil-dostlar-gibisi-yok","status":"publish","type":"product","link":"https:\/\/roveyayinevi.com.tr\/index.php\/urun\/minecraft-evcil-dostlar-gibisi-yok\/","title":{"rendered":"Minecraft &#8211; Evcil Dostlar Gibisi Yok"},"content":{"rendered":"<p>BA\u015eINA BUYRUK HAYVANLAR, VAH\u015e\u0130 CANAVARLAR VE \u0130KS\u0130RC\u0130 CADILAR!   G\u00fc\u00e7l\u00fc bir cad\u0131, Jodi ve arkada\u015flar\u0131n\u0131 son derece nadir bir yarat\u0131\u011f\u0131 bulmalar\u0131 i\u00e7in zorla Minecraft\u2019\u0131n derinliklerine yolluyor. Ama cad\u0131n\u0131n sinsi plan\u0131 ne olursa olsun, Jodi yeni hayvan dostunu korumaya kararl\u0131; tabii, bu maceray\u0131 sa\u011f salim atlatabilirlerse!   <\/p>\n","protected":false},"excerpt":{"rendered":"<p>BA\u015eINA BUYRUK HAYVANLAR, VAH\u015e\u0130 CANAVARLAR VE \u0130KS\u0130RC\u0130 CADILAR! G\u00fc\u00e7l\u00fc bir cad\u0131, Jodi ve arkada\u015flar\u0131n\u0131 son derece nadir bir yarat\u0131\u011f\u0131 bulmalar\u0131 i\u00e7in zorla Minecraft\u2019\u0131n derinliklerine yolluyor. Ama<span class=\"excerpt-hellip\"> [\u2026]<\/span><\/p>\n","protected":false},"featured_media":0,"template":"","meta":{"_monsterinsights_skip_tracking":false,"_monsterinsights_sitenote_active":false,"_monsterinsights_sitenote_note":"","_monsterinsights_sitenote_category":0},"product_brand":[],"product_cat":[12291,12711],"product_tag":[],"class_list":{"0":"post-760840","1":"product","2":"type-product","3":"status-publish","5":"product_cat-edebiyat","6":"product_cat-roman-oyku","7":"pa_cilt-ciltsiz","8":"pa_tur-kitap","9":"pa_yayinevi-x-libris","10":"pa_yazar-nick-eliopulos-alan-batson-chris-hill","12":"first","13":"instock","14":"sale","15":"shipping-taxable","16":"purchasable","17":"product-type-simple"},"_links":{"self":[{"href":"https:\/\/roveyayinevi.com.tr\/index.php\/wp-json\/wp\/v2\/product\/760840","targetHints":{"allow":["GET"]}}],"collection":[{"href":"https:\/\/roveyayinevi.com.tr\/index.php\/wp-json\/wp\/v2\/product"}],"about":[{"href":"https:\/\/roveyayinevi.com.tr\/index.php\/wp-json\/wp\/v2\/types\/product"}],"wp:attachment":[{"href":"https:\/\/roveyayinevi.com.tr\/index.php\/wp-json\/wp\/v2\/media?parent=760840"}],"wp:term":[{"taxonomy":"product_brand","embeddable":true,"href":"https:\/\/roveyayinevi.com.tr\/index.php\/wp-json\/wp\/v2\/product_brand?post=760840"},{"taxonomy":"product_cat","embeddable":true,"href":"https:\/\/roveyayinevi.com.tr\/index.php\/wp-json\/wp\/v2\/product_cat?post=760840"},{"taxonomy":"product_tag","embeddable":true,"href":"https:\/\/roveyayinevi.com.tr\/index.php\/wp-json\/wp\/v2\/product_tag?post=760840"}],"curies":[{"name":"wp","href":"https:\/\/api.w.org\/{rel}","templated":true}]}}