{"id":760838,"date":"2025-08-28T09:19:12","date_gmt":"2025-08-28T06:19:12","guid":{"rendered":"https:\/\/roveyayinevi.com.tr\/index.php\/urun\/anneannemin-karton-bavulu-ciltli\/"},"modified":"2026-04-16T03:13:35","modified_gmt":"2026-04-16T00:13:35","slug":"anneannemin-karton-bavulu-ciltli","status":"publish","type":"product","link":"https:\/\/roveyayinevi.com.tr\/index.php\/urun\/anneannemin-karton-bavulu-ciltli\/","title":{"rendered":"Anneannemin Karton Bavulu (Ciltli)"},"content":{"rendered":"<p>\u00c7ocuklu\u011fumdan itibaren hayattan hi\u00e7 korkmad\u0131m. \u00c7\u00fcnk\u00fc daima iyiyi ve do\u011fruyu yapmaya \u00e7al\u0131\u015ft\u0131m. \u00c7ocukluktan ergenlik \u00e7a\u011f\u0131na kadar Kayseri\u2019de ya\u015fad\u0131m. Okumak, \u00f6\u011frenmek, y\u00fckselmek istiyordum. Marangoz bir baba ile ev han\u0131m\u0131 bir annenin evlad\u0131y\u0131m. Onlar\u0131n da te\u015fvikiyle \u00fcniversite \u00f6\u011frenimi g\u00f6rmek i\u00e7in, aile yuvas\u0131ndan ayr\u0131l\u0131p gurbete \u00e7\u0131kt\u0131m. \u0130stanbul, ufkumu a\u00e7t\u0131. Hayat\u0131n farkl\u0131 renklerini orada tan\u0131maya ba\u015flad\u0131m. \u015e\u00fcphesiz, \u00f6n\u00fcmde engebeler de vard\u0131. Hi\u00e7 geri d\u00f6nmeyi d\u00fc\u015f\u00fcnmedim. Onunla da yetinmedim. Y\u00fcksek\u00f6\u011frenimin bir \u00fcst basama\u011f\u0131na, Bat\u0131 d\u00fcnyas\u0131nda \u00e7\u0131kmak i\u00e7in ad\u0131m att\u0131m. Ba\u015fard\u0131m. ABD\u2019de uzun bir \u00f6\u011frenim d\u00f6nemi ya\u015fad\u0131m. Modern \u00e7a\u011f\u0131n bilgi birikimiyle \u00fclkeme d\u00f6nd\u00fcm. Kuzenim Y\u0131lmaz \u00d6zta\u015fk\u0131n\u2019la el ele, omuz omuza yola \u00e7\u0131kt\u0131k. O yolculu\u011fun ad\u0131n\u0131 \u201cYATA\u015e\u201d koyduk. YATA\u015e\u2019\u0131 ya\u015fatmal\u0131yd\u0131k. Ya\u015fatt\u0131k. Hatta, s\u0131n\u0131rlar\u0131n \u00f6tesine ta\u015f\u0131d\u0131k. \u015eimdi, 85 y\u0131ll\u0131k hik\u00e2yemi toplumla payla\u015fmak i\u00e7in kitap sayfalar\u0131n\u0131 sayg\u0131de\u011fer okurlar\u0131ma a\u00e7\u0131yorum. <\/p>\n","protected":false},"excerpt":{"rendered":"<p>\u00c7ocuklu\u011fumdan itibaren hayattan hi\u00e7 korkmad\u0131m. \u00c7\u00fcnk\u00fc daima iyiyi ve do\u011fruyu yapmaya \u00e7al\u0131\u015ft\u0131m. \u00c7ocukluktan ergenlik \u00e7a\u011f\u0131na kadar Kayseri\u2019de ya\u015fad\u0131m. Okumak, \u00f6\u011frenmek, y\u00fckselmek istiyordum. Marangoz bir baba ile<span class=\"excerpt-hellip\"> [\u2026]<\/span><\/p>\n","protected":false},"featured_media":0,"template":"","meta":{"_monsterinsights_skip_tracking":false,"_monsterinsights_sitenote_active":false,"_monsterinsights_sitenote_note":"","_monsterinsights_sitenote_category":0},"product_brand":[],"product_cat":[13701,12291],"product_tag":[],"class_list":{"0":"post-760838","1":"product","2":"type-product","3":"status-publish","5":"product_cat-ani-mektup-gunluk","6":"product_cat-edebiyat","7":"pa_cilt-ciltli","8":"pa_tur-kitap","9":"pa_yayinevi-dogan-kitap","10":"pa_yazar-yavuz-altop","12":"first","13":"instock","14":"sale","15":"shipping-taxable","16":"purchasable","17":"product-type-simple"},"_links":{"self":[{"href":"https:\/\/roveyayinevi.com.tr\/index.php\/wp-json\/wp\/v2\/product\/760838","targetHints":{"allow":["GET"]}}],"collection":[{"href":"https:\/\/roveyayinevi.com.tr\/index.php\/wp-json\/wp\/v2\/product"}],"about":[{"href":"https:\/\/roveyayinevi.com.tr\/index.php\/wp-json\/wp\/v2\/types\/product"}],"wp:attachment":[{"href":"https:\/\/roveyayinevi.com.tr\/index.php\/wp-json\/wp\/v2\/media?parent=760838"}],"wp:term":[{"taxonomy":"product_brand","embeddable":true,"href":"https:\/\/roveyayinevi.com.tr\/index.php\/wp-json\/wp\/v2\/product_brand?post=760838"},{"taxonomy":"product_cat","embeddable":true,"href":"https:\/\/roveyayinevi.com.tr\/index.php\/wp-json\/wp\/v2\/product_cat?post=760838"},{"taxonomy":"product_tag","embeddable":true,"href":"https:\/\/roveyayinevi.com.tr\/index.php\/wp-json\/wp\/v2\/product_tag?post=760838"}],"curies":[{"name":"wp","href":"https:\/\/api.w.org\/{rel}","templated":true}]}}