{"id":760836,"date":"2025-08-28T09:19:08","date_gmt":"2025-08-28T06:19:08","guid":{"rendered":"https:\/\/roveyayinevi.com.tr\/index.php\/urun\/babalar-ve-ogullar-16\/"},"modified":"2026-04-16T03:13:35","modified_gmt":"2026-04-16T00:13:35","slug":"babalar-ve-ogullar-16","status":"publish","type":"product","link":"https:\/\/roveyayinevi.com.tr\/index.php\/urun\/babalar-ve-ogullar-16\/","title":{"rendered":"Babalar ve O\u011fullar"},"content":{"rendered":"<p>\u201cY\u00fcre\u011finde nihai ve geri d\u00f6n\u00fclmez ba\u015far\u0131s\u0131zl\u0131\u011f\u0131n getirdi\u011fi gurur k\u0131r\u0131c\u0131 ac\u0131dan ba\u015fka bir \u015fey olmad\u0131\u011f\u0131n\u0131 fark etti.\u201d     Klasik Rus edebiyat\u0131n\u0131n unutulmaz yazar\u0131 Turgenyev, Babalar ve O\u011fullar roman\u0131n\u0131 1862\u2019de kaleme alm\u0131\u015ft\u0131r. Yazar, roman\u0131nda Bazarov, arkada\u015f\u0131 Arkady\u2019e ve onun modern de\u011ferlerle ya\u015famay\u0131 se\u00e7en babas\u0131yla amcas\u0131na sinir bozucu bir \u015fekilde kar\u015f\u0131 \u00e7\u0131kar. Sergiledi\u011fi nihilizm Bazarov\u2019un m\u00fcthi\u015f zek\u00e2s\u0131yla birle\u015ferek gen\u00e7 bozguncunun sald\u0131r\u0131lara u\u011framas\u0131n\u0131 ka\u00e7\u0131n\u0131lmaz k\u0131lar. Turgenyev, nihilizmin simgesine d\u00f6n\u00fc\u015fen Bazarov karakterini yaratt\u0131\u011f\u0131 Babalar ve O\u011fullar roman\u0131yla \u00f6zde\u015fle\u015fmi\u015ftir. <\/p>\n","protected":false},"excerpt":{"rendered":"<p>\u201cY\u00fcre\u011finde nihai ve geri d\u00f6n\u00fclmez ba\u015far\u0131s\u0131zl\u0131\u011f\u0131n getirdi\u011fi gurur k\u0131r\u0131c\u0131 ac\u0131dan ba\u015fka bir \u015fey olmad\u0131\u011f\u0131n\u0131 fark etti.\u201d Klasik Rus edebiyat\u0131n\u0131n unutulmaz yazar\u0131 Turgenyev, Babalar ve O\u011fullar roman\u0131n\u0131<span class=\"excerpt-hellip\"> [\u2026]<\/span><\/p>\n","protected":false},"featured_media":0,"template":"","meta":{"_monsterinsights_skip_tracking":false,"_monsterinsights_sitenote_active":false,"_monsterinsights_sitenote_note":"","_monsterinsights_sitenote_category":0},"product_brand":[],"product_cat":[12291,13872],"product_tag":[],"class_list":{"0":"post-760836","1":"product","2":"type-product","3":"status-publish","5":"product_cat-edebiyat","6":"product_cat-klasikler","7":"pa_cilt-ciltsiz","8":"pa_tur-kitap","9":"pa_yayinevi-ren-kitap","10":"pa_yazar-ivan-sergeyevic-turgenyev","12":"first","13":"instock","14":"sale","15":"shipping-taxable","16":"purchasable","17":"product-type-simple"},"_links":{"self":[{"href":"https:\/\/roveyayinevi.com.tr\/index.php\/wp-json\/wp\/v2\/product\/760836","targetHints":{"allow":["GET"]}}],"collection":[{"href":"https:\/\/roveyayinevi.com.tr\/index.php\/wp-json\/wp\/v2\/product"}],"about":[{"href":"https:\/\/roveyayinevi.com.tr\/index.php\/wp-json\/wp\/v2\/types\/product"}],"wp:attachment":[{"href":"https:\/\/roveyayinevi.com.tr\/index.php\/wp-json\/wp\/v2\/media?parent=760836"}],"wp:term":[{"taxonomy":"product_brand","embeddable":true,"href":"https:\/\/roveyayinevi.com.tr\/index.php\/wp-json\/wp\/v2\/product_brand?post=760836"},{"taxonomy":"product_cat","embeddable":true,"href":"https:\/\/roveyayinevi.com.tr\/index.php\/wp-json\/wp\/v2\/product_cat?post=760836"},{"taxonomy":"product_tag","embeddable":true,"href":"https:\/\/roveyayinevi.com.tr\/index.php\/wp-json\/wp\/v2\/product_tag?post=760836"}],"curies":[{"name":"wp","href":"https:\/\/api.w.org\/{rel}","templated":true}]}}