{"id":760835,"date":"2025-08-28T09:19:06","date_gmt":"2025-08-28T06:19:06","guid":{"rendered":"https:\/\/roveyayinevi.com.tr\/index.php\/urun\/golge-hirsizi\/"},"modified":"2025-08-31T20:27:00","modified_gmt":"2025-08-31T17:27:00","slug":"golge-hirsizi","status":"publish","type":"product","link":"https:\/\/roveyayinevi.com.tr\/index.php\/urun\/golge-hirsizi\/","title":{"rendered":"G\u00f6lge H\u0131rs\u0131z\u0131"},"content":{"rendered":"<p>O, hayat\u0131na giren insanlar\u0131n g\u00f6lgelerini \u00e7alabilir. En iyi arkada\u015f\u0131 Luc, en b\u00fcy\u00fck rakibi Marquez, ilk a\u015fk\u0131 Cl\u00e9a ya da sahildeki s\u0131radan bir ki\u015fi olmas\u0131 fark etmez\u2026 \u0130radesine s\u00f6z ge\u00e7iremeyerek bu insanlar\u0131n hayallerini, arzular\u0131n\u0131 ve ac\u0131lar\u0131n\u0131 \u00f6\u011frenir. Peki kafas\u0131n\u0131 kar\u0131\u015ft\u0131ran ve bu y\u00f6n\u00fcn\u00fc saklamas\u0131na neden olan duruma kar\u015f\u0131 ne yapacakt\u0131r?   Y\u0131llar sonra G\u00f6lge H\u0131rs\u0131z\u0131 \u00e7i\u00e7e\u011fi burnunda bir doktor olur. Bu s\u0131rada \u00f6nemli bir soruyla kar\u015f\u0131 kar\u015f\u0131yad\u0131r: Di\u011fer insanlar\u0131n hayatlar\u0131n\u0131 g\u00f6zlemlemek yerine onlar\u0131n hayallerini ya\u015famalar\u0131na yard\u0131m etmek m\u00fcmk\u00fcn m\u00fcd\u00fcr?   Peki ya kendisi mutlulu\u011fu ve a\u015fk\u0131 bulabilecek midir? <\/p>\n","protected":false},"excerpt":{"rendered":"<p>O, hayat\u0131na giren insanlar\u0131n g\u00f6lgelerini \u00e7alabilir. En iyi arkada\u015f\u0131 Luc, en b\u00fcy\u00fck rakibi Marquez, ilk a\u015fk\u0131 Cl\u00e9a ya da sahildeki s\u0131radan bir ki\u015fi olmas\u0131 fark etmez\u2026<span class=\"excerpt-hellip\"> [\u2026]<\/span><\/p>\n","protected":false},"featured_media":0,"template":"","meta":{"_monsterinsights_skip_tracking":false,"_monsterinsights_sitenote_active":false,"_monsterinsights_sitenote_note":"","_monsterinsights_sitenote_category":0},"product_brand":[],"product_cat":[12291,12711],"product_tag":[],"class_list":{"0":"post-760835","1":"product","2":"type-product","3":"status-publish","5":"product_cat-edebiyat","6":"product_cat-roman-oyku","7":"pa_cilt-ciltsiz","8":"pa_tur-kitap","9":"pa_yayinevi-artemis-yayinlari","10":"pa_yazar-marc-levy","12":"first","13":"instock","14":"sale","15":"shipping-taxable","16":"purchasable","17":"product-type-simple"},"_links":{"self":[{"href":"https:\/\/roveyayinevi.com.tr\/index.php\/wp-json\/wp\/v2\/product\/760835","targetHints":{"allow":["GET"]}}],"collection":[{"href":"https:\/\/roveyayinevi.com.tr\/index.php\/wp-json\/wp\/v2\/product"}],"about":[{"href":"https:\/\/roveyayinevi.com.tr\/index.php\/wp-json\/wp\/v2\/types\/product"}],"wp:attachment":[{"href":"https:\/\/roveyayinevi.com.tr\/index.php\/wp-json\/wp\/v2\/media?parent=760835"}],"wp:term":[{"taxonomy":"product_brand","embeddable":true,"href":"https:\/\/roveyayinevi.com.tr\/index.php\/wp-json\/wp\/v2\/product_brand?post=760835"},{"taxonomy":"product_cat","embeddable":true,"href":"https:\/\/roveyayinevi.com.tr\/index.php\/wp-json\/wp\/v2\/product_cat?post=760835"},{"taxonomy":"product_tag","embeddable":true,"href":"https:\/\/roveyayinevi.com.tr\/index.php\/wp-json\/wp\/v2\/product_tag?post=760835"}],"curies":[{"name":"wp","href":"https:\/\/api.w.org\/{rel}","templated":true}]}}