{"id":760831,"date":"2025-08-28T09:18:59","date_gmt":"2025-08-28T06:18:59","guid":{"rendered":"https:\/\/roveyayinevi.com.tr\/index.php\/urun\/kudusun-kraliceleri\/"},"modified":"2026-04-16T03:13:35","modified_gmt":"2026-04-16T00:13:35","slug":"kudusun-kraliceleri","status":"publish","type":"product","link":"https:\/\/roveyayinevi.com.tr\/index.php\/urun\/kudusun-kraliceleri\/","title":{"rendered":"Kud\u00fcs\u2019\u00fcn Krali\u00e7eleri"},"content":{"rendered":"<p>ONLAR SESS\u0130Z KALMAYI DE\u011e\u0130L KURALLARI DE\u011e\u0130\u015eT\u0130RMEY\u0130 SE\u00c7T\u0130LER. Ha\u00e7l\u0131 Devletleri\u2019nin tarihi ezici bir \u00e7o\u011funlukla eril \u00f6fke, erkeksi g\u00fc\u00e7, ba\u011fnazl\u0131k ve kana susam\u0131\u015fl\u0131kla \u00f6r\u00fcl\u00fcd\u00fcr. Buradan bak\u0131ld\u0131\u011f\u0131ndaysa di\u011fer yanda sadece do\u011furganl\u0131kla e\u015fle\u015ftirilen, cinsel objeye indirgenen zay\u0131f varl\u0131klar, entrikac\u0131 koca kar\u0131lar, korkun\u00e7 cadalozlar \u015feklinde karikat\u00fcrize edilen kad\u0131nlar ya da sessiz ve erdemli gen\u00e7 k\u0131zlarla doludur. Ancak d\u00fcnya tarihi boyunca \u00fc\u00e7 b\u00fcy\u00fck semavi dinin \u00e7arp\u0131\u015ft\u0131\u011f\u0131, belki de en \u00e7ok kanla y\u0131kanan bu k\u0131y\u0131lar\u0131n g\u00f6lgede kalm\u0131\u015f tarihinde, d\u00fcnyaya meydan okuyan ve oyunun kurallar\u0131n\u0131 yeniden yazan prensesler, kontesler ve soylu kad\u0131nlar vard\u0131. D\u00fcnyaca \u00fcnl\u00fc orta\u00e7a\u011f tarih\u00e7isi Katherine Pangonis, tarih yaz\u0131m\u0131n\u0131n susturulmu\u015f kad\u0131nlar\u0131n\u0131n g\u00fc\u00e7 hik\u00e2yelerine yeniden hayat veriyor. Basmakal\u0131p kad\u0131nl\u0131k kavramlar\u0131n\u0131 ala\u015fa\u011f\u0131 ederek, 1099 y\u0131l\u0131ndan, Selahaddin Eyyubi\u2019nin 1187\u2019de Kud\u00fcs\u2019\u00fc fethine kadar ge\u00e7en s\u00fcrede Ortado\u011fu\u2019da h\u00fckmeden kad\u0131nlar\u0131n nefes kesen ya\u015famlar\u0131n\u0131 tarihi belgelere dayanarak aktar\u0131yor. Kud\u00fcs\u2019\u00fcn Krali\u00e7eleri\u2019nde, yo\u011fun istikrars\u0131zl\u0131k ve en \u00e7etin sava\u015f d\u00f6nemlerinde onlar\u0131n hem y\u00f6netmeye hem de kendileri i\u00e7in daha fazla g\u00fc\u00e7 elde etmeye nas\u0131l muktedir olduklar\u0131n\u0131 soluksuz okuyacaks\u0131n\u0131z. <\/p>\n","protected":false},"excerpt":{"rendered":"<p>ONLAR SESS\u0130Z KALMAYI DE\u011e\u0130L KURALLARI DE\u011e\u0130\u015eT\u0130RMEY\u0130 SE\u00c7T\u0130LER. Ha\u00e7l\u0131 Devletleri\u2019nin tarihi ezici bir \u00e7o\u011funlukla eril \u00f6fke, erkeksi g\u00fc\u00e7, ba\u011fnazl\u0131k ve kana susam\u0131\u015fl\u0131kla \u00f6r\u00fcl\u00fcd\u00fcr. Buradan bak\u0131ld\u0131\u011f\u0131ndaysa di\u011fer yanda<span class=\"excerpt-hellip\"> [\u2026]<\/span><\/p>\n","protected":false},"featured_media":0,"template":"","meta":{"_monsterinsights_skip_tracking":false,"_monsterinsights_sitenote_active":false,"_monsterinsights_sitenote_note":"","_monsterinsights_sitenote_category":0},"product_brand":[],"product_cat":[12304],"product_tag":[],"class_list":{"0":"post-760831","1":"product","2":"type-product","3":"status-publish","5":"product_cat-tarih","6":"pa_cilt-ciltsiz","7":"pa_tur-kitap","8":"pa_yayinevi-beyaz-baykus-yayinlari","9":"pa_yazar-katherine-pangonis","11":"first","12":"instock","13":"sale","14":"shipping-taxable","15":"purchasable","16":"product-type-simple"},"_links":{"self":[{"href":"https:\/\/roveyayinevi.com.tr\/index.php\/wp-json\/wp\/v2\/product\/760831","targetHints":{"allow":["GET"]}}],"collection":[{"href":"https:\/\/roveyayinevi.com.tr\/index.php\/wp-json\/wp\/v2\/product"}],"about":[{"href":"https:\/\/roveyayinevi.com.tr\/index.php\/wp-json\/wp\/v2\/types\/product"}],"wp:attachment":[{"href":"https:\/\/roveyayinevi.com.tr\/index.php\/wp-json\/wp\/v2\/media?parent=760831"}],"wp:term":[{"taxonomy":"product_brand","embeddable":true,"href":"https:\/\/roveyayinevi.com.tr\/index.php\/wp-json\/wp\/v2\/product_brand?post=760831"},{"taxonomy":"product_cat","embeddable":true,"href":"https:\/\/roveyayinevi.com.tr\/index.php\/wp-json\/wp\/v2\/product_cat?post=760831"},{"taxonomy":"product_tag","embeddable":true,"href":"https:\/\/roveyayinevi.com.tr\/index.php\/wp-json\/wp\/v2\/product_tag?post=760831"}],"curies":[{"name":"wp","href":"https:\/\/api.w.org\/{rel}","templated":true}]}}