{"id":760829,"date":"2025-08-28T09:18:00","date_gmt":"2025-08-28T06:18:00","guid":{"rendered":"https:\/\/roveyayinevi.com.tr\/index.php\/urun\/fildisi-kuyu-cilt-1\/"},"modified":"2026-04-16T03:13:34","modified_gmt":"2026-04-16T00:13:34","slug":"fildisi-kuyu-cilt-1","status":"publish","type":"product","link":"https:\/\/roveyayinevi.com.tr\/index.php\/urun\/fildisi-kuyu-cilt-1\/","title":{"rendered":"Fildi\u015fi Kuyu Cilt 1"},"content":{"rendered":"<p>Beni Zorla Sa\u011fma, B\u0131rak Ben Emzireyim Seni ile Okuyan Us\u2019ta okurlar\u0131yla yeniden bulu\u015fan Nihan Kaya, Fildi\u015fi Kuyu\u2019ya yazd\u0131\u011f\u0131 yeni \u00f6ns\u00f6zde okurlar\u0131na merhaba diyor!   Fildi\u015fi Kuyu, Nihan Kaya&#8217;n\u0131n son yirmi y\u0131lda uluslararas\u0131 psikoloji konferanslar\u0131nda sundu\u011fu yaz\u0131lardan olu\u015fuyor. \u0130yile\u015fti\u011fimiz yerle yaratt\u0131\u011f\u0131m\u0131z yer ayn\u0131. Fildi\u015fi kulede de\u011fil, fildi\u015fi kuyuda bir yer olarak tan\u0131ml\u0131yor Kaya buray\u0131 ve hem T\u00fcrk hem d\u00fcnya edebiyat\u0131ndan \u00f6rneklerle, edebiyat, yarat\u0131c\u0131l\u0131k ve iyile\u015fme aras\u0131ndaki ili\u015fkiye \u0131\u015f\u0131k tutuyor.   Fildi\u015fi Kuyu\u2019nun ilk cildi D\u0131\u015flanma, sadece aile ve toplum taraf\u0131ndan d\u0131\u015flanmay\u0131 de\u011fil, kendi i\u00e7imizde d\u0131\u015flad\u0131\u011f\u0131m\u0131z taraflar\u0131, bu taraflar\u0131n g\u00fcnl\u00fck hayat\u0131m\u0131zda nas\u0131l sorunlara d\u00f6n\u00fc\u015ft\u00fc\u011f\u00fcn\u00fc de anlat\u0131yor. Bu ciltte edebiyat metinlerinin, d\u0131\u015flad\u0131\u011f\u0131m\u0131z taraflar\u0131m\u0131zla y\u00fczle\u015fmemiz i\u00e7in ayna olabilmesine sadece tan\u0131kl\u0131k etmiyor okur. O y\u00fczle\u015fmeyi tecr\u00fcbe de ediyor.    Bo\u011fazi\u00e7i \u00dcniversitesi \u0130ngiliz Dili ve Edebiyat\u0131 B\u00f6l\u00fcm\u00fc\u2019nden mezun olduktan sonra psikanalitik \u00e7al\u0131\u015fmalara y\u00f6nelen ve y\u00fcksek e\u011fitimine Londra\u2019da devam eden Nihan Kaya, edebiyat, psikoloji, yarat\u0131c\u0131l\u0131k gibi alanlarda at\u00f6lye ve seminerler y\u00fcr\u00fct\u00fcyor; University College London (UCL) Psikanalitik \u00c7al\u0131\u015fmalar b\u00f6l\u00fcm\u00fcnde, biri \u00e7ocuk travmas\u0131 uzman\u0131 bir \u00e7ocuk psikiyatristi, di\u011feri \u00e7ocuk psikoterapisti iki psikanalist s\u00fcperviz\u00f6rl\u00fc\u011f\u00fcnde Winnicott \u00fczerine yeni bir doktora tezi haz\u0131rl\u0131yor.   T\u00fcrk\u00e7ede Kitaplar\u0131: Gizli \u00d6zne (2003), \u00c7at\u0131 Kat\u0131 (2004), Bu\u011fu (2006), Dispar\u00f6ni ya da Ya\u015fama Korkusu (2008), Fildi\u015fi Kuyu (2011), Ama Sizden De\u011filim (2012), Yazma Cesareti: Ac\u0131n\u0131n Yarat\u0131c\u0131l\u0131\u011fa D\u00f6n\u00fc\u015f\u00fcm\u00fc (2013), Kar ve \u0130nci (2016), K\u0131rg\u0131nl\u0131k (2017), \u0130yi Aile Yoktur (2018) \u0130yi Toplum Yoktur (2019), B\u00fct\u00fcn \u00c7ocuklar \u0130yidir (2019), Seni Feda Etmeyece\u011fim (2021), Y\u00fczmek, Ya\u015famak ve Olma Arzusu (2022), Erteleme: Nedenleri ve \u00c7\u00f6z\u00fcmleri (2023), Beni Sa\u011fma, B\u0131rak Ben Emzireyim Seni (2024) \u00c7ocuk (Hik\u00e2ye) Kitaplar\u0131: Ada Annesiyle Duvarlar\u0131 Boyuyor (2020), Otob\u00fcs\u00fc Ka\u00e7\u0131ran \u015eof\u00f6r (2020), Sahiku \u00c7ocuklarla Arkada\u015f Olmak \u0130stiyor (2021), Prenses A Uyan\u0131yor (2021), Sinderella Elbise Tasar\u0131mc\u0131s\u0131 Oluyor (2021), Asi Koyun Melo (2021), Mafin Bug\u00fcn Mutsuz Olmak \u0130stiyor (2021), K\u0131rm\u0131z\u0131 \u00c7izmeleri Annesi Zanneden Kaz (2021), Teneff\u00fcsleri Seven \u00c7ocuk (2022), Azman Bebek (2023), Mor Canavar Benden Ne \u0130stiyor? (2023), Saks\u0131da Ya\u015fayan Kalp (2023), Bebekler Okulu (2024)<\/p>\n","protected":false},"excerpt":{"rendered":"<p>Beni Zorla Sa\u011fma, B\u0131rak Ben Emzireyim Seni ile Okuyan Us\u2019ta okurlar\u0131yla yeniden bulu\u015fan Nihan Kaya, Fildi\u015fi Kuyu\u2019ya yazd\u0131\u011f\u0131 yeni \u00f6ns\u00f6zde okurlar\u0131na merhaba diyor! Fildi\u015fi Kuyu, Nihan<span class=\"excerpt-hellip\"> [\u2026]<\/span><\/p>\n","protected":false},"featured_media":0,"template":"","meta":{"_monsterinsights_skip_tracking":false,"_monsterinsights_sitenote_active":false,"_monsterinsights_sitenote_note":"","_monsterinsights_sitenote_category":0},"product_brand":[],"product_cat":[12357],"product_tag":[],"class_list":{"0":"post-760829","1":"product","2":"type-product","3":"status-publish","5":"product_cat-psikoloji","6":"pa_cilt-ciltsiz","7":"pa_tur-kitap","8":"pa_yayinevi-okuyan-us-yayin","9":"pa_yazar-nihan-kaya","11":"first","12":"instock","13":"sale","14":"shipping-taxable","15":"purchasable","16":"product-type-simple"},"_links":{"self":[{"href":"https:\/\/roveyayinevi.com.tr\/index.php\/wp-json\/wp\/v2\/product\/760829","targetHints":{"allow":["GET"]}}],"collection":[{"href":"https:\/\/roveyayinevi.com.tr\/index.php\/wp-json\/wp\/v2\/product"}],"about":[{"href":"https:\/\/roveyayinevi.com.tr\/index.php\/wp-json\/wp\/v2\/types\/product"}],"wp:attachment":[{"href":"https:\/\/roveyayinevi.com.tr\/index.php\/wp-json\/wp\/v2\/media?parent=760829"}],"wp:term":[{"taxonomy":"product_brand","embeddable":true,"href":"https:\/\/roveyayinevi.com.tr\/index.php\/wp-json\/wp\/v2\/product_brand?post=760829"},{"taxonomy":"product_cat","embeddable":true,"href":"https:\/\/roveyayinevi.com.tr\/index.php\/wp-json\/wp\/v2\/product_cat?post=760829"},{"taxonomy":"product_tag","embeddable":true,"href":"https:\/\/roveyayinevi.com.tr\/index.php\/wp-json\/wp\/v2\/product_tag?post=760829"}],"curies":[{"name":"wp","href":"https:\/\/api.w.org\/{rel}","templated":true}]}}