{"id":760823,"date":"2025-08-28T09:17:48","date_gmt":"2025-08-28T06:17:48","guid":{"rendered":"https:\/\/roveyayinevi.com.tr\/index.php\/urun\/neden-kopekleri-sever-tavuklari-yer-inekleri-giyeriz\/"},"modified":"2026-04-16T03:13:34","modified_gmt":"2026-04-16T00:13:34","slug":"neden-kopekleri-sever-tavuklari-yer-inekleri-giyeriz","status":"publish","type":"product","link":"https:\/\/roveyayinevi.com.tr\/index.php\/urun\/neden-kopekleri-sever-tavuklari-yer-inekleri-giyeriz\/","title":{"rendered":"Neden K\u00f6pekleri Sever, Tavuklar\u0131 Yer, \u0130nekleri Giyeriz?"},"content":{"rendered":"<p>Melanie Joy pek \u00e7ok dile \u00e7evrilen ve b\u00fcy\u00fck bir yank\u0131 uyand\u0131r\u0131p say\u0131s\u0131z ya\u015fama dokunan bu kitab\u0131nda \u00e7iftliklere hapsedilmi\u015f hayvanlar\u0131n ya\u015famlar\u0131na ve \u00f6l\u00fcmlerine odaklan\u0131yor. Joy hayvanlara reva g\u00f6r\u00fclenleri ideolojik bir se\u00e7im olarak ele almakta ve bir y\u0131k\u0131m ger\u00e7ekle\u015ftirebilmek ad\u0131na \u201ckarnizm\u201d diye bir mefhum in\u015fa etmektedir. Hayvanlar\u0131n b\u00fcy\u00fck ac\u0131lar \u00e7ekmesine ve k\u00fcresel adaletsizli\u011fe yol a\u00e7an karnizmin nas\u0131l i\u015fledi\u011finin fark\u0131na varmak, g\u0131da se\u00e7imlerimizi daha \u00f6zg\u00fcrce yapmam\u0131z\u0131 sa\u011flayaca\u011f\u0131 i\u00e7in, ki\u015fisel geli\u015fim ve toplumsal d\u00f6n\u00fc\u015f\u00fcm a\u00e7\u0131s\u0131ndan hayati \u00f6nem ta\u015f\u0131maktad\u0131r; \u00e7\u00fcnk\u00fc fark\u0131ndal\u0131k olmadan \u00f6zg\u00fcr se\u00e7im olmaz.   \u201c\u0130nek ve tavuk yemekte bir beis g\u00f6rmeyip k\u00f6pek yeme fikri kar\u015f\u0131s\u0131nda deh\u015fete d\u00fc\u015fen herkesin okumas\u0131 gereken bir kitap. Joy bu kitapta kimi hayvanlar\u0131 \u00e7\u0131lg\u0131nca sevip kimilerini mideye indirmemize olanak tan\u0131yan psikolojik dayanaklar\u0131 inceliyor ve daha sonra bir k\u00f6\u015feye f\u0131rlat\u0131yor.\u201d \u2013Peter Singer   \u201cBu m\u00fckemmel \u00e7al\u0131\u015fma, bitki bazl\u0131 beslenme hususunda g\u00fc\u00e7l\u00fc ve yeni bir arg\u00fcman ortaya koyuyor. Joy&#8217;un ak\u0131l y\u00fcr\u00fct\u00fc\u015f\u00fc sa\u011fl\u0131\u011f\u0131n \u00f6tesine ge\u00e7iyor ve g\u0131da se\u00e7imlerini bilin\u00e7li yapmak isteyenlere se\u00e7enekler sunuyor.\u201d \u2013Dan Buettner   \u201cToplumun hayvan yeme eylemine m\u00fcdahalede bulunabilecek ola\u011fan\u00fcst\u00fc bir kitap.\u201d \u2013Jeffrey Moussaieff Masson   \u201cYediklerimizi ne diye yedi\u011fimizi merak edenlerin bu kitab\u0131 mutlaka okumas\u0131 gerekir.\u201d \u2013Kathy Freston   \u201cOnca y\u0131l\u0131n en k\u0131\u015fk\u0131rt\u0131c\u0131 kitaplar\u0131ndan biri. Kendimizden ve di\u011fer canl\u0131lardan ne denli kopmu\u015f oldu\u011fumuzun fark\u0131na varmam\u0131za imk\u00e2n tan\u0131yor.\u201d \u2013Heather Mills<\/p>\n","protected":false},"excerpt":{"rendered":"<p>Melanie Joy pek \u00e7ok dile \u00e7evrilen ve b\u00fcy\u00fck bir yank\u0131 uyand\u0131r\u0131p say\u0131s\u0131z ya\u015fama dokunan bu kitab\u0131nda \u00e7iftliklere hapsedilmi\u015f hayvanlar\u0131n ya\u015famlar\u0131na ve \u00f6l\u00fcmlerine odaklan\u0131yor. Joy hayvanlara reva<span class=\"excerpt-hellip\"> [\u2026]<\/span><\/p>\n","protected":false},"featured_media":0,"template":"","meta":{"_monsterinsights_skip_tracking":false,"_monsterinsights_sitenote_active":false,"_monsterinsights_sitenote_note":"","_monsterinsights_sitenote_category":0},"product_brand":[],"product_cat":[13072,12291],"product_tag":[],"class_list":{"0":"post-760823","1":"product","2":"type-product","3":"status-publish","5":"product_cat-arastirma-inceleme-referans","6":"product_cat-edebiyat","7":"pa_cilt-ciltsiz","8":"pa_tur-kitap","9":"pa_yayinevi-alfa-yayinlari","10":"pa_yazar-melanie-joyce","12":"first","13":"instock","14":"sale","15":"shipping-taxable","16":"purchasable","17":"product-type-simple"},"_links":{"self":[{"href":"https:\/\/roveyayinevi.com.tr\/index.php\/wp-json\/wp\/v2\/product\/760823","targetHints":{"allow":["GET"]}}],"collection":[{"href":"https:\/\/roveyayinevi.com.tr\/index.php\/wp-json\/wp\/v2\/product"}],"about":[{"href":"https:\/\/roveyayinevi.com.tr\/index.php\/wp-json\/wp\/v2\/types\/product"}],"wp:attachment":[{"href":"https:\/\/roveyayinevi.com.tr\/index.php\/wp-json\/wp\/v2\/media?parent=760823"}],"wp:term":[{"taxonomy":"product_brand","embeddable":true,"href":"https:\/\/roveyayinevi.com.tr\/index.php\/wp-json\/wp\/v2\/product_brand?post=760823"},{"taxonomy":"product_cat","embeddable":true,"href":"https:\/\/roveyayinevi.com.tr\/index.php\/wp-json\/wp\/v2\/product_cat?post=760823"},{"taxonomy":"product_tag","embeddable":true,"href":"https:\/\/roveyayinevi.com.tr\/index.php\/wp-json\/wp\/v2\/product_tag?post=760823"}],"curies":[{"name":"wp","href":"https:\/\/api.w.org\/{rel}","templated":true}]}}