{"id":760821,"date":"2025-08-28T09:17:44","date_gmt":"2025-08-28T06:17:44","guid":{"rendered":"https:\/\/roveyayinevi.com.tr\/index.php\/urun\/hayaller-hayatlar\/"},"modified":"2026-04-16T03:13:34","modified_gmt":"2026-04-16T00:13:34","slug":"hayaller-hayatlar","status":"publish","type":"product","link":"https:\/\/roveyayinevi.com.tr\/index.php\/urun\/hayaller-hayatlar\/","title":{"rendered":"Hayaller &amp; Hayatlar"},"content":{"rendered":"<p>1980 Kayseri do\u011fumludur. Dizi, sinema oyuncusu, \u015fair ve \u015fark\u0131c\u0131d\u0131r. Dizelerinde belki a\u015fk\u0131n en derin halini, belki de hasretin en anlaml\u0131 tarifini y\u00fcreklerinizde ilmek ilmek hissedeceksiniz.       Bazen bir g\u00fcl\u00fcc\u00fck oluyorsun y\u00fcz\u00fcmde, Bazen binlerce g\u00f6zya\u015f\u0131. Seni hi\u00e7 bu kadar kaybetmemi\u015f, B\u00f6ylesi uzaklarla payla\u015fmam\u0131\u015ft\u0131m. Hasretin insan\u0131 \u00e7aresiz b\u0131rakt\u0131\u011f\u0131n\u0131, \u00d6\u011frenmemi\u015ftim seni tan\u0131yana dek. <\/p>\n","protected":false},"excerpt":{"rendered":"<p>1980 Kayseri do\u011fumludur. Dizi, sinema oyuncusu, \u015fair ve \u015fark\u0131c\u0131d\u0131r. Dizelerinde belki a\u015fk\u0131n en derin halini, belki de hasretin en anlaml\u0131 tarifini y\u00fcreklerinizde ilmek ilmek hissedeceksiniz. Bazen<span class=\"excerpt-hellip\"> [\u2026]<\/span><\/p>\n","protected":false},"featured_media":0,"template":"","meta":{"_monsterinsights_skip_tracking":false,"_monsterinsights_sitenote_active":false,"_monsterinsights_sitenote_note":"","_monsterinsights_sitenote_category":0},"product_brand":[],"product_cat":[12291,12509],"product_tag":[],"class_list":{"0":"post-760821","1":"product","2":"type-product","3":"status-publish","5":"product_cat-edebiyat","6":"product_cat-siir","7":"pa_cilt-ciltsiz","8":"pa_tur-kitap","9":"pa_yayinevi-doksan-dokuz-yayinlari","10":"pa_yazar-ayse-unlu","12":"first","13":"instock","14":"sale","15":"shipping-taxable","16":"purchasable","17":"product-type-simple"},"_links":{"self":[{"href":"https:\/\/roveyayinevi.com.tr\/index.php\/wp-json\/wp\/v2\/product\/760821","targetHints":{"allow":["GET"]}}],"collection":[{"href":"https:\/\/roveyayinevi.com.tr\/index.php\/wp-json\/wp\/v2\/product"}],"about":[{"href":"https:\/\/roveyayinevi.com.tr\/index.php\/wp-json\/wp\/v2\/types\/product"}],"wp:attachment":[{"href":"https:\/\/roveyayinevi.com.tr\/index.php\/wp-json\/wp\/v2\/media?parent=760821"}],"wp:term":[{"taxonomy":"product_brand","embeddable":true,"href":"https:\/\/roveyayinevi.com.tr\/index.php\/wp-json\/wp\/v2\/product_brand?post=760821"},{"taxonomy":"product_cat","embeddable":true,"href":"https:\/\/roveyayinevi.com.tr\/index.php\/wp-json\/wp\/v2\/product_cat?post=760821"},{"taxonomy":"product_tag","embeddable":true,"href":"https:\/\/roveyayinevi.com.tr\/index.php\/wp-json\/wp\/v2\/product_tag?post=760821"}],"curies":[{"name":"wp","href":"https:\/\/api.w.org\/{rel}","templated":true}]}}