{"id":760820,"date":"2025-08-28T09:17:42","date_gmt":"2025-08-28T06:17:42","guid":{"rendered":"https:\/\/roveyayinevi.com.tr\/index.php\/urun\/yurek-yarasi\/"},"modified":"2026-04-16T03:13:34","modified_gmt":"2026-04-16T00:13:34","slug":"yurek-yarasi","status":"publish","type":"product","link":"https:\/\/roveyayinevi.com.tr\/index.php\/urun\/yurek-yarasi\/","title":{"rendered":"Y\u00fcrek Yaras\u0131"},"content":{"rendered":"<p>\u0130\u00e7imde y\u00fcrek yaras\u0131, Derman\u0131n\u0131 bilen gelsin. Sevdi\u011fim y\u00e2rde \u00e7aresi, G\u00f6zya\u015f\u0131m\u0131 silen gelsin.   Hakka ba\u011fl\u0131y\u0131m ta\u015flanmam, Madenim serttir i\u015flenmem, As\u0131k surattan ho\u015flanmam, Y\u00fcz\u00fcm\u00fcze g\u00fclen gelsin.   Sensiz ben bir yere gitmem, U\u011frunda yansam da t\u00fctmem, Kimseye eyvallah etmem, Beni benden alan gelsin.   Martin o\u011flu \u00e7ilem dolmaz, Derde tabip derman bulmaz, Namertlerle i\u015fim olmaz, Bize bizden olan gelsin. <\/p>\n","protected":false},"excerpt":{"rendered":"<p>\u0130\u00e7imde y\u00fcrek yaras\u0131, Derman\u0131n\u0131 bilen gelsin. Sevdi\u011fim y\u00e2rde \u00e7aresi, G\u00f6zya\u015f\u0131m\u0131 silen gelsin. Hakka ba\u011fl\u0131y\u0131m ta\u015flanmam, Madenim serttir i\u015flenmem, As\u0131k surattan ho\u015flanmam, Y\u00fcz\u00fcm\u00fcze g\u00fclen gelsin. Sensiz ben<span class=\"excerpt-hellip\"> [\u2026]<\/span><\/p>\n","protected":false},"featured_media":0,"template":"","meta":{"_monsterinsights_skip_tracking":false,"_monsterinsights_sitenote_active":false,"_monsterinsights_sitenote_note":"","_monsterinsights_sitenote_category":0},"product_brand":[],"product_cat":[12291,12509],"product_tag":[],"class_list":{"0":"post-760820","1":"product","2":"type-product","3":"status-publish","5":"product_cat-edebiyat","6":"product_cat-siir","7":"pa_cilt-ciltsiz","8":"pa_tur-kitap","9":"pa_yayinevi-gulnar-yayinlari","10":"pa_yazar-oguzhan-martin","12":"first","13":"instock","14":"sale","15":"shipping-taxable","16":"purchasable","17":"product-type-simple"},"_links":{"self":[{"href":"https:\/\/roveyayinevi.com.tr\/index.php\/wp-json\/wp\/v2\/product\/760820","targetHints":{"allow":["GET"]}}],"collection":[{"href":"https:\/\/roveyayinevi.com.tr\/index.php\/wp-json\/wp\/v2\/product"}],"about":[{"href":"https:\/\/roveyayinevi.com.tr\/index.php\/wp-json\/wp\/v2\/types\/product"}],"wp:attachment":[{"href":"https:\/\/roveyayinevi.com.tr\/index.php\/wp-json\/wp\/v2\/media?parent=760820"}],"wp:term":[{"taxonomy":"product_brand","embeddable":true,"href":"https:\/\/roveyayinevi.com.tr\/index.php\/wp-json\/wp\/v2\/product_brand?post=760820"},{"taxonomy":"product_cat","embeddable":true,"href":"https:\/\/roveyayinevi.com.tr\/index.php\/wp-json\/wp\/v2\/product_cat?post=760820"},{"taxonomy":"product_tag","embeddable":true,"href":"https:\/\/roveyayinevi.com.tr\/index.php\/wp-json\/wp\/v2\/product_tag?post=760820"}],"curies":[{"name":"wp","href":"https:\/\/api.w.org\/{rel}","templated":true}]}}