{"id":760817,"date":"2025-08-28T09:17:37","date_gmt":"2025-08-28T06:17:37","guid":{"rendered":"https:\/\/roveyayinevi.com.tr\/index.php\/urun\/kagittan-pencereler\/"},"modified":"2026-04-16T03:13:34","modified_gmt":"2026-04-16T00:13:34","slug":"kagittan-pencereler","status":"publish","type":"product","link":"https:\/\/roveyayinevi.com.tr\/index.php\/urun\/kagittan-pencereler\/","title":{"rendered":"K\u00e2\u011f\u0131ttan Pencereler"},"content":{"rendered":"<p>Hoca, nazik bir adamd\u0131 ve kendi h\u00e2linde vaaz verir, namaz\u0131n\u0131 k\u0131ld\u0131r\u0131r, kimsenin etlisine s\u00fctl\u00fcs\u00fcne kar\u0131\u015fmazd\u0131. \u201cHocam, ge\u00e7enlerde Ankara\u2019ya yolum d\u00fc\u015ft\u00fc. Tren gar\u0131nda dola\u015f\u0131rken bir kenara \u00e7ekilmi\u015f mavi renkli bir vagon g\u00f6rd\u00fcm. Atat\u00fcrk\u2019\u00fcn foto\u011fraf\u0131 vard\u0131 \u00fczerinde ve \u2018Atat\u00fcrk, yurt gezisinde bu vagonu kulland\u0131\u2019 yaz\u0131yor. Perdeleri a\u00e7\u0131k de\u011fildi ama ho\u015fuma gitti. Sonra iki katl\u0131 bir binaya g\u00f6z\u00fcm ili\u015fti. M\u00fcze yapm\u0131\u015flar. Atat\u00fcrk, sava\u015f esnas\u0131nda, Ulus\u2019taki Meclis \u00e7al\u0131\u015fmalar\u0131nda bu binay\u0131 kullanm\u0131\u015f. G\u00f6revliden izin alarak oray\u0131 da gezdim. D\u00fcnyaya kafa tutmu\u015f, bize bir \u00fclke kazand\u0131rm\u0131\u015f adam\u0131n karyolas\u0131 neredeyse k\u0131r\u0131lacak. Yan\u0131nda basit bir sehpa, \u00fczerinde bildi\u011fin eskiden kulland\u0131\u011f\u0131m\u0131z gaz lambas\u0131\u2026 Koca adam b\u00f6yle ya\u015fam\u0131\u015f. Akl\u0131m kar\u0131\u015ft\u0131, indi\u011fimde dizlerimin ba\u011f\u0131 \u00e7\u00f6z\u00fcld\u00fc bir kenara ge\u00e7ip a\u011flad\u0131m.\u201d<\/p>\n","protected":false},"excerpt":{"rendered":"<p>Hoca, nazik bir adamd\u0131 ve kendi h\u00e2linde vaaz verir, namaz\u0131n\u0131 k\u0131ld\u0131r\u0131r, kimsenin etlisine s\u00fctl\u00fcs\u00fcne kar\u0131\u015fmazd\u0131. \u201cHocam, ge\u00e7enlerde Ankara\u2019ya yolum d\u00fc\u015ft\u00fc. Tren gar\u0131nda dola\u015f\u0131rken bir kenara \u00e7ekilmi\u015f<span class=\"excerpt-hellip\"> [\u2026]<\/span><\/p>\n","protected":false},"featured_media":0,"template":"","meta":{"_monsterinsights_skip_tracking":false,"_monsterinsights_sitenote_active":false,"_monsterinsights_sitenote_note":"","_monsterinsights_sitenote_category":0},"product_brand":[],"product_cat":[12291,12711],"product_tag":[],"class_list":{"0":"post-760817","1":"product","2":"type-product","3":"status-publish","5":"product_cat-edebiyat","6":"product_cat-roman-oyku","7":"pa_cilt-ciltsiz","8":"pa_tur-kitap","9":"pa_yayinevi-yade-yayinlari","10":"pa_yazar-bekir-baz","12":"first","13":"instock","14":"sale","15":"shipping-taxable","16":"purchasable","17":"product-type-simple"},"_links":{"self":[{"href":"https:\/\/roveyayinevi.com.tr\/index.php\/wp-json\/wp\/v2\/product\/760817","targetHints":{"allow":["GET"]}}],"collection":[{"href":"https:\/\/roveyayinevi.com.tr\/index.php\/wp-json\/wp\/v2\/product"}],"about":[{"href":"https:\/\/roveyayinevi.com.tr\/index.php\/wp-json\/wp\/v2\/types\/product"}],"wp:attachment":[{"href":"https:\/\/roveyayinevi.com.tr\/index.php\/wp-json\/wp\/v2\/media?parent=760817"}],"wp:term":[{"taxonomy":"product_brand","embeddable":true,"href":"https:\/\/roveyayinevi.com.tr\/index.php\/wp-json\/wp\/v2\/product_brand?post=760817"},{"taxonomy":"product_cat","embeddable":true,"href":"https:\/\/roveyayinevi.com.tr\/index.php\/wp-json\/wp\/v2\/product_cat?post=760817"},{"taxonomy":"product_tag","embeddable":true,"href":"https:\/\/roveyayinevi.com.tr\/index.php\/wp-json\/wp\/v2\/product_tag?post=760817"}],"curies":[{"name":"wp","href":"https:\/\/api.w.org\/{rel}","templated":true}]}}