{"id":760815,"date":"2025-08-28T09:17:32","date_gmt":"2025-08-28T06:17:32","guid":{"rendered":"https:\/\/roveyayinevi.com.tr\/index.php\/urun\/urfadan-esintiler\/"},"modified":"2026-01-30T03:52:42","modified_gmt":"2026-01-30T00:52:42","slug":"urfadan-esintiler","status":"publish","type":"product","link":"https:\/\/roveyayinevi.com.tr\/index.php\/urun\/urfadan-esintiler\/","title":{"rendered":"Urfa\u2019dan Esintiler"},"content":{"rendered":"<p>Bu derleme, memleketinden ayr\u0131 ya\u015fasa da ba\u011flar\u0131n\u0131 koparmam\u0131\u015f, k\u00f6klerini ve \u00f6z\u00fcn\u00fc unutmayan bir Urfal\u0131n\u0131n, M. Sabri Haberveren\u2019in imzas\u0131n\u0131 ta\u015f\u0131yor. Haberveren, kitapta halk edebiyat\u0131n\u0131n ve k\u00fclt\u00fcr\u00fcn\u00fcn vazge\u00e7ilmez \u00f6\u011felerinden biri olan m\u00e2ni ve hoyratlar\u0131 inceleyerek, baz\u0131lar\u0131 unutulmaya y\u00fcz tutmu\u015f Urfa atas\u00f6zlerini, dilini ya\u015fatmak ve yeni nesle aktarmak i\u00e7in \u00f6nemli bir g\u00f6rev \u00fcstleniyor. <\/p>\n","protected":false},"excerpt":{"rendered":"<p>Bu derleme, memleketinden ayr\u0131 ya\u015fasa da ba\u011flar\u0131n\u0131 koparmam\u0131\u015f, k\u00f6klerini ve \u00f6z\u00fcn\u00fc unutmayan bir Urfal\u0131n\u0131n, M. Sabri Haberveren\u2019in imzas\u0131n\u0131 ta\u015f\u0131yor. Haberveren, kitapta halk edebiyat\u0131n\u0131n ve k\u00fclt\u00fcr\u00fcn\u00fcn vazge\u00e7ilmez<span class=\"excerpt-hellip\"> [\u2026]<\/span><\/p>\n","protected":false},"featured_media":0,"template":"","meta":{"_monsterinsights_skip_tracking":false,"_monsterinsights_sitenote_active":false,"_monsterinsights_sitenote_note":"","_monsterinsights_sitenote_category":0},"product_brand":[],"product_cat":[27157,12291],"product_tag":[],"class_list":{"0":"post-760815","1":"product","2":"type-product","3":"status-publish","5":"product_cat-derleme","6":"product_cat-edebiyat","7":"pa_cilt-ciltsiz","8":"pa_tur-kitap","9":"pa_yayinevi-vova-yayinlari","10":"pa_yazar-mehmet-sabri-haberveren","12":"first","13":"instock","14":"sale","15":"shipping-taxable","16":"purchasable","17":"product-type-simple"},"_links":{"self":[{"href":"https:\/\/roveyayinevi.com.tr\/index.php\/wp-json\/wp\/v2\/product\/760815","targetHints":{"allow":["GET"]}}],"collection":[{"href":"https:\/\/roveyayinevi.com.tr\/index.php\/wp-json\/wp\/v2\/product"}],"about":[{"href":"https:\/\/roveyayinevi.com.tr\/index.php\/wp-json\/wp\/v2\/types\/product"}],"wp:attachment":[{"href":"https:\/\/roveyayinevi.com.tr\/index.php\/wp-json\/wp\/v2\/media?parent=760815"}],"wp:term":[{"taxonomy":"product_brand","embeddable":true,"href":"https:\/\/roveyayinevi.com.tr\/index.php\/wp-json\/wp\/v2\/product_brand?post=760815"},{"taxonomy":"product_cat","embeddable":true,"href":"https:\/\/roveyayinevi.com.tr\/index.php\/wp-json\/wp\/v2\/product_cat?post=760815"},{"taxonomy":"product_tag","embeddable":true,"href":"https:\/\/roveyayinevi.com.tr\/index.php\/wp-json\/wp\/v2\/product_tag?post=760815"}],"curies":[{"name":"wp","href":"https:\/\/api.w.org\/{rel}","templated":true}]}}