{"id":760813,"date":"2025-08-28T09:17:28","date_gmt":"2025-08-28T06:17:28","guid":{"rendered":"https:\/\/roveyayinevi.com.tr\/index.php\/urun\/biraz-guz-biraz-mavi\/"},"modified":"2026-01-30T03:52:42","modified_gmt":"2026-01-30T00:52:42","slug":"biraz-guz-biraz-mavi","status":"publish","type":"product","link":"https:\/\/roveyayinevi.com.tr\/index.php\/urun\/biraz-guz-biraz-mavi\/","title":{"rendered":"Biraz G\u00fcz Biraz Mavi"},"content":{"rendered":"<p>\u015eiir, yaln\u0131zca yazmak ve anlamak de\u011fil ise ya\u015famak ve ya\u015fad\u0131\u011f\u0131n\u0131 ruhun derinliklerinden gelen duygularla donat\u0131lm\u0131\u015f s\u00f6zc\u00fcklere d\u00f6kmek ise ben de \u00f6yle yapt\u0131m; Ya\u015fad\u0131m yazd\u0131m, yazd\u0131klar\u0131mla ya\u015fad\u0131m.     Ne mavi tam ne de sar\u0131&#8230; \u00d6mr\u00fcm\u00fcz\u00fcn d\u00f6k\u00fclen  baharlar\u0131  gibi hazan dallar\u0131 aras\u0131ndan s\u0131zan h\u00fczmelerdir y\u00fcre\u011fimizde \u0131\u015f\u0131ldayan.     Yaz\u0131lan her  \u015fiir okunduktan sonra \u015fairini terk eder. Sat\u0131rlar bamba\u015fka d\u00fc\u015flere d\u00f6n\u00fc\u015f\u00fcr. Ve \u015fair &#8220;okumak pahas\u0131na&#8221; yeni d\u00fc\u015flere uyan\u0131r. <\/p>\n","protected":false},"excerpt":{"rendered":"<p>\u015eiir, yaln\u0131zca yazmak ve anlamak de\u011fil ise ya\u015famak ve ya\u015fad\u0131\u011f\u0131n\u0131 ruhun derinliklerinden gelen duygularla donat\u0131lm\u0131\u015f s\u00f6zc\u00fcklere d\u00f6kmek ise ben de \u00f6yle yapt\u0131m; Ya\u015fad\u0131m yazd\u0131m, yazd\u0131klar\u0131mla ya\u015fad\u0131m.<span class=\"excerpt-hellip\"> [\u2026]<\/span><\/p>\n","protected":false},"featured_media":0,"template":"","meta":{"_monsterinsights_skip_tracking":false,"_monsterinsights_sitenote_active":false,"_monsterinsights_sitenote_note":"","_monsterinsights_sitenote_category":0},"product_brand":[],"product_cat":[12291,12509],"product_tag":[],"class_list":{"0":"post-760813","1":"product","2":"type-product","3":"status-publish","5":"product_cat-edebiyat","6":"product_cat-siir","7":"pa_cilt-ciltsiz","8":"pa_tur-kitap","9":"pa_yayinevi-vova-yayinlari","10":"pa_yazar-selen-karagoz","12":"first","13":"instock","14":"sale","15":"shipping-taxable","16":"purchasable","17":"product-type-simple"},"_links":{"self":[{"href":"https:\/\/roveyayinevi.com.tr\/index.php\/wp-json\/wp\/v2\/product\/760813","targetHints":{"allow":["GET"]}}],"collection":[{"href":"https:\/\/roveyayinevi.com.tr\/index.php\/wp-json\/wp\/v2\/product"}],"about":[{"href":"https:\/\/roveyayinevi.com.tr\/index.php\/wp-json\/wp\/v2\/types\/product"}],"wp:attachment":[{"href":"https:\/\/roveyayinevi.com.tr\/index.php\/wp-json\/wp\/v2\/media?parent=760813"}],"wp:term":[{"taxonomy":"product_brand","embeddable":true,"href":"https:\/\/roveyayinevi.com.tr\/index.php\/wp-json\/wp\/v2\/product_brand?post=760813"},{"taxonomy":"product_cat","embeddable":true,"href":"https:\/\/roveyayinevi.com.tr\/index.php\/wp-json\/wp\/v2\/product_cat?post=760813"},{"taxonomy":"product_tag","embeddable":true,"href":"https:\/\/roveyayinevi.com.tr\/index.php\/wp-json\/wp\/v2\/product_tag?post=760813"}],"curies":[{"name":"wp","href":"https:\/\/api.w.org\/{rel}","templated":true}]}}