{"id":760812,"date":"2025-08-28T09:17:27","date_gmt":"2025-08-28T06:17:27","guid":{"rendered":"https:\/\/roveyayinevi.com.tr\/index.php\/urun\/aydinlatma\/"},"modified":"2026-01-30T03:52:42","modified_gmt":"2026-01-30T00:52:42","slug":"aydinlatma","status":"publish","type":"product","link":"https:\/\/roveyayinevi.com.tr\/index.php\/urun\/aydinlatma\/","title":{"rendered":"Ayd\u0131nlatma"},"content":{"rendered":"<p>Hayat\u0131m boyunca binlerce kitap okudum. Kuran mealini 30 y\u0131ld\u0131r inceliyorum, Mesnevi&#8217;yi, Yunus Emre&#8217;yi,Mevlana&#8217;y\u0131, Hac\u0131 Bekta\u015f Veli&#8217;yi ve b\u00fct\u00fcn Anadolu evliyalar\u0131n\u0131 okudum. Yakla\u015f\u0131k 30 y\u0131l \u00f6nce bir kitapyazma iste\u011fi duydum, ancak kader bug\u00fcneymi\u015f. Kitab\u0131m\u0131z bir nasihat kitab\u0131d\u0131r ve i\u00e7inde y\u00fczlerce nasihatbulunmaktad\u0131r. Kitab\u0131m\u0131z Kuran endeksli. Yaz\u0131lan her c\u00fcmlenin ve kelimenin arkas\u0131nda ya\u015fanm\u0131\u015fl\u0131klarbulunmaktad\u0131r. \u0130n\u015fallah insanl\u0131k i\u00e7in faydal\u0131 olur.<\/p>\n","protected":false},"excerpt":{"rendered":"<p>Hayat\u0131m boyunca binlerce kitap okudum. Kuran mealini 30 y\u0131ld\u0131r inceliyorum, Mesnevi&#8217;yi, Yunus Emre&#8217;yi,Mevlana&#8217;y\u0131, Hac\u0131 Bekta\u015f Veli&#8217;yi ve b\u00fct\u00fcn Anadolu evliyalar\u0131n\u0131 okudum. Yakla\u015f\u0131k 30 y\u0131l \u00f6nce bir<span class=\"excerpt-hellip\"> [\u2026]<\/span><\/p>\n","protected":false},"featured_media":0,"template":"","meta":{"_monsterinsights_skip_tracking":false,"_monsterinsights_sitenote_active":false,"_monsterinsights_sitenote_note":"","_monsterinsights_sitenote_category":0},"product_brand":[],"product_cat":[12718],"product_tag":[],"class_list":{"0":"post-760812","1":"product","2":"type-product","3":"status-publish","5":"product_cat-din","6":"pa_cilt-ciltsiz","7":"pa_tur-kitap","8":"pa_yayinevi-vova-yayinlari","9":"pa_yazar-haktan-dobra","11":"first","12":"instock","13":"sale","14":"shipping-taxable","15":"purchasable","16":"product-type-simple"},"_links":{"self":[{"href":"https:\/\/roveyayinevi.com.tr\/index.php\/wp-json\/wp\/v2\/product\/760812","targetHints":{"allow":["GET"]}}],"collection":[{"href":"https:\/\/roveyayinevi.com.tr\/index.php\/wp-json\/wp\/v2\/product"}],"about":[{"href":"https:\/\/roveyayinevi.com.tr\/index.php\/wp-json\/wp\/v2\/types\/product"}],"wp:attachment":[{"href":"https:\/\/roveyayinevi.com.tr\/index.php\/wp-json\/wp\/v2\/media?parent=760812"}],"wp:term":[{"taxonomy":"product_brand","embeddable":true,"href":"https:\/\/roveyayinevi.com.tr\/index.php\/wp-json\/wp\/v2\/product_brand?post=760812"},{"taxonomy":"product_cat","embeddable":true,"href":"https:\/\/roveyayinevi.com.tr\/index.php\/wp-json\/wp\/v2\/product_cat?post=760812"},{"taxonomy":"product_tag","embeddable":true,"href":"https:\/\/roveyayinevi.com.tr\/index.php\/wp-json\/wp\/v2\/product_tag?post=760812"}],"curies":[{"name":"wp","href":"https:\/\/api.w.org\/{rel}","templated":true}]}}