{"id":760811,"date":"2025-08-28T09:17:25","date_gmt":"2025-08-28T06:17:25","guid":{"rendered":"https:\/\/roveyayinevi.com.tr\/index.php\/urun\/bir-gun-3\/"},"modified":"2025-10-13T09:58:18","modified_gmt":"2025-10-13T06:58:18","slug":"bir-gun-3","status":"publish","type":"product","link":"https:\/\/roveyayinevi.com.tr\/index.php\/urun\/bir-gun-3\/","title":{"rendered":"Bir G\u00fcn"},"content":{"rendered":"<p>Suskunlu\u011fun pek \u00e7ok anlam kazand\u0131\u011f\u0131 bir sevda bu; \u00e7\u00fcnk\u00fc \u201csusuyorsam bil ki, seni d\u00fc\u015f\u00fcn\u00fcyorumdur\u201d demi\u015fti ona &#8230; \u00dcniversite \u00f6\u011frencileri Yavuz ile Tu\u011f\u00e7e&#8217;nin a\u015fk\u0131n\u0131 anlat\u0131yor bu hikaye. 1999\u2019un yaz\u0131na denk gelen o birlikte ge\u00e7irebildikleri bir g\u00fcnlerini, Samsun&#8217;u mesken tutarak i\u015fliyor&#8230; \u00d6yle ki, Yavuz, \u015eehr-i Samsun&#8217;u daha ziyade Tu\u011f\u00e7e\u2019nin varl\u0131\u011f\u0131nda seviyor; onlar\u0131n sab\u0131r dolu sevdalar\u0131yla Samsun&#8217;un \u015fehir ruhu birbirini sar\u0131p sarmal\u0131yor. Ta\u015frada ya\u015fanan bir a\u015fk, alelade iki gencin hayalleriyle \u00f6r\u00fcl\u00fcyor. \u0130yi ama burada farkl\u0131 olan; bize vaat edilen ve bu kitab\u0131 okunas\u0131 k\u0131lan \u015fey ne? Nedir esas\u0131nda herkesin ya\u015fayabilece\u011fi bir sevday\u0131 m\u00fcstesna hale getiren? <\/p>\n","protected":false},"excerpt":{"rendered":"<p>Suskunlu\u011fun pek \u00e7ok anlam kazand\u0131\u011f\u0131 bir sevda bu; \u00e7\u00fcnk\u00fc \u201csusuyorsam bil ki, seni d\u00fc\u015f\u00fcn\u00fcyorumdur\u201d demi\u015fti ona &#8230; \u00dcniversite \u00f6\u011frencileri Yavuz ile Tu\u011f\u00e7e&#8217;nin a\u015fk\u0131n\u0131 anlat\u0131yor bu hikaye.<span class=\"excerpt-hellip\"> [\u2026]<\/span><\/p>\n","protected":false},"featured_media":0,"template":"","meta":{"_monsterinsights_skip_tracking":false,"_monsterinsights_sitenote_active":false,"_monsterinsights_sitenote_note":"","_monsterinsights_sitenote_category":0},"product_brand":[],"product_cat":[12291,18202],"product_tag":[],"class_list":{"0":"post-760811","1":"product","2":"type-product","3":"status-publish","5":"product_cat-edebiyat","6":"product_cat-hikaye","7":"pa_cilt-ciltsiz","8":"pa_tur-kitap","9":"pa_yayinevi-eflatun-kitaplar","10":"pa_yazar-mehmet-yilmaz","12":"first","13":"instock","14":"sale","15":"shipping-taxable","16":"purchasable","17":"product-type-simple"},"_links":{"self":[{"href":"https:\/\/roveyayinevi.com.tr\/index.php\/wp-json\/wp\/v2\/product\/760811","targetHints":{"allow":["GET"]}}],"collection":[{"href":"https:\/\/roveyayinevi.com.tr\/index.php\/wp-json\/wp\/v2\/product"}],"about":[{"href":"https:\/\/roveyayinevi.com.tr\/index.php\/wp-json\/wp\/v2\/types\/product"}],"wp:attachment":[{"href":"https:\/\/roveyayinevi.com.tr\/index.php\/wp-json\/wp\/v2\/media?parent=760811"}],"wp:term":[{"taxonomy":"product_brand","embeddable":true,"href":"https:\/\/roveyayinevi.com.tr\/index.php\/wp-json\/wp\/v2\/product_brand?post=760811"},{"taxonomy":"product_cat","embeddable":true,"href":"https:\/\/roveyayinevi.com.tr\/index.php\/wp-json\/wp\/v2\/product_cat?post=760811"},{"taxonomy":"product_tag","embeddable":true,"href":"https:\/\/roveyayinevi.com.tr\/index.php\/wp-json\/wp\/v2\/product_tag?post=760811"}],"curies":[{"name":"wp","href":"https:\/\/api.w.org\/{rel}","templated":true}]}}