{"id":760806,"date":"2025-08-28T09:17:15","date_gmt":"2025-08-28T06:17:15","guid":{"rendered":"https:\/\/roveyayinevi.com.tr\/index.php\/urun\/bira-tutkununun-el-kitabi-fleksi-kapak\/"},"modified":"2026-04-16T03:13:34","modified_gmt":"2026-04-16T00:13:34","slug":"bira-tutkununun-el-kitabi-fleksi-kapak","status":"publish","type":"product","link":"https:\/\/roveyayinevi.com.tr\/index.php\/urun\/bira-tutkununun-el-kitabi-fleksi-kapak\/","title":{"rendered":"Bira Tutkununun El Kitab\u0131 (Fleksi Kapak)"},"content":{"rendered":"<p>Bira Nedir?   Herkesin bu soruya verecek bir cevab\u0131 vard\u0131r. Peki ya y\u00fczy\u0131llard\u0131r t\u00fcketilen bu i\u00e7kinin nas\u0131l ortaya \u00e7\u0131kt\u0131\u011f\u0131n\u0131 biliyor musunuz? Hangi malzemelerle \u00fcretildi\u011fini? \u0130yi biray\u0131 nas\u0131l tan\u0131rs\u0131n\u0131z? Bira tutkunlar\u0131na \u00f6zel bu el kitab\u0131, evde bira yapmak isteyenler, gurme bira ele\u015ftirmenleri veya biray\u0131 bardakta i\u00e7meyi seven herkes i\u00e7in m\u00fckemmel bir hediyedir. Tatbilir bira uzmanlar\u0131 veya birayla yeni tan\u0131\u015fanlar, bu kitap sayesinde d\u00fcnyan\u0131n en sevilen i\u00e7ece\u011fi hakk\u0131nda bilinmesi gereken hemen hemen her \u015feyi \u00f6\u011freneceksiniz. \u0130ster hafif biralar\u0131 ister doyurucu biralar\u0131 tercih edin, her t\u00fcrden bira tutkunu i\u00e7in bilgiler, nas\u0131l yap\u0131l\u0131r \u00f6nerileri ve biraya dair di\u011fer incelikli detaylara ula\u015fabilece\u011finiz bu kitap tam size g\u00f6re!  \u2022 Bir Profesyonel Gibi Biran\u0131n Tad\u0131na Nas\u0131l Bak\u0131l\u0131r?\u2022 Bira Nas\u0131l Saklan\u0131r?\u2022 Biray\u0131 Yemekle Nas\u0131l E\u015fle\u015ftirirsiniz?\u2022 Bira Tad\u0131m\u0131 Nas\u0131l D\u00fczenlenir?\u2022 Hangi Bardakla Hangi Bira \u0130\u00e7ilir?  Bira Tutkununun El Kitab\u0131, t\u00fcm bu sorular ba\u015fta olmak\u00fczere biran\u0131n keyifli d\u00fcnyas\u0131na dairbir\u00e7ok bilgi sunuyor.  <\/p>\n","protected":false},"excerpt":{"rendered":"<p>Bira Nedir? Herkesin bu soruya verecek bir cevab\u0131 vard\u0131r. Peki ya y\u00fczy\u0131llard\u0131r t\u00fcketilen bu i\u00e7kinin nas\u0131l ortaya \u00e7\u0131kt\u0131\u011f\u0131n\u0131 biliyor musunuz? Hangi malzemelerle \u00fcretildi\u011fini? \u0130yi biray\u0131 nas\u0131l<span class=\"excerpt-hellip\"> [\u2026]<\/span><\/p>\n","protected":false},"featured_media":0,"template":"","meta":{"_monsterinsights_skip_tracking":false,"_monsterinsights_sitenote_active":false,"_monsterinsights_sitenote_note":"","_monsterinsights_sitenote_category":0},"product_brand":[],"product_cat":[77985,12457],"product_tag":[],"class_list":{"0":"post-760806","1":"product","2":"type-product","3":"status-publish","5":"product_cat-kokteyl-ve-icki-kitaplari","6":"product_cat-yemek-kitaplari","7":"pa_cilt-ciltsiz","8":"pa_tur-kitap","9":"pa_yayinevi-epsilon-yayinlari","10":"pa_yazar-ellen-goldstein","12":"first","13":"instock","14":"sale","15":"shipping-taxable","16":"purchasable","17":"product-type-simple"},"_links":{"self":[{"href":"https:\/\/roveyayinevi.com.tr\/index.php\/wp-json\/wp\/v2\/product\/760806","targetHints":{"allow":["GET"]}}],"collection":[{"href":"https:\/\/roveyayinevi.com.tr\/index.php\/wp-json\/wp\/v2\/product"}],"about":[{"href":"https:\/\/roveyayinevi.com.tr\/index.php\/wp-json\/wp\/v2\/types\/product"}],"wp:attachment":[{"href":"https:\/\/roveyayinevi.com.tr\/index.php\/wp-json\/wp\/v2\/media?parent=760806"}],"wp:term":[{"taxonomy":"product_brand","embeddable":true,"href":"https:\/\/roveyayinevi.com.tr\/index.php\/wp-json\/wp\/v2\/product_brand?post=760806"},{"taxonomy":"product_cat","embeddable":true,"href":"https:\/\/roveyayinevi.com.tr\/index.php\/wp-json\/wp\/v2\/product_cat?post=760806"},{"taxonomy":"product_tag","embeddable":true,"href":"https:\/\/roveyayinevi.com.tr\/index.php\/wp-json\/wp\/v2\/product_tag?post=760806"}],"curies":[{"name":"wp","href":"https:\/\/api.w.org\/{rel}","templated":true}]}}