{"id":760805,"date":"2025-08-28T09:17:13","date_gmt":"2025-08-28T06:17:13","guid":{"rendered":"https:\/\/roveyayinevi.com.tr\/index.php\/urun\/4-gun-3-gece\/"},"modified":"2026-04-01T03:18:06","modified_gmt":"2026-04-01T00:18:06","slug":"4-gun-3-gece","status":"publish","type":"product","link":"https:\/\/roveyayinevi.com.tr\/index.php\/urun\/4-gun-3-gece\/","title":{"rendered":"4 G\u00fcn 3 Gece"},"content":{"rendered":"<p>\u201cGece ertesi sabaha kavu\u015ftu\u011funda T\u00fcrkiye Cumhuriyeti\u2019nde yeni bir d\u00f6nem ba\u015flam\u0131\u015ft\u0131.\u201d 27 May\u0131s 1960. \u00dclkedeki t\u00fcm vatanda\u015flar asker\u00ee darbe haberiyle uyan\u0131yor sabaha. Sokaklarda tanklar, radyodan y\u00fckselen b\u00fcltenler, d\u00fc\u015fmeyen telefonlar, ula\u015f\u0131lamayan dostlar&#8230; Usta romanc\u0131 Ay\u015fe Kulin, tek mek\u00e2nda kurgulad\u0131\u011f\u0131 ve d\u00f6rt g\u00fcn \u00fc\u00e7 gecelik bir zaman dilimini kapsayan roman\u0131nda, 1960 darbesini, okurunu s\u0131radan g\u00f6r\u00fcnen ama i\u00e7inde hi\u00e7 de s\u0131radan olaylar ya\u015fanmayan bir apartman dairesine konuk ederek anlat\u0131yor. Her ayr\u0131nt\u0131s\u0131 incelikle i\u015flenmi\u015f D\u00f6rt G\u00fcn \u00dc\u00e7 Gece, T\u00fcrkiye Cumhuriyeti tarihinin unutulmaz hadiselerinden birine farkl\u0131 bir y\u00f6ntemle, a\u015fkla, ayna tutuyor. <\/p>\n","protected":false},"excerpt":{"rendered":"<p>\u201cGece ertesi sabaha kavu\u015ftu\u011funda T\u00fcrkiye Cumhuriyeti\u2019nde yeni bir d\u00f6nem ba\u015flam\u0131\u015ft\u0131.\u201d 27 May\u0131s 1960. \u00dclkedeki t\u00fcm vatanda\u015flar asker\u00ee darbe haberiyle uyan\u0131yor sabaha. Sokaklarda tanklar, radyodan y\u00fckselen b\u00fcltenler,<span class=\"excerpt-hellip\"> [\u2026]<\/span><\/p>\n","protected":false},"featured_media":0,"template":"","meta":{"_monsterinsights_skip_tracking":false,"_monsterinsights_sitenote_active":false,"_monsterinsights_sitenote_note":"","_monsterinsights_sitenote_category":0},"product_brand":[],"product_cat":[12291,12711],"product_tag":[],"class_list":{"0":"post-760805","1":"product","2":"type-product","3":"status-publish","5":"product_cat-edebiyat","6":"product_cat-roman-oyku","7":"pa_cilt-ciltsiz","8":"pa_tur-kitap","9":"pa_yayinevi-everest-yayinlari","10":"pa_yazar-ayse-kulin","12":"first","13":"instock","14":"sale","15":"shipping-taxable","16":"purchasable","17":"product-type-simple"},"_links":{"self":[{"href":"https:\/\/roveyayinevi.com.tr\/index.php\/wp-json\/wp\/v2\/product\/760805","targetHints":{"allow":["GET"]}}],"collection":[{"href":"https:\/\/roveyayinevi.com.tr\/index.php\/wp-json\/wp\/v2\/product"}],"about":[{"href":"https:\/\/roveyayinevi.com.tr\/index.php\/wp-json\/wp\/v2\/types\/product"}],"wp:attachment":[{"href":"https:\/\/roveyayinevi.com.tr\/index.php\/wp-json\/wp\/v2\/media?parent=760805"}],"wp:term":[{"taxonomy":"product_brand","embeddable":true,"href":"https:\/\/roveyayinevi.com.tr\/index.php\/wp-json\/wp\/v2\/product_brand?post=760805"},{"taxonomy":"product_cat","embeddable":true,"href":"https:\/\/roveyayinevi.com.tr\/index.php\/wp-json\/wp\/v2\/product_cat?post=760805"},{"taxonomy":"product_tag","embeddable":true,"href":"https:\/\/roveyayinevi.com.tr\/index.php\/wp-json\/wp\/v2\/product_tag?post=760805"}],"curies":[{"name":"wp","href":"https:\/\/api.w.org\/{rel}","templated":true}]}}