{"id":760795,"date":"2025-08-28T09:16:51","date_gmt":"2025-08-28T06:16:51","guid":{"rendered":"https:\/\/roveyayinevi.com.tr\/index.php\/urun\/endise-artik-yonetim-bende\/"},"modified":"2026-04-16T03:13:34","modified_gmt":"2026-04-16T00:13:34","slug":"endise-artik-yonetim-bende","status":"publish","type":"product","link":"https:\/\/roveyayinevi.com.tr\/index.php\/urun\/endise-artik-yonetim-bende\/","title":{"rendered":"\u201cEndi\u015fe, Art\u0131k Y\u00f6netim Bende!\u201d"},"content":{"rendered":"<p>Bu kitap, endi\u015fe bozuklu\u011funun tedavisine yard\u0131mc\u0131 olabilmek ama\u00e7l\u0131 haz\u0131rlanm\u0131\u015ft\u0131r. Bili\u015fsel davran\u0131\u015f\u00e7\u0131 terapinin ilkeleri \u0131\u015f\u0131\u011f\u0131nda haz\u0131rlanan bu kitab\u0131 okurken terapistin tedavisi temel al\u0131nmal\u0131 ve uygulanan terapi ya da ila\u00e7 tedavisi \u00f6ncelikli olmal\u0131d\u0131r. Endi\u015fe bozuklu\u011fu tedavisinde \u00e7ocu\u011fa, anne-babaya ve \u00f6\u011fretmen gibi \u00e7ocu\u011fa yak\u0131n olan bireylere rehberlik etmesi i\u00e7in haz\u0131rlanan bu kitap endi\u015fe bozuklu\u011fu ile ilgili sava\u015fta elinizin g\u00fc\u00e7lenmesini sa\u011flayacakt\u0131r. <\/p>\n","protected":false},"excerpt":{"rendered":"<p>Bu kitap, endi\u015fe bozuklu\u011funun tedavisine yard\u0131mc\u0131 olabilmek ama\u00e7l\u0131 haz\u0131rlanm\u0131\u015ft\u0131r. Bili\u015fsel davran\u0131\u015f\u00e7\u0131 terapinin ilkeleri \u0131\u015f\u0131\u011f\u0131nda haz\u0131rlanan bu kitab\u0131 okurken terapistin tedavisi temel al\u0131nmal\u0131 ve uygulanan terapi ya<span class=\"excerpt-hellip\"> [\u2026]<\/span><\/p>\n","protected":false},"featured_media":0,"template":"","meta":{"_monsterinsights_skip_tracking":false,"_monsterinsights_sitenote_active":false,"_monsterinsights_sitenote_note":"","_monsterinsights_sitenote_category":0},"product_brand":[],"product_cat":[12357],"product_tag":[],"class_list":{"0":"post-760795","1":"product","2":"type-product","3":"status-publish","5":"product_cat-psikoloji","6":"pa_cilt-ciltsiz","7":"pa_tur-kitap","8":"pa_yayinevi-efil-yayinevi","9":"pa_yazar-nursu-cakin-memik-ozlem-yildiz-gundogdu","11":"first","12":"instock","13":"sale","14":"shipping-taxable","15":"purchasable","16":"product-type-simple"},"_links":{"self":[{"href":"https:\/\/roveyayinevi.com.tr\/index.php\/wp-json\/wp\/v2\/product\/760795","targetHints":{"allow":["GET"]}}],"collection":[{"href":"https:\/\/roveyayinevi.com.tr\/index.php\/wp-json\/wp\/v2\/product"}],"about":[{"href":"https:\/\/roveyayinevi.com.tr\/index.php\/wp-json\/wp\/v2\/types\/product"}],"wp:attachment":[{"href":"https:\/\/roveyayinevi.com.tr\/index.php\/wp-json\/wp\/v2\/media?parent=760795"}],"wp:term":[{"taxonomy":"product_brand","embeddable":true,"href":"https:\/\/roveyayinevi.com.tr\/index.php\/wp-json\/wp\/v2\/product_brand?post=760795"},{"taxonomy":"product_cat","embeddable":true,"href":"https:\/\/roveyayinevi.com.tr\/index.php\/wp-json\/wp\/v2\/product_cat?post=760795"},{"taxonomy":"product_tag","embeddable":true,"href":"https:\/\/roveyayinevi.com.tr\/index.php\/wp-json\/wp\/v2\/product_tag?post=760795"}],"curies":[{"name":"wp","href":"https:\/\/api.w.org\/{rel}","templated":true}]}}