{"id":760794,"date":"2025-08-28T09:16:48","date_gmt":"2025-08-28T06:16:48","guid":{"rendered":"https:\/\/roveyayinevi.com.tr\/index.php\/urun\/lavare-cimri-fransizca\/"},"modified":"2026-04-16T03:13:34","modified_gmt":"2026-04-16T00:13:34","slug":"lavare-cimri-fransizca","status":"publish","type":"product","link":"https:\/\/roveyayinevi.com.tr\/index.php\/urun\/lavare-cimri-fransizca\/","title":{"rendered":"L&#8217;avare \/ Cimri (Frans\u0131zca)"},"content":{"rendered":"<p>\u201cVAL\u00c8RE. H\u00e9 quoi, charmante \u00c9lise, vous devenez m\u00e9lancolique, apr\u00e8s les obligeantes assurances que vous avez eu la bont\u00e9 de me donner de votre foi? Je vous vois soupirer, h\u00e9las, au milieu de ma joie! Est-ce du regret, dites-moi, de m&#8217;avoir fait heureux? Et vous repentez-vous de cet engagement o\u00f9 mes feux ont pu vous contraindre?\u201d L&#8217;oeuvre immortelle de Moli\u00e8re L&#8217;avare dans sa langue d&#8217;origine&#8230;<\/p>\n","protected":false},"excerpt":{"rendered":"<p>\u201cVAL\u00c8RE. H\u00e9 quoi, charmante \u00c9lise, vous devenez m\u00e9lancolique, apr\u00e8s les obligeantes assurances que vous avez eu la bont\u00e9 de me donner de votre foi? Je vous<span class=\"excerpt-hellip\"> [\u2026]<\/span><\/p>\n","protected":false},"featured_media":0,"template":"","meta":{"_monsterinsights_skip_tracking":false,"_monsterinsights_sitenote_active":false,"_monsterinsights_sitenote_note":"","_monsterinsights_sitenote_category":0},"product_brand":[],"product_cat":[12291,12711],"product_tag":[],"class_list":{"0":"post-760794","1":"product","2":"type-product","3":"status-publish","5":"product_cat-edebiyat","6":"product_cat-roman-oyku","7":"pa_cilt-ciltsiz","8":"pa_tur-kitap","9":"pa_yayinevi-sapiens-yayinlari","10":"pa_yazar-moliere","12":"first","13":"instock","14":"sale","15":"shipping-taxable","16":"purchasable","17":"product-type-simple"},"_links":{"self":[{"href":"https:\/\/roveyayinevi.com.tr\/index.php\/wp-json\/wp\/v2\/product\/760794","targetHints":{"allow":["GET"]}}],"collection":[{"href":"https:\/\/roveyayinevi.com.tr\/index.php\/wp-json\/wp\/v2\/product"}],"about":[{"href":"https:\/\/roveyayinevi.com.tr\/index.php\/wp-json\/wp\/v2\/types\/product"}],"wp:attachment":[{"href":"https:\/\/roveyayinevi.com.tr\/index.php\/wp-json\/wp\/v2\/media?parent=760794"}],"wp:term":[{"taxonomy":"product_brand","embeddable":true,"href":"https:\/\/roveyayinevi.com.tr\/index.php\/wp-json\/wp\/v2\/product_brand?post=760794"},{"taxonomy":"product_cat","embeddable":true,"href":"https:\/\/roveyayinevi.com.tr\/index.php\/wp-json\/wp\/v2\/product_cat?post=760794"},{"taxonomy":"product_tag","embeddable":true,"href":"https:\/\/roveyayinevi.com.tr\/index.php\/wp-json\/wp\/v2\/product_tag?post=760794"}],"curies":[{"name":"wp","href":"https:\/\/api.w.org\/{rel}","templated":true}]}}