{"id":760793,"date":"2025-08-28T09:16:46","date_gmt":"2025-08-28T06:16:46","guid":{"rendered":"https:\/\/roveyayinevi.com.tr\/index.php\/urun\/geri-zekalilar-arasinda-hayatta-kalma-rehberi\/"},"modified":"2026-03-12T03:23:19","modified_gmt":"2026-03-12T00:23:19","slug":"geri-zekalilar-arasinda-hayatta-kalma-rehberi","status":"publish","type":"product","link":"https:\/\/roveyayinevi.com.tr\/index.php\/urun\/geri-zekalilar-arasinda-hayatta-kalma-rehberi\/","title":{"rendered":"Geri Zekal\u0131lar Aras\u0131nda Hayatta Kalma Rehberi"},"content":{"rendered":"<p>D\u00fczg\u00fcn insanlar\u0131n e\u011flenmeye hakk\u0131 yok mu, hem de bunca geri zekal\u0131ya ra\u011fmen? Kitab\u0131n giri\u015f kavram\u0131 ile ba\u015flayal\u0131m: \u201cBaz\u0131lar\u0131 size bilgi y\u00fckl\u00fc e\u015fek oldu\u011funu da, para y\u00fckl\u00fc e\u015fek oldu\u011funu da g\u00f6sterecek!\u201d devam ediyoruz. Her yerde g\u00f6z\u00fcm\u00fcze sokulan an\u0131nda, birden, damdan d\u00fc\u015fer gibi ba\u015far\u0131, mutluluk vaat eden kapital kelimecikler, kavramc\u0131klar sunarak yoluyorlar. \u00c7o\u011fu birbirine benzer insanlar\u0131n ho\u015funa giden ama sonu\u00e7 al\u0131namayan \u00e7ocuk zeka d\u00fczeyi \u00f6\u011fretiler. Halbuki insan\u0131 bilin\u00e7lendirmek daha zekice de\u011fil mi? \u0130nsanlar \u015funu g\u00f6rmeli art\u0131k: Bilgilendirene de\u011fil, e\u011flendirene olanak sunuluyor. \u0130nsan\u0131m\u0131z \u015funu hi\u00e7 d\u00fc\u015f\u00fcnd\u00fc m\u00fc: \u201cBunca ak\u0131ll\u0131 s\u00f6ylemlerde bulunuyorlar, yani konu\u015furken herkes ak\u0131ll\u0131 ama hayat\u0131 neden zor?\u201d \u0130nsanlar\u0131n hayatlar\u0131n\u0131 kolayla\u015ft\u0131r\u0131c\u0131 bilgilerden pek ho\u015flanmad\u0131\u011f\u0131 do\u011frudur. \u0130yi de antideprasan oran\u0131na bak\u0131n\u0131z, fazla de\u011fil mi? Halbuki insanlar\u0131n inan\u00e7 ve d\u00fc\u015f\u00fcncelerinin hayatlar\u0131n\u0131 kolayla\u015ft\u0131rmas\u0131 gerekmez mi? <\/p>\n","protected":false},"excerpt":{"rendered":"<p>D\u00fczg\u00fcn insanlar\u0131n e\u011flenmeye hakk\u0131 yok mu, hem de bunca geri zekal\u0131ya ra\u011fmen? Kitab\u0131n giri\u015f kavram\u0131 ile ba\u015flayal\u0131m: \u201cBaz\u0131lar\u0131 size bilgi y\u00fckl\u00fc e\u015fek oldu\u011funu da, para y\u00fckl\u00fc<span class=\"excerpt-hellip\"> [\u2026]<\/span><\/p>\n","protected":false},"featured_media":0,"template":"","meta":{"_monsterinsights_skip_tracking":false,"_monsterinsights_sitenote_active":false,"_monsterinsights_sitenote_note":"","_monsterinsights_sitenote_category":0},"product_brand":[],"product_cat":[18545,12291],"product_tag":[],"class_list":{"0":"post-760793","1":"product","2":"type-product","3":"status-publish","5":"product_cat-anlati","6":"product_cat-edebiyat","7":"pa_cilt-ciltsiz","8":"pa_tur-kitap","9":"pa_yayinevi-kirmizi-cati-yayinlari","10":"pa_yazar-zekeriya-besirli","12":"first","13":"instock","14":"sale","15":"shipping-taxable","16":"purchasable","17":"product-type-simple"},"_links":{"self":[{"href":"https:\/\/roveyayinevi.com.tr\/index.php\/wp-json\/wp\/v2\/product\/760793","targetHints":{"allow":["GET"]}}],"collection":[{"href":"https:\/\/roveyayinevi.com.tr\/index.php\/wp-json\/wp\/v2\/product"}],"about":[{"href":"https:\/\/roveyayinevi.com.tr\/index.php\/wp-json\/wp\/v2\/types\/product"}],"wp:attachment":[{"href":"https:\/\/roveyayinevi.com.tr\/index.php\/wp-json\/wp\/v2\/media?parent=760793"}],"wp:term":[{"taxonomy":"product_brand","embeddable":true,"href":"https:\/\/roveyayinevi.com.tr\/index.php\/wp-json\/wp\/v2\/product_brand?post=760793"},{"taxonomy":"product_cat","embeddable":true,"href":"https:\/\/roveyayinevi.com.tr\/index.php\/wp-json\/wp\/v2\/product_cat?post=760793"},{"taxonomy":"product_tag","embeddable":true,"href":"https:\/\/roveyayinevi.com.tr\/index.php\/wp-json\/wp\/v2\/product_tag?post=760793"}],"curies":[{"name":"wp","href":"https:\/\/api.w.org\/{rel}","templated":true}]}}