{"id":760791,"date":"2025-08-28T09:16:43","date_gmt":"2025-08-28T06:16:43","guid":{"rendered":"https:\/\/roveyayinevi.com.tr\/index.php\/urun\/le-chef-doeuvre-inconnu-gizli-basyapit-fransizca\/"},"modified":"2026-04-16T03:13:34","modified_gmt":"2026-04-16T00:13:34","slug":"le-chef-doeuvre-inconnu-gizli-basyapit-fransizca","status":"publish","type":"product","link":"https:\/\/roveyayinevi.com.tr\/index.php\/urun\/le-chef-doeuvre-inconnu-gizli-basyapit-fransizca\/","title":{"rendered":"Le Chef-d\u2019\u0153uvre \u0130nconnu \/Gizli Ba\u015fyap\u0131t (Frans\u0131zca)"},"content":{"rendered":"<p>\u201cVers la fin de l\u2019ann\u00e9e 1612, par une froide matin\u00e9e de d\u00e9cembre, un jeune homme dont le v\u00eatement \u00e9tait de tr\u00e8s mince apparence, se promenait devant la porte d\u2019une maison situ\u00e9e rue des Grands-Augustins, \u00e0 Paris. Apr\u00e8s avoir assez longtemps march\u00e9 dans cette rue avec l\u2019irr\u00e9solution d\u2019un amant qui n\u2019ose se pr\u00e9senter chez sa premi\u00e8re ma\u00eetresse, quelque facile qu\u2019elle soit, il finit par franchir le seuil de cette porte, et demanda si ma\u00eetre Fran\u00e7ois PORBUS \u00e9tait en son logis.\u201d L&#8217;oeuvre immortelle de Balzac Le Chef-d\u2019oeuvre Inconnu dans sa langue d&#8217;origine&#8230; <\/p>\n","protected":false},"excerpt":{"rendered":"<p>\u201cVers la fin de l\u2019ann\u00e9e 1612, par une froide matin\u00e9e de d\u00e9cembre, un jeune homme dont le v\u00eatement \u00e9tait de tr\u00e8s mince apparence, se promenait devant<span class=\"excerpt-hellip\"> [\u2026]<\/span><\/p>\n","protected":false},"featured_media":0,"template":"","meta":{"_monsterinsights_skip_tracking":false,"_monsterinsights_sitenote_active":false,"_monsterinsights_sitenote_note":"","_monsterinsights_sitenote_category":0},"product_brand":[],"product_cat":[12291,12711],"product_tag":[],"class_list":{"0":"post-760791","1":"product","2":"type-product","3":"status-publish","5":"product_cat-edebiyat","6":"product_cat-roman-oyku","7":"pa_cilt-ciltsiz","8":"pa_tur-kitap","9":"pa_yayinevi-sapiens-yayinlari","10":"pa_yazar-honore-de-balzac","12":"first","13":"instock","14":"sale","15":"shipping-taxable","16":"purchasable","17":"product-type-simple"},"_links":{"self":[{"href":"https:\/\/roveyayinevi.com.tr\/index.php\/wp-json\/wp\/v2\/product\/760791","targetHints":{"allow":["GET"]}}],"collection":[{"href":"https:\/\/roveyayinevi.com.tr\/index.php\/wp-json\/wp\/v2\/product"}],"about":[{"href":"https:\/\/roveyayinevi.com.tr\/index.php\/wp-json\/wp\/v2\/types\/product"}],"wp:attachment":[{"href":"https:\/\/roveyayinevi.com.tr\/index.php\/wp-json\/wp\/v2\/media?parent=760791"}],"wp:term":[{"taxonomy":"product_brand","embeddable":true,"href":"https:\/\/roveyayinevi.com.tr\/index.php\/wp-json\/wp\/v2\/product_brand?post=760791"},{"taxonomy":"product_cat","embeddable":true,"href":"https:\/\/roveyayinevi.com.tr\/index.php\/wp-json\/wp\/v2\/product_cat?post=760791"},{"taxonomy":"product_tag","embeddable":true,"href":"https:\/\/roveyayinevi.com.tr\/index.php\/wp-json\/wp\/v2\/product_tag?post=760791"}],"curies":[{"name":"wp","href":"https:\/\/api.w.org\/{rel}","templated":true}]}}