{"id":760788,"date":"2025-08-28T09:16:37","date_gmt":"2025-08-28T06:16:37","guid":{"rendered":"https:\/\/roveyayinevi.com.tr\/index.php\/urun\/du-contrat-social-toplum-sozlesmesi-fransizca\/"},"modified":"2026-04-12T03:17:31","modified_gmt":"2026-04-12T00:17:31","slug":"du-contrat-social-toplum-sozlesmesi-fransizca","status":"publish","type":"product","link":"https:\/\/roveyayinevi.com.tr\/index.php\/urun\/du-contrat-social-toplum-sozlesmesi-fransizca\/","title":{"rendered":"Du Contrat Social \/ Toplum S\u00f6zle\u015fmesi (Frans\u0131zca)"},"content":{"rendered":"<p>\u201cJe veux chercher si dans l\u2019ordre civil il peut y avoir quelque r\u00e8gle d\u2019administration l\u00e9gitime et s\u00fbre, en prenant les hommes tels qu\u2019ils sont, et les lois telles qu\u2019elles peuvent \u00eatre: je t\u00e2cherai d\u2019allier toujours, dans cette recherche ce que le droit permet avec ce que l\u2019int\u00e9r\u00eat prescrit, afin que la justice et l\u2019utilit\u00e9 ne se trouvent point divis\u00e9es.\u201d L&#8217;oeuvre immortelle de Jean-Jacques Rousseau Du Contrat Social dans sa langue d&#8217;origine.. <\/p>\n","protected":false},"excerpt":{"rendered":"<p>\u201cJe veux chercher si dans l\u2019ordre civil il peut y avoir quelque r\u00e8gle d\u2019administration l\u00e9gitime et s\u00fbre, en prenant les hommes tels qu\u2019ils sont, et les<span class=\"excerpt-hellip\"> [\u2026]<\/span><\/p>\n","protected":false},"featured_media":0,"template":"","meta":{"_monsterinsights_skip_tracking":false,"_monsterinsights_sitenote_active":false,"_monsterinsights_sitenote_note":"","_monsterinsights_sitenote_category":0},"product_brand":[],"product_cat":[12291,12711],"product_tag":[],"class_list":{"0":"post-760788","1":"product","2":"type-product","3":"status-publish","5":"product_cat-edebiyat","6":"product_cat-roman-oyku","7":"pa_cilt-ciltsiz","8":"pa_tur-kitap","9":"pa_yayinevi-sapiens-yayinlari","10":"pa_yazar-jean-jacques-rousseau","12":"first","13":"instock","14":"sale","15":"shipping-taxable","16":"purchasable","17":"product-type-simple"},"_links":{"self":[{"href":"https:\/\/roveyayinevi.com.tr\/index.php\/wp-json\/wp\/v2\/product\/760788","targetHints":{"allow":["GET"]}}],"collection":[{"href":"https:\/\/roveyayinevi.com.tr\/index.php\/wp-json\/wp\/v2\/product"}],"about":[{"href":"https:\/\/roveyayinevi.com.tr\/index.php\/wp-json\/wp\/v2\/types\/product"}],"wp:attachment":[{"href":"https:\/\/roveyayinevi.com.tr\/index.php\/wp-json\/wp\/v2\/media?parent=760788"}],"wp:term":[{"taxonomy":"product_brand","embeddable":true,"href":"https:\/\/roveyayinevi.com.tr\/index.php\/wp-json\/wp\/v2\/product_brand?post=760788"},{"taxonomy":"product_cat","embeddable":true,"href":"https:\/\/roveyayinevi.com.tr\/index.php\/wp-json\/wp\/v2\/product_cat?post=760788"},{"taxonomy":"product_tag","embeddable":true,"href":"https:\/\/roveyayinevi.com.tr\/index.php\/wp-json\/wp\/v2\/product_tag?post=760788"}],"curies":[{"name":"wp","href":"https:\/\/api.w.org\/{rel}","templated":true}]}}