{"id":760787,"date":"2025-08-28T09:16:35","date_gmt":"2025-08-28T06:16:35","guid":{"rendered":"https:\/\/roveyayinevi.com.tr\/index.php\/urun\/le-philosophe-ignorant-cahil-filozof-fransizca\/"},"modified":"2026-04-16T03:13:34","modified_gmt":"2026-04-16T00:13:34","slug":"le-philosophe-ignorant-cahil-filozof-fransizca","status":"publish","type":"product","link":"https:\/\/roveyayinevi.com.tr\/index.php\/urun\/le-philosophe-ignorant-cahil-filozof-fransizca\/","title":{"rendered":"Le Philosophe Ignorant \/ Cahil Filozof (Frans\u0131zca)"},"content":{"rendered":"<p>\u201cQui es-tu ? d\u2019o\u00f9 viens-tu? que fais-tu? que deviendras-tu? C\u2019est une question qu\u2019on doit faire \u00e0 tous les \u00eatres de l\u2019univers, mais \u00e0 laquelle nul ne nous r\u00e9pond. Je demande aux plantes quelle vertu les fait cro\u00eetre, et comment le m\u00eame terrain produit des fruits si divers. Ces \u00eatres insensibles et muets, quoique enrichis d\u2019une facult\u00e9 divine, me laissent \u00e0 mon ignorance et \u00e0 mes vaines conjectures.\u201d L&#8217;oeuvre immortelle de Voltaire Le Philosophe Ignorante dans sa langue d&#8217;origine&#8230; <\/p>\n","protected":false},"excerpt":{"rendered":"<p>\u201cQui es-tu ? d\u2019o\u00f9 viens-tu? que fais-tu? que deviendras-tu? C\u2019est une question qu\u2019on doit faire \u00e0 tous les \u00eatres de l\u2019univers, mais \u00e0 laquelle nul ne<span class=\"excerpt-hellip\"> [\u2026]<\/span><\/p>\n","protected":false},"featured_media":0,"template":"","meta":{"_monsterinsights_skip_tracking":false,"_monsterinsights_sitenote_active":false,"_monsterinsights_sitenote_note":"","_monsterinsights_sitenote_category":0},"product_brand":[],"product_cat":[12291,12711],"product_tag":[],"class_list":{"0":"post-760787","1":"product","2":"type-product","3":"status-publish","5":"product_cat-edebiyat","6":"product_cat-roman-oyku","7":"pa_cilt-ciltsiz","8":"pa_tur-kitap","9":"pa_yayinevi-sapiens-yayinlari","10":"pa_yazar-voltaire","12":"first","13":"instock","14":"sale","15":"shipping-taxable","16":"purchasable","17":"product-type-simple"},"_links":{"self":[{"href":"https:\/\/roveyayinevi.com.tr\/index.php\/wp-json\/wp\/v2\/product\/760787","targetHints":{"allow":["GET"]}}],"collection":[{"href":"https:\/\/roveyayinevi.com.tr\/index.php\/wp-json\/wp\/v2\/product"}],"about":[{"href":"https:\/\/roveyayinevi.com.tr\/index.php\/wp-json\/wp\/v2\/types\/product"}],"wp:attachment":[{"href":"https:\/\/roveyayinevi.com.tr\/index.php\/wp-json\/wp\/v2\/media?parent=760787"}],"wp:term":[{"taxonomy":"product_brand","embeddable":true,"href":"https:\/\/roveyayinevi.com.tr\/index.php\/wp-json\/wp\/v2\/product_brand?post=760787"},{"taxonomy":"product_cat","embeddable":true,"href":"https:\/\/roveyayinevi.com.tr\/index.php\/wp-json\/wp\/v2\/product_cat?post=760787"},{"taxonomy":"product_tag","embeddable":true,"href":"https:\/\/roveyayinevi.com.tr\/index.php\/wp-json\/wp\/v2\/product_tag?post=760787"}],"curies":[{"name":"wp","href":"https:\/\/api.w.org\/{rel}","templated":true}]}}