{"id":760781,"date":"2025-08-28T09:16:25","date_gmt":"2025-08-28T06:16:25","guid":{"rendered":"https:\/\/roveyayinevi.com.tr\/index.php\/urun\/cikolata-cocuklar\/"},"modified":"2026-04-16T03:13:33","modified_gmt":"2026-04-16T00:13:33","slug":"cikolata-cocuklar","status":"publish","type":"product","link":"https:\/\/roveyayinevi.com.tr\/index.php\/urun\/cikolata-cocuklar\/","title":{"rendered":"\u00c7ikolata \u00c7ocuklar"},"content":{"rendered":"<p>S\u00fctl\u00fc, ailesi ile birlikte S\u00fctl\u00fc \u00c7ikolata K\u00f6y\u00fc\u2019nde ya\u015f\u0131yordu. \u00c7ok mutluydu ama bir dile\u011fi vard\u0131. Acaba farkl\u0131 \u00e7ikolatalar\u0131n okudu\u011fu okula gidebilir miydi? Bitter, Beyaz, F\u0131nd\u0131kl\u0131, \u00c7ilekli, Karamel\u2026 Hepsi birbirinden farkl\u0131 ve tatl\u0131yd\u0131. Bir g\u00fcn \u00c7ilekli\u2019nin ba\u015f\u0131na gelen k\u00fc\u00e7\u00fck bir kaza ile \u00e7ikolata \u00e7ocuklar, bir \u015feyi ke\u015ffettiler:   \u201cSEVG\u0130N\u0130N \u0130Y\u0130LE\u015eT\u0130R\u0130C\u0130 G\u00dcC\u00dcN\u00dc\u2026\u201d<\/p>\n","protected":false},"excerpt":{"rendered":"<p>S\u00fctl\u00fc, ailesi ile birlikte S\u00fctl\u00fc \u00c7ikolata K\u00f6y\u00fc\u2019nde ya\u015f\u0131yordu. \u00c7ok mutluydu ama bir dile\u011fi vard\u0131. Acaba farkl\u0131 \u00e7ikolatalar\u0131n okudu\u011fu okula gidebilir miydi? Bitter, Beyaz, F\u0131nd\u0131kl\u0131, \u00c7ilekli, Karamel\u2026<span class=\"excerpt-hellip\"> [\u2026]<\/span><\/p>\n","protected":false},"featured_media":0,"template":"","meta":{"_monsterinsights_skip_tracking":false,"_monsterinsights_sitenote_active":false,"_monsterinsights_sitenote_note":"","_monsterinsights_sitenote_category":0},"product_brand":[],"product_cat":[12274],"product_tag":[],"class_list":{"0":"post-760781","1":"product","2":"type-product","3":"status-publish","5":"product_cat-cocuk-ve-genclik-kitaplari","6":"pa_cilt-ciltsiz","7":"pa_tur-kitap","8":"pa_yayinevi-luna-cocuk-yayinlari","9":"pa_yazar-ozlem-kucukmehmetoglu","11":"first","12":"instock","13":"sale","14":"shipping-taxable","15":"purchasable","16":"product-type-simple"},"_links":{"self":[{"href":"https:\/\/roveyayinevi.com.tr\/index.php\/wp-json\/wp\/v2\/product\/760781","targetHints":{"allow":["GET"]}}],"collection":[{"href":"https:\/\/roveyayinevi.com.tr\/index.php\/wp-json\/wp\/v2\/product"}],"about":[{"href":"https:\/\/roveyayinevi.com.tr\/index.php\/wp-json\/wp\/v2\/types\/product"}],"wp:attachment":[{"href":"https:\/\/roveyayinevi.com.tr\/index.php\/wp-json\/wp\/v2\/media?parent=760781"}],"wp:term":[{"taxonomy":"product_brand","embeddable":true,"href":"https:\/\/roveyayinevi.com.tr\/index.php\/wp-json\/wp\/v2\/product_brand?post=760781"},{"taxonomy":"product_cat","embeddable":true,"href":"https:\/\/roveyayinevi.com.tr\/index.php\/wp-json\/wp\/v2\/product_cat?post=760781"},{"taxonomy":"product_tag","embeddable":true,"href":"https:\/\/roveyayinevi.com.tr\/index.php\/wp-json\/wp\/v2\/product_tag?post=760781"}],"curies":[{"name":"wp","href":"https:\/\/api.w.org\/{rel}","templated":true}]}}