{"id":760780,"date":"2025-08-28T09:16:23","date_gmt":"2025-08-28T06:16:23","guid":{"rendered":"https:\/\/roveyayinevi.com.tr\/index.php\/urun\/alayci-memo\/"},"modified":"2026-04-16T03:13:33","modified_gmt":"2026-04-16T00:13:33","slug":"alayci-memo","status":"publish","type":"product","link":"https:\/\/roveyayinevi.com.tr\/index.php\/urun\/alayci-memo\/","title":{"rendered":"Alayc\u0131 Memo"},"content":{"rendered":"<p>\u201cMemo, kazanma konusunda h\u0131rsl\u0131 ve arkada\u015flar\u0131yla alay etmenin e\u011flenceli oldu\u011funu d\u00fc\u015f\u00fcnen bir \u00e7ocukken, mitolojide ormanlar\u0131n koruyucusu olarak bilinen Pan ile kar\u015f\u0131la\u015f\u0131p empati kurmay\u0131 ve alay etmenin insanlar\u0131n kalbini nas\u0131l k\u0131rd\u0131\u011f\u0131n\u0131 \u00f6\u011frenir.   Kitap, \u00e7ocuklara empati kurmay\u0131, bizden farkl\u0131 \u00f6zelliklere sahip ki\u015filerle alay etmemeyi, onlara lakap takman\u0131n kalp k\u0131r\u0131c\u0131 oldu\u011funu e\u011flenceli ve \u00f6\u011fretici bir hik\u00e2ye ile anlat\u0131r.\u201d   G\u00f6k\u00e7em Elif YOLCU Psikolojik Dan\u0131\u015fman &#8211; Oyun Terapisti<\/p>\n","protected":false},"excerpt":{"rendered":"<p>\u201cMemo, kazanma konusunda h\u0131rsl\u0131 ve arkada\u015flar\u0131yla alay etmenin e\u011flenceli oldu\u011funu d\u00fc\u015f\u00fcnen bir \u00e7ocukken, mitolojide ormanlar\u0131n koruyucusu olarak bilinen Pan ile kar\u015f\u0131la\u015f\u0131p empati kurmay\u0131 ve alay etmenin<span class=\"excerpt-hellip\"> [\u2026]<\/span><\/p>\n","protected":false},"featured_media":0,"template":"","meta":{"_monsterinsights_skip_tracking":false,"_monsterinsights_sitenote_active":false,"_monsterinsights_sitenote_note":"","_monsterinsights_sitenote_category":0},"product_brand":[],"product_cat":[12274,12284],"product_tag":[],"class_list":{"0":"post-760780","1":"product","2":"type-product","3":"status-publish","5":"product_cat-cocuk-ve-genclik-kitaplari","6":"product_cat-hikayeler","7":"pa_cilt-ciltsiz","8":"pa_tur-kitap","9":"pa_yayinevi-luna-cocuk-yayinlari","10":"pa_yazar-cansu-basak-yalcinkaya","12":"first","13":"instock","14":"sale","15":"shipping-taxable","16":"purchasable","17":"product-type-simple"},"_links":{"self":[{"href":"https:\/\/roveyayinevi.com.tr\/index.php\/wp-json\/wp\/v2\/product\/760780","targetHints":{"allow":["GET"]}}],"collection":[{"href":"https:\/\/roveyayinevi.com.tr\/index.php\/wp-json\/wp\/v2\/product"}],"about":[{"href":"https:\/\/roveyayinevi.com.tr\/index.php\/wp-json\/wp\/v2\/types\/product"}],"wp:attachment":[{"href":"https:\/\/roveyayinevi.com.tr\/index.php\/wp-json\/wp\/v2\/media?parent=760780"}],"wp:term":[{"taxonomy":"product_brand","embeddable":true,"href":"https:\/\/roveyayinevi.com.tr\/index.php\/wp-json\/wp\/v2\/product_brand?post=760780"},{"taxonomy":"product_cat","embeddable":true,"href":"https:\/\/roveyayinevi.com.tr\/index.php\/wp-json\/wp\/v2\/product_cat?post=760780"},{"taxonomy":"product_tag","embeddable":true,"href":"https:\/\/roveyayinevi.com.tr\/index.php\/wp-json\/wp\/v2\/product_tag?post=760780"}],"curies":[{"name":"wp","href":"https:\/\/api.w.org\/{rel}","templated":true}]}}