{"id":760777,"date":"2025-08-28T09:16:16","date_gmt":"2025-08-28T06:16:16","guid":{"rendered":"https:\/\/roveyayinevi.com.tr\/index.php\/urun\/ucuz-romancilar\/"},"modified":"2025-12-30T11:23:56","modified_gmt":"2025-12-30T08:23:56","slug":"ucuz-romancilar","status":"publish","type":"product","link":"https:\/\/roveyayinevi.com.tr\/index.php\/urun\/ucuz-romancilar\/","title":{"rendered":"Ucuz Romanc\u0131lar"},"content":{"rendered":"<p>\u00dc\u00e7 romanc\u0131; Alper Can\u0131g\u00fcz, Emrah Serbes ve Murat Mente\u015f, yazar t\u0131kanmas\u0131ndan mustariptirler. -L\u00fcks i\u00e7inde ya\u015faman\u0131n yan etkisi.- \u00dcnl\u00fc ve zengin oldu\u011fu halde \u015fak\u0131r \u015fak\u0131r yazan Hakan G\u00fcnday\u2019dan ak\u0131l dan\u0131\u015f\u0131rlar. G\u00fcnday\u2019\u0131n tavsiyesine uyduklar\u0131nda, de\u015fhetengiz bir sefalete savrulacaklard\u0131r.   Ucuz romanc\u0131lar yenilik\u00e7i bir yazardan acayip, dokunakl\u0131 ve mizahi bir roman.   Mente\u015f Sistemi\u2019nde yeni bir icat! YALIN ALPAY   Edebiyat tarihine ge\u00e7ecek bir \u015faka. \u0130LKAY YILDIZ   H\u00fcseyin Rahmi ile Bukowski\u2019nin orta eseri sanki. SEL\u00c7UK ORHAN   Garibanl\u0131\u011fa epik bir methiye! REWHAT   Yarat\u0131c\u0131, d\u00f6n\u00fc\u015ft\u00fcr\u00fcc\u00fc, kahredici bir eser. S\u0130NAN CANAN   Ucuz Romanc\u0131lar m\u00fcthi\u015f! Dili kusursuz. Hik\u00e2yesi harika. Karakterleri m\u00fckemmel. Hele ben! M\u00fckemmelden de \u00f6teyim! ALPER CANIG\u00dcZ   Delilik bu yahu! Sanatsal bir delilik! KAAN \u00c7AYDAMLI   Sa\u011flam kitap. Sevdim. Okuyun. HAKAN G\u00dcNDAY   Bu romanda kendimi buldum! \u0130LKER CAN\u0130KL\u0130G\u0130L   Rezilli\u011fin zirvesinde bir \u015fefkat abidesi. MURAT UYURKULAK <\/p>\n","protected":false},"excerpt":{"rendered":"<p>\u00dc\u00e7 romanc\u0131; Alper Can\u0131g\u00fcz, Emrah Serbes ve Murat Mente\u015f, yazar t\u0131kanmas\u0131ndan mustariptirler. -L\u00fcks i\u00e7inde ya\u015faman\u0131n yan etkisi.- \u00dcnl\u00fc ve zengin oldu\u011fu halde \u015fak\u0131r \u015fak\u0131r yazan Hakan<span class=\"excerpt-hellip\"> [\u2026]<\/span><\/p>\n","protected":false},"featured_media":0,"template":"","meta":{"_monsterinsights_skip_tracking":false,"_monsterinsights_sitenote_active":false,"_monsterinsights_sitenote_note":"","_monsterinsights_sitenote_category":0},"product_brand":[],"product_cat":[12291,12711],"product_tag":[],"class_list":{"0":"post-760777","1":"product","2":"type-product","3":"status-publish","5":"product_cat-edebiyat","6":"product_cat-roman-oyku","7":"pa_cilt-ciltsiz","8":"pa_tur-kitap","9":"pa_yayinevi-alfa-yayinlari","10":"pa_yazar-murat-mentes","12":"first","13":"instock","14":"sale","15":"shipping-taxable","16":"purchasable","17":"product-type-simple"},"_links":{"self":[{"href":"https:\/\/roveyayinevi.com.tr\/index.php\/wp-json\/wp\/v2\/product\/760777","targetHints":{"allow":["GET"]}}],"collection":[{"href":"https:\/\/roveyayinevi.com.tr\/index.php\/wp-json\/wp\/v2\/product"}],"about":[{"href":"https:\/\/roveyayinevi.com.tr\/index.php\/wp-json\/wp\/v2\/types\/product"}],"wp:attachment":[{"href":"https:\/\/roveyayinevi.com.tr\/index.php\/wp-json\/wp\/v2\/media?parent=760777"}],"wp:term":[{"taxonomy":"product_brand","embeddable":true,"href":"https:\/\/roveyayinevi.com.tr\/index.php\/wp-json\/wp\/v2\/product_brand?post=760777"},{"taxonomy":"product_cat","embeddable":true,"href":"https:\/\/roveyayinevi.com.tr\/index.php\/wp-json\/wp\/v2\/product_cat?post=760777"},{"taxonomy":"product_tag","embeddable":true,"href":"https:\/\/roveyayinevi.com.tr\/index.php\/wp-json\/wp\/v2\/product_tag?post=760777"}],"curies":[{"name":"wp","href":"https:\/\/api.w.org\/{rel}","templated":true}]}}