{"id":760776,"date":"2025-08-28T09:16:14","date_gmt":"2025-08-28T06:16:14","guid":{"rendered":"https:\/\/roveyayinevi.com.tr\/index.php\/urun\/patronumdan-nefret-ediyorum\/"},"modified":"2026-04-16T03:13:33","modified_gmt":"2026-04-16T00:13:33","slug":"patronumdan-nefret-ediyorum","status":"publish","type":"product","link":"https:\/\/roveyayinevi.com.tr\/index.php\/urun\/patronumdan-nefret-ediyorum\/","title":{"rendered":"Patronumdan Nefret  Ediyorum"},"content":{"rendered":"<p>Herkesin k\u00f6t\u00fc bir patronu olmu\u015ftur. Eldeki veriler bunu g\u00f6steriyor. \u0130\u015f d\u00fcnyas\u0131 dedi\u011fimiz \u015fey var oldu\u011fundan beri, bu d\u00fcnyaya ad\u0131m atan herkes i\u00e7in ge\u00e7erli olan evrensel bir kurald\u0131r bu. Bu sadece yaz\u0131n \u00e7al\u0131\u015ft\u0131\u011f\u0131n\u0131z bilmem hangi i\u015fte de ba\u015f\u0131n\u0131za gelmi\u015f olabilir, paras\u0131z staj\u0131n\u0131zda da. Ama size \u015funu kesinlikle garanti ederim, insanl\u0131k tarihinde bug\u00fcne dek bir kendini bilmezin emirleri alt\u0131nda sabr\u0131 s\u0131nanmam\u0131\u015f tek bir Allah\u2019\u0131n kulu bile olmam\u0131\u015ft\u0131r.   Bu patronlar en otoriterinden en cahiline, en terbiyesizinden en ahlak\u0131 \u015f\u00fcphelisine uzanan bir \u00e7e\u015fitlilikte ve k\u00f6t\u00fcl\u00fck seviyelerinde olabilirler fakat hepsinin ortak bir noktas\u0131 vard\u0131r: Hayat\u0131m\u0131z\u0131 d\u00fcped\u00fcz cehenneme \u00e7evirirler ve bizler de pazartesi gelmesin diye dua eder dururuz.   Evet&#8230; Bu kitap sadece pek \u00e7ok \u00e7al\u0131\u015fan\u0131n bug\u00fcne dek ya\u015fad\u0131\u011f\u0131 ger\u00e7ek olaylar\u0131n (hepsi ger\u00e7ek, inan\u0131n!) resimli bir \u00f6zetidir. Neredeyse b\u00fct\u00fcn i\u015fyerlerinde her g\u00fcn ya\u015fanan ve bunlar ya\u015fan\u0131rken derin bir i\u00e7 \u00e7eki\u015fle dudaklar\u0131m\u0131zdan \u201cPatronumdan nefret ediyorum\u201d kelimelerinin d\u00f6k\u00fclmesine yol a\u00e7an sa\u00e7ma sapan olaylar\u0131n belgelenmi\u015f halidir. <\/p>\n","protected":false},"excerpt":{"rendered":"<p>Herkesin k\u00f6t\u00fc bir patronu olmu\u015ftur. Eldeki veriler bunu g\u00f6steriyor. \u0130\u015f d\u00fcnyas\u0131 dedi\u011fimiz \u015fey var oldu\u011fundan beri, bu d\u00fcnyaya ad\u0131m atan herkes i\u00e7in ge\u00e7erli olan evrensel bir<span class=\"excerpt-hellip\"> [\u2026]<\/span><\/p>\n","protected":false},"featured_media":0,"template":"","meta":{"_monsterinsights_skip_tracking":false,"_monsterinsights_sitenote_active":false,"_monsterinsights_sitenote_note":"","_monsterinsights_sitenote_category":0},"product_brand":[],"product_cat":[12291,14825],"product_tag":[],"class_list":{"0":"post-760776","1":"product","2":"type-product","3":"status-publish","5":"product_cat-edebiyat","6":"product_cat-mizah","7":"pa_cilt-ciltsiz","8":"pa_tur-kitap","9":"pa_yayinevi-mona-kitap","10":"pa_yazar-filipa-fonseca-silva","12":"first","13":"instock","14":"sale","15":"shipping-taxable","16":"purchasable","17":"product-type-simple"},"_links":{"self":[{"href":"https:\/\/roveyayinevi.com.tr\/index.php\/wp-json\/wp\/v2\/product\/760776","targetHints":{"allow":["GET"]}}],"collection":[{"href":"https:\/\/roveyayinevi.com.tr\/index.php\/wp-json\/wp\/v2\/product"}],"about":[{"href":"https:\/\/roveyayinevi.com.tr\/index.php\/wp-json\/wp\/v2\/types\/product"}],"wp:attachment":[{"href":"https:\/\/roveyayinevi.com.tr\/index.php\/wp-json\/wp\/v2\/media?parent=760776"}],"wp:term":[{"taxonomy":"product_brand","embeddable":true,"href":"https:\/\/roveyayinevi.com.tr\/index.php\/wp-json\/wp\/v2\/product_brand?post=760776"},{"taxonomy":"product_cat","embeddable":true,"href":"https:\/\/roveyayinevi.com.tr\/index.php\/wp-json\/wp\/v2\/product_cat?post=760776"},{"taxonomy":"product_tag","embeddable":true,"href":"https:\/\/roveyayinevi.com.tr\/index.php\/wp-json\/wp\/v2\/product_tag?post=760776"}],"curies":[{"name":"wp","href":"https:\/\/api.w.org\/{rel}","templated":true}]}}