{"id":760775,"date":"2025-08-28T09:16:13","date_gmt":"2025-08-28T06:16:13","guid":{"rendered":"https:\/\/roveyayinevi.com.tr\/index.php\/urun\/italyanca-dil-bilgisi-alistirmalari\/"},"modified":"2026-04-16T03:13:33","modified_gmt":"2026-04-16T00:13:33","slug":"italyanca-dil-bilgisi-alistirmalari","status":"publish","type":"product","link":"https:\/\/roveyayinevi.com.tr\/index.php\/urun\/italyanca-dil-bilgisi-alistirmalari\/","title":{"rendered":"\u0130talyanca Dil Bilgisi Al\u0131\u015ft\u0131rmalar\u0131"},"content":{"rendered":"<p>\u201c\u0130talyanca Dil bilgisi Al\u0131\u015ft\u0131rmalar\u0131\u201d kitab\u0131; A1 seviyesinden C1 seviyesine kadar t\u00fcm gramer konular\u0131na ait al\u0131\u015ft\u0131rmalar i\u00e7eren ve 35 konu ba\u015fl\u0131\u011f\u0131ndan olu\u015fan bir al\u0131\u015ft\u0131rma kitab\u0131d\u0131r. Farkl\u0131 zorluk derecelerine g\u00f6re haz\u0131rlanan ve basitten karma\u015f\u0131\u011fa do\u011fru bir d\u00fczen i\u00e7inde ilerleyen t\u00fcm al\u0131\u015ft\u0131rmalar\u0131n cevap anahtar\u0131 mevcuttur. Kitap, sadece dil bilgisi al\u0131\u015ft\u0131rmalar\u0131ndan de\u011fil, s\u00f6zc\u00fck da\u011farc\u0131\u011f\u0131n\u0131 geli\u015ftirip gramer bilgisiyle harmanlayabilmek i\u00e7in s\u00f6zc\u00fck al\u0131\u015ft\u0131rmalar\u0131ndan ve okudu\u011funu anlama becerisini geli\u015ftirebilmek i\u00e7in okuma par\u00e7alar\u0131 ile diyaloglardan da olu\u015fan olduk\u00e7a kapsaml\u0131 bir al\u0131\u015ft\u0131rma kitab\u0131d\u0131r. Yolu \u0130talyanca ile kesi\u015fen herkesin kitapl\u0131\u011f\u0131nda mutlaka bulunmas\u0131 gereken bu al\u0131\u015ft\u0131rma kitab\u0131n\u0131, 2012 y\u0131l\u0131ndan bu yana bask\u0131s\u0131 devam eden \u201c\u00d6rnek ve Al\u0131\u015ft\u0131rmalarla \u0130talyanca Dil bilgisi\u201d adl\u0131 gramer kitab\u0131ma ek olarak kullanmak, \u00e7al\u0131\u015f\u0131lan konular\u0131 daha iyi peki\u015ftirmek ve \u00f6\u011frenilen bilgileri kal\u0131c\u0131 hale getirmek ad\u0131na son derece faydal\u0131 olacakt\u0131r.<\/p>\n","protected":false},"excerpt":{"rendered":"<p>\u201c\u0130talyanca Dil bilgisi Al\u0131\u015ft\u0131rmalar\u0131\u201d kitab\u0131; A1 seviyesinden C1 seviyesine kadar t\u00fcm gramer konular\u0131na ait al\u0131\u015ft\u0131rmalar i\u00e7eren ve 35 konu ba\u015fl\u0131\u011f\u0131ndan olu\u015fan bir al\u0131\u015ft\u0131rma kitab\u0131d\u0131r. Farkl\u0131 zorluk<span class=\"excerpt-hellip\"> [\u2026]<\/span><\/p>\n","protected":false},"featured_media":0,"template":"","meta":{"_monsterinsights_skip_tracking":false,"_monsterinsights_sitenote_active":false,"_monsterinsights_sitenote_note":"","_monsterinsights_sitenote_category":0},"product_brand":[],"product_cat":[14597,12566],"product_tag":[],"class_list":{"0":"post-760775","1":"product","2":"type-product","3":"status-publish","5":"product_cat-dil-ogrenimi","6":"product_cat-egitim","7":"pa_cilt-ciltsiz","8":"pa_tur-kitap","9":"pa_yayinevi-delta-kultur-yayinevi","10":"pa_yazar-nazli-gozdem-cinga","12":"first","13":"instock","14":"sale","15":"shipping-taxable","16":"purchasable","17":"product-type-simple"},"_links":{"self":[{"href":"https:\/\/roveyayinevi.com.tr\/index.php\/wp-json\/wp\/v2\/product\/760775","targetHints":{"allow":["GET"]}}],"collection":[{"href":"https:\/\/roveyayinevi.com.tr\/index.php\/wp-json\/wp\/v2\/product"}],"about":[{"href":"https:\/\/roveyayinevi.com.tr\/index.php\/wp-json\/wp\/v2\/types\/product"}],"wp:attachment":[{"href":"https:\/\/roveyayinevi.com.tr\/index.php\/wp-json\/wp\/v2\/media?parent=760775"}],"wp:term":[{"taxonomy":"product_brand","embeddable":true,"href":"https:\/\/roveyayinevi.com.tr\/index.php\/wp-json\/wp\/v2\/product_brand?post=760775"},{"taxonomy":"product_cat","embeddable":true,"href":"https:\/\/roveyayinevi.com.tr\/index.php\/wp-json\/wp\/v2\/product_cat?post=760775"},{"taxonomy":"product_tag","embeddable":true,"href":"https:\/\/roveyayinevi.com.tr\/index.php\/wp-json\/wp\/v2\/product_tag?post=760775"}],"curies":[{"name":"wp","href":"https:\/\/api.w.org\/{rel}","templated":true}]}}