{"id":760772,"date":"2025-08-28T09:16:07","date_gmt":"2025-08-28T06:16:07","guid":{"rendered":"https:\/\/roveyayinevi.com.tr\/index.php\/urun\/devletin-anatomisi\/"},"modified":"2026-04-16T03:13:33","modified_gmt":"2026-04-16T00:13:33","slug":"devletin-anatomisi","status":"publish","type":"product","link":"https:\/\/roveyayinevi.com.tr\/index.php\/urun\/devletin-anatomisi\/","title":{"rendered":"Devletin Anatomisi"},"content":{"rendered":"<p>Devlete dair ele\u015ftirel tavr\u0131 ile bilinen Murray N. Rothbard, bu kitapta devletin ne oldu\u011funu ve ne olmad\u0131\u011f\u0131n\u0131 a\u00e7\u0131kl\u0131yor. Ahl\u00e2k\u00ee olarak kabul etti\u011fimiz her \u015feyi nas\u0131l ihl\u00e2l eden bir kurum oldu\u011funu; &#8220;iyi niyet&#8221; kisvesi alt\u0131nda \u00f6zg\u00fcrl\u00fc\u011f\u00fc nas\u0131l s\u0131n\u0131rland\u0131rd\u0131\u011f\u0131n\u0131; \u00f6zel hayat\u0131, m\u00fclkiyeti ve toplumsal refah\u0131 nas\u0131l tehdit etti\u011fini g\u00f6steriyor.<\/p>\n","protected":false},"excerpt":{"rendered":"<p>Devlete dair ele\u015ftirel tavr\u0131 ile bilinen Murray N. Rothbard, bu kitapta devletin ne oldu\u011funu ve ne olmad\u0131\u011f\u0131n\u0131 a\u00e7\u0131kl\u0131yor. Ahl\u00e2k\u00ee olarak kabul etti\u011fimiz her \u015feyi nas\u0131l ihl\u00e2l<span class=\"excerpt-hellip\"> [\u2026]<\/span><\/p>\n","protected":false},"featured_media":0,"template":"","meta":{"_monsterinsights_skip_tracking":false,"_monsterinsights_sitenote_active":false,"_monsterinsights_sitenote_note":"","_monsterinsights_sitenote_category":0},"product_brand":[],"product_cat":[12337],"product_tag":[],"class_list":{"0":"post-760772","1":"product","2":"type-product","3":"status-publish","5":"product_cat-politika-siyaset","6":"pa_cilt-ciltsiz","7":"pa_tur-kitap","8":"pa_yayinevi-episteme-yayinlari","9":"pa_yazar-murray-n-rothbard","11":"first","12":"instock","13":"sale","14":"shipping-taxable","15":"purchasable","16":"product-type-simple"},"_links":{"self":[{"href":"https:\/\/roveyayinevi.com.tr\/index.php\/wp-json\/wp\/v2\/product\/760772","targetHints":{"allow":["GET"]}}],"collection":[{"href":"https:\/\/roveyayinevi.com.tr\/index.php\/wp-json\/wp\/v2\/product"}],"about":[{"href":"https:\/\/roveyayinevi.com.tr\/index.php\/wp-json\/wp\/v2\/types\/product"}],"wp:attachment":[{"href":"https:\/\/roveyayinevi.com.tr\/index.php\/wp-json\/wp\/v2\/media?parent=760772"}],"wp:term":[{"taxonomy":"product_brand","embeddable":true,"href":"https:\/\/roveyayinevi.com.tr\/index.php\/wp-json\/wp\/v2\/product_brand?post=760772"},{"taxonomy":"product_cat","embeddable":true,"href":"https:\/\/roveyayinevi.com.tr\/index.php\/wp-json\/wp\/v2\/product_cat?post=760772"},{"taxonomy":"product_tag","embeddable":true,"href":"https:\/\/roveyayinevi.com.tr\/index.php\/wp-json\/wp\/v2\/product_tag?post=760772"}],"curies":[{"name":"wp","href":"https:\/\/api.w.org\/{rel}","templated":true}]}}