{"id":760771,"date":"2025-08-28T09:16:06","date_gmt":"2025-08-28T06:16:06","guid":{"rendered":"https:\/\/roveyayinevi.com.tr\/index.php\/urun\/cikartmalari-yapistir-zitliklar-yuksek-alcak\/"},"modified":"2026-04-16T03:13:33","modified_gmt":"2026-04-16T00:13:33","slug":"cikartmalari-yapistir-zitliklar-yuksek-alcak","status":"publish","type":"product","link":"https:\/\/roveyayinevi.com.tr\/index.php\/urun\/cikartmalari-yapistir-zitliklar-yuksek-alcak\/","title":{"rendered":"\u00c7\u0131kartmalar\u0131 Yap\u0131\u015ft\u0131r-Z\u0131tl\u0131klar (Y\u00fcksek-Al\u00e7ak)"},"content":{"rendered":"<p>\u00c7ocuklar\u0131n\u0131z bu kitap sayesinde e\u011flenerek \u00f6\u011frenmenin yan\u0131 s\u0131ra farkl\u0131 renklerden olu\u015fan \u00e7\u0131kartmalar ve birbirinden g\u00fczel \u00e7izimlerle; Bir\u00e7ok hayvan hakk\u0131nda bilgi sahibi olacaklar, Dikkat ve g\u00f6zlem yeteneklerini geli\u015ftirecekler, Farkl\u0131 renkleri kavrayacaklar, El ve g\u00f6z koordinasyonlar\u0131n\u0131 geli\u015ftirecekler, \u201cY\u00fcksek\u201d ve \u201cal\u00e7ak\u201d kelimelerinin anlamlar\u0131n\u0131 ay\u0131rt edecekler. <\/p>\n","protected":false},"excerpt":{"rendered":"<p>\u00c7ocuklar\u0131n\u0131z bu kitap sayesinde e\u011flenerek \u00f6\u011frenmenin yan\u0131 s\u0131ra farkl\u0131 renklerden olu\u015fan \u00e7\u0131kartmalar ve birbirinden g\u00fczel \u00e7izimlerle; Bir\u00e7ok hayvan hakk\u0131nda bilgi sahibi olacaklar, Dikkat ve g\u00f6zlem yeteneklerini<span class=\"excerpt-hellip\"> [\u2026]<\/span><\/p>\n","protected":false},"featured_media":0,"template":"","meta":{"_monsterinsights_skip_tracking":false,"_monsterinsights_sitenote_active":false,"_monsterinsights_sitenote_note":"","_monsterinsights_sitenote_category":0},"product_brand":[],"product_cat":[12554,12274],"product_tag":[],"class_list":{"0":"post-760771","1":"product","2":"type-product","3":"status-publish","5":"product_cat-cikartmali-kitaplar","6":"product_cat-cocuk-ve-genclik-kitaplari","7":"pa_cilt-ciltsiz","8":"pa_tur-kitap","9":"pa_yayinevi-0-6-yas-yayinlari","10":"pa_yazar-barbaros-ozcan","12":"first","13":"instock","14":"sale","15":"shipping-taxable","16":"purchasable","17":"product-type-simple"},"_links":{"self":[{"href":"https:\/\/roveyayinevi.com.tr\/index.php\/wp-json\/wp\/v2\/product\/760771","targetHints":{"allow":["GET"]}}],"collection":[{"href":"https:\/\/roveyayinevi.com.tr\/index.php\/wp-json\/wp\/v2\/product"}],"about":[{"href":"https:\/\/roveyayinevi.com.tr\/index.php\/wp-json\/wp\/v2\/types\/product"}],"wp:attachment":[{"href":"https:\/\/roveyayinevi.com.tr\/index.php\/wp-json\/wp\/v2\/media?parent=760771"}],"wp:term":[{"taxonomy":"product_brand","embeddable":true,"href":"https:\/\/roveyayinevi.com.tr\/index.php\/wp-json\/wp\/v2\/product_brand?post=760771"},{"taxonomy":"product_cat","embeddable":true,"href":"https:\/\/roveyayinevi.com.tr\/index.php\/wp-json\/wp\/v2\/product_cat?post=760771"},{"taxonomy":"product_tag","embeddable":true,"href":"https:\/\/roveyayinevi.com.tr\/index.php\/wp-json\/wp\/v2\/product_tag?post=760771"}],"curies":[{"name":"wp","href":"https:\/\/api.w.org\/{rel}","templated":true}]}}