{"id":760760,"date":"2025-08-28T09:15:47","date_gmt":"2025-08-28T06:15:47","guid":{"rendered":"https:\/\/roveyayinevi.com.tr\/index.php\/urun\/kitap-lik-233-mayis-haziran-2024\/"},"modified":"2026-04-16T03:13:33","modified_gmt":"2026-04-16T00:13:33","slug":"kitap-lik-233-mayis-haziran-2024","status":"publish","type":"product","link":"https:\/\/roveyayinevi.com.tr\/index.php\/urun\/kitap-lik-233-mayis-haziran-2024\/","title":{"rendered":"Kitap-l\u0131k 233 \/ May\u0131s \u2013 Haziran 2024"},"content":{"rendered":"<p>Bir filolog, bir yazar: Curtius ile Proust Yap\u0131 Kredi Yay\u0131nlar\u0131\u2019n\u0131n edebiyat dergisi kitap-l\u0131k\u2019\u0131n yeni say\u0131s\u0131 \u00e7\u0131kt\u0131. 233. say\u0131n\u0131n kapak konusu \u201cCurtius ile Proust\u201d. Marcel Proust\u2019un 18 Kas\u0131m 1922\u2019de \u00f6l\u00fcm\u00fcn\u00fcn ard\u0131ndan Ernst Robert Curtius\u2019un 1 Ocak 1923\u2019te La Nouvelle Revue fran\u00e7aise dergisinin d\u00fczenledi\u011fi \u201cMarcel Proust\u2019a Sayg\u0131\u201d dosyas\u0131nda yer alan k\u0131sa ama \u00f6nemli yaz\u0131s\u0131n\u0131n \u00e7evirisi ve Mehmet Rifat\u2019\u0131n Curtius\u2019u tan\u0131tan yaz\u0131s\u0131yla a\u00e7\u0131l\u0131yor dergi. H\u00fcseyin Ferhad\u2019\u0131n \u015fiirimizdeki h\u00fcz\u00fcn temas\u0131n\u0131 ara\u015ft\u0131ran yaz\u0131s\u0131 \u201cH\u00fcz\u00fcn Temrinleri\u201d ile Roni Margulies\u2019in YKY\u2019den \u00e7\u0131kan son \u015fiir  kitab\u0131 Harfiyat Kamyonlar\u0131 i\u00e7in \u015eavkar Alt\u0131nel\u2019in \u00f6ns\u00f6z\u00fc bu say\u0131n\u0131n \u00f6ne \u00e7\u0131kan sayfalar\u0131. Nihat Ziyalan, Y\u00fcksel Pazarkaya, H\u00fcseyin Peker, Cevdet Karal, Bet\u00fcl Tar\u0131man, Mehmet Can Do\u011fan, Cem Uzung\u00fcne\u015f, \u0130lhan Durusel, Alphan Akg\u00fcl, Mehmet \u00d6ztek, Cengiz \u015eenol, Nafia Akdeniz, Alper Be\u015fe, Vefa T. \u015fiirleri; M\u00fcge Oskay, Yasemin Yaz\u0131c\u0131, Sel\u00e7uk Erez, Saba K\u0131rer, \u015eafak Baba Pala, Nilg\u00fcn \u00c7elik, Mesut Bar\u0131\u015f \u00d6v\u00fcn \u00f6yk\u00fcleri; Mehmet Erg\u00fcven, G\u00fcrsel Korat, Asuman Susam, Cafer \u015een, \u00c7a\u011fla An\u0131lm\u0131\u015f, Metin Karada\u011f, Ahmet Ulu, Hasan \u00d6zt\u00fcrk, M. \u015eeref \u00d6zsoy, Ahmet Tetik yaz\u0131lar\u0131n\u0131n yan\u0131 s\u0131ra Mina Tansel\u2019in F\u00fcruzan\u2019la yapt\u0131\u011f\u0131 radyo konu\u015fmas\u0131n\u0131n kayd\u0131 ve Cihan \u00c7ak\u0131r\u2019\u0131n Ex Libris sanat\u00e7\u0131s\u0131 Yudum \u0130\u015fbecer ile s\u00f6yle\u015fisi kitap-l\u0131k dergisinin 233. say\u0131s\u0131nda. kitap-l\u0131k 31 y\u0131ld\u0131r iyi edebiyat\u0131n adresi. <\/p>\n","protected":false},"excerpt":{"rendered":"<p>Bir filolog, bir yazar: Curtius ile Proust Yap\u0131 Kredi Yay\u0131nlar\u0131\u2019n\u0131n edebiyat dergisi kitap-l\u0131k\u2019\u0131n yeni say\u0131s\u0131 \u00e7\u0131kt\u0131. 233. say\u0131n\u0131n kapak konusu \u201cCurtius ile Proust\u201d. Marcel Proust\u2019un 18<span class=\"excerpt-hellip\"> [\u2026]<\/span><\/p>\n","protected":false},"featured_media":0,"template":"","meta":{"_monsterinsights_skip_tracking":false,"_monsterinsights_sitenote_active":false,"_monsterinsights_sitenote_note":"","_monsterinsights_sitenote_category":0},"product_brand":[],"product_cat":[13527],"product_tag":[],"class_list":{"0":"post-760760","1":"product","2":"type-product","3":"status-publish","5":"product_cat-sureli-yayinlar","6":"pa_cilt-ciltsiz","7":"pa_tur-dergi","8":"pa_yayinevi-yapi-kredi-yayinlari-dergi","9":"pa_yazar-kolektif","11":"first","12":"instock","13":"sale","14":"shipping-taxable","15":"purchasable","16":"product-type-simple"},"_links":{"self":[{"href":"https:\/\/roveyayinevi.com.tr\/index.php\/wp-json\/wp\/v2\/product\/760760","targetHints":{"allow":["GET"]}}],"collection":[{"href":"https:\/\/roveyayinevi.com.tr\/index.php\/wp-json\/wp\/v2\/product"}],"about":[{"href":"https:\/\/roveyayinevi.com.tr\/index.php\/wp-json\/wp\/v2\/types\/product"}],"wp:attachment":[{"href":"https:\/\/roveyayinevi.com.tr\/index.php\/wp-json\/wp\/v2\/media?parent=760760"}],"wp:term":[{"taxonomy":"product_brand","embeddable":true,"href":"https:\/\/roveyayinevi.com.tr\/index.php\/wp-json\/wp\/v2\/product_brand?post=760760"},{"taxonomy":"product_cat","embeddable":true,"href":"https:\/\/roveyayinevi.com.tr\/index.php\/wp-json\/wp\/v2\/product_cat?post=760760"},{"taxonomy":"product_tag","embeddable":true,"href":"https:\/\/roveyayinevi.com.tr\/index.php\/wp-json\/wp\/v2\/product_tag?post=760760"}],"curies":[{"name":"wp","href":"https:\/\/api.w.org\/{rel}","templated":true}]}}