{"id":760759,"date":"2025-08-28T09:15:46","date_gmt":"2025-08-28T06:15:46","guid":{"rendered":"https:\/\/roveyayinevi.com.tr\/index.php\/urun\/aydinlik-oda-fotograf-ustune-not\/"},"modified":"2026-04-16T03:13:33","modified_gmt":"2026-04-16T00:13:33","slug":"aydinlik-oda-fotograf-ustune-not","status":"publish","type":"product","link":"https:\/\/roveyayinevi.com.tr\/index.php\/urun\/aydinlik-oda-fotograf-ustune-not\/","title":{"rendered":"Ayd\u0131nl\u0131k Oda \u2013 Foto\u011fraf \u00dcst\u00fcne Not"},"content":{"rendered":"<p>Ayd\u0131nl\u0131k Oda kitab\u0131nda Roland Barthes bireysel bir ser\u00fcvenin anlat\u0131s\u0131n\u0131 (\u201croman\u0131n\u0131\u201d)    yaz\u0131ya ge\u00e7irmekte, annesinin \u00f6l\u00fcm\u00fc ile Foto\u011fraf\u0131n \u00f6z\u00fc aras\u0131ndaki ba\u011f\u0131 ara\u015ft\u0131rmakta, Foto\u011fraf\u0131n, \u201colup bitmi\u015f\u201din apa\u00e7\u0131k ger\u00e7ekli\u011fini yans\u0131tt\u0131\u011f\u0131n\u0131 dile getirmekte. Foto\u011fraf\u0131n ger\u00e7ekle\u015ftirilmesi ve \u201cokunmas\u0131\u201dna ili\u015fkin olarak Operator, Spectator, Spectrum, Studium, Punctum, Noema, vb. kavramlar\u0131 kullan\u0131rken her foto\u011fraf\u0131n, bir ser\u00fcvenin (\u201cba\u015fa gelenin\u201d), bir sevincin, bir \u00fcz\u00fcnt\u00fcn\u00fcn (bir \u201cyara\u201dn\u0131n) ortam\u0131 oldu\u011funu belirtir. Bu anlat\u0131sal ser\u00fcvende Barthes, ki\u015filerin y\u00fczlerini, bak\u0131\u015flar\u0131ndaki \u201chava\u201dy\u0131, k\u0131sacas\u0131 Spectator\u2019u (foto\u011fraf\u0131 okuyan ki\u015fiyi) \u201cyaralayan\u201d, onu \u201cdelip ge\u00e7en\u201d noktalar\u0131 (Punctum) ortaya \u00e7\u0131kar\u0131r. \u0130kinci B\u00f6l\u00fcm a\u011f\u0131rl\u0131kl\u0131 olarak, Yitirilmi\u015f Anne\u2019nin \u00e7ocukluk foto\u011fraf\u0131 \u00fczerinden geli\u015fir. Hayat\u0131 boyunca birlikte ya\u015fad\u0131\u011f\u0131 annesinin ger\u00e7ek y\u00fcz\u00fcn\u00fc, davran\u0131\u015f \u00f6zelliklerini, sevecenli\u011fini, nezaketini bir tek onun \u00e7ocukluk foto\u011fraf\u0131nda (K\u0131\u015f Bah\u00e7esi Foto\u011fraf\u0131) yakalar Barthes.     Kapak g\u00f6rseli: \u201cHarap olmu\u015f bir sokak, \u00f6n planda iki mi\u011fferli asker devriye geziyor; arka planda iki rahibe y\u00fcr\u00fcmekte&#8230;\u201d Koen Wessing: Nikaragua. Sokaklarda devriye gezen askerler, 1979<\/p>\n","protected":false},"excerpt":{"rendered":"<p>Ayd\u0131nl\u0131k Oda kitab\u0131nda Roland Barthes bireysel bir ser\u00fcvenin anlat\u0131s\u0131n\u0131 (\u201croman\u0131n\u0131\u201d) yaz\u0131ya ge\u00e7irmekte, annesinin \u00f6l\u00fcm\u00fc ile Foto\u011fraf\u0131n \u00f6z\u00fc aras\u0131ndaki ba\u011f\u0131 ara\u015ft\u0131rmakta, Foto\u011fraf\u0131n, \u201colup bitmi\u015f\u201din apa\u00e7\u0131k ger\u00e7ekli\u011fini yans\u0131tt\u0131\u011f\u0131n\u0131<span class=\"excerpt-hellip\"> [\u2026]<\/span><\/p>\n","protected":false},"featured_media":0,"template":"","meta":{"_monsterinsights_skip_tracking":false,"_monsterinsights_sitenote_active":false,"_monsterinsights_sitenote_note":"","_monsterinsights_sitenote_category":0},"product_brand":[],"product_cat":[12408],"product_tag":[],"class_list":{"0":"post-760759","1":"product","2":"type-product","3":"status-publish","5":"product_cat-sanat","6":"pa_cilt-ciltsiz","7":"pa_tur-kitap","8":"pa_yayinevi-yapi-kredi-yayinlari-sanat","9":"pa_yazar-roland-barthes","11":"first","12":"instock","13":"sale","14":"shipping-taxable","15":"purchasable","16":"product-type-simple"},"_links":{"self":[{"href":"https:\/\/roveyayinevi.com.tr\/index.php\/wp-json\/wp\/v2\/product\/760759","targetHints":{"allow":["GET"]}}],"collection":[{"href":"https:\/\/roveyayinevi.com.tr\/index.php\/wp-json\/wp\/v2\/product"}],"about":[{"href":"https:\/\/roveyayinevi.com.tr\/index.php\/wp-json\/wp\/v2\/types\/product"}],"wp:attachment":[{"href":"https:\/\/roveyayinevi.com.tr\/index.php\/wp-json\/wp\/v2\/media?parent=760759"}],"wp:term":[{"taxonomy":"product_brand","embeddable":true,"href":"https:\/\/roveyayinevi.com.tr\/index.php\/wp-json\/wp\/v2\/product_brand?post=760759"},{"taxonomy":"product_cat","embeddable":true,"href":"https:\/\/roveyayinevi.com.tr\/index.php\/wp-json\/wp\/v2\/product_cat?post=760759"},{"taxonomy":"product_tag","embeddable":true,"href":"https:\/\/roveyayinevi.com.tr\/index.php\/wp-json\/wp\/v2\/product_tag?post=760759"}],"curies":[{"name":"wp","href":"https:\/\/api.w.org\/{rel}","templated":true}]}}