{"id":760756,"date":"2025-08-28T09:15:41","date_gmt":"2025-08-28T06:15:41","guid":{"rendered":"https:\/\/roveyayinevi.com.tr\/index.php\/urun\/ayni-gogun-altinda\/"},"modified":"2026-04-05T03:16:43","modified_gmt":"2026-04-05T00:16:43","slug":"ayni-gogun-altinda","status":"publish","type":"product","link":"https:\/\/roveyayinevi.com.tr\/index.php\/urun\/ayni-gogun-altinda\/","title":{"rendered":"Ayn\u0131 G\u00f6\u011f\u00fcn Alt\u0131nda"},"content":{"rendered":"<p>Yoktu d\u00fcnlerde kalan burukluk Belki gelecek kayg\u0131l\u0131yd\u0131, biraz da korkulu Yahut mis kokulu han\u0131meli gibi. G\u00fcne\u015fli bir g\u00fcnde bir deniz kenar\u0131nda Esen meltemdi bir limonata yudumunda. Gelecek bir yol ayr\u0131m\u0131nda Ve g\u00fczel bir gece ya\u015fanm\u0131\u015f T\u00fcm ger\u00e7ekle\u015fmi\u015f d\u00fc\u015fler gibiydi   Ya\u015fam\u0131n dinamizmine ayak uyduran \u015fiirler. Onlar hep zamandan ba\u011f\u0131ms\u0131zd\u0131rlar. Hisleri yo\u011fun,  duygular\u0131 ger\u00e7ektir. Ne yaparsan\u0131z yap\u0131n zaman\u0131 durdurmaz, geri veya ileri alamazs\u0131n\u0131z. Oysaki bir \u015fiir size zaman\u0131n durmas\u0131n\u0131 ve o an\u0131 tekrar ya\u015faman\u0131za neden olabilir.   \u0130\u015fte bu noktada da \u00d6\u011fretmen Yazar Sevgili Tu\u011fba Kara\u00f6z\u2019\u00fcn kaleme ald\u0131\u011f\u0131 \u201cAyn\u0131 G\u00f6\u011f\u00fcn Alt\u0131nda\u201d eserinin sayfalar\u0131n\u0131 a\u00e7\u0131p bir bir okumak gerekiyor. Masmavi bir g\u00f6ky\u00fcz\u00fc, yemye\u015fil bir yery\u00fcz\u00fcnde karde\u015f hecelerle\u2026 <\/p>\n","protected":false},"excerpt":{"rendered":"<p>Yoktu d\u00fcnlerde kalan burukluk Belki gelecek kayg\u0131l\u0131yd\u0131, biraz da korkulu Yahut mis kokulu han\u0131meli gibi. G\u00fcne\u015fli bir g\u00fcnde bir deniz kenar\u0131nda Esen meltemdi bir limonata yudumunda.<span class=\"excerpt-hellip\"> [\u2026]<\/span><\/p>\n","protected":false},"featured_media":0,"template":"","meta":{"_monsterinsights_skip_tracking":false,"_monsterinsights_sitenote_active":false,"_monsterinsights_sitenote_note":"","_monsterinsights_sitenote_category":0},"product_brand":[],"product_cat":[12291,12509],"product_tag":[],"class_list":{"0":"post-760756","1":"product","2":"type-product","3":"status-publish","5":"product_cat-edebiyat","6":"product_cat-siir","7":"pa_cilt-ciltsiz","8":"pa_tur-kitap","9":"pa_yayinevi-gulnar-yayinlari","10":"pa_yazar-tugba-karagoz","12":"first","13":"instock","14":"sale","15":"shipping-taxable","16":"purchasable","17":"product-type-simple"},"_links":{"self":[{"href":"https:\/\/roveyayinevi.com.tr\/index.php\/wp-json\/wp\/v2\/product\/760756","targetHints":{"allow":["GET"]}}],"collection":[{"href":"https:\/\/roveyayinevi.com.tr\/index.php\/wp-json\/wp\/v2\/product"}],"about":[{"href":"https:\/\/roveyayinevi.com.tr\/index.php\/wp-json\/wp\/v2\/types\/product"}],"wp:attachment":[{"href":"https:\/\/roveyayinevi.com.tr\/index.php\/wp-json\/wp\/v2\/media?parent=760756"}],"wp:term":[{"taxonomy":"product_brand","embeddable":true,"href":"https:\/\/roveyayinevi.com.tr\/index.php\/wp-json\/wp\/v2\/product_brand?post=760756"},{"taxonomy":"product_cat","embeddable":true,"href":"https:\/\/roveyayinevi.com.tr\/index.php\/wp-json\/wp\/v2\/product_cat?post=760756"},{"taxonomy":"product_tag","embeddable":true,"href":"https:\/\/roveyayinevi.com.tr\/index.php\/wp-json\/wp\/v2\/product_tag?post=760756"}],"curies":[{"name":"wp","href":"https:\/\/api.w.org\/{rel}","templated":true}]}}