{"id":760755,"date":"2025-08-28T09:15:40","date_gmt":"2025-08-28T06:15:40","guid":{"rendered":"https:\/\/roveyayinevi.com.tr\/index.php\/urun\/firsat-esitligine-karsi\/"},"modified":"2026-04-16T03:13:33","modified_gmt":"2026-04-16T00:13:33","slug":"firsat-esitligine-karsi","status":"publish","type":"product","link":"https:\/\/roveyayinevi.com.tr\/index.php\/urun\/firsat-esitligine-karsi\/","title":{"rendered":"F\u0131rsat E\u015fitli\u011fine Kar\u015f\u0131"},"content":{"rendered":"<p>\u201cDo\u011fal e\u015fitlik tezinin sorunu basit ve rahatlat\u0131c\u0131 bir hakkaniyet hissi uyand\u0131rmas\u0131. Sanki e\u015fitlik\u00e7ilik sadece toplumun yozla\u015ft\u0131rd\u0131\u011f\u0131 do\u011fal bir durumu korumaya y\u00f6nelik basit stratejilere gereksinim duyuyormu\u015f gibi bir hava olu\u015fturuyor. (\u2026) Fakat tarihsel deneyimler sonu\u00e7 veren e\u015fitlik\u00e7i dinamiklerin s\u00fcrekli ve sofistike bir m\u00fcdahaleye ihtiya\u00e7 duydu\u011funu g\u00f6steriyor. Ger\u00e7ek e\u015fitlik sadece politik m\u00fcdahaleyle m\u00fcmk\u00fcn olabilir ve bir vatanda\u015fl\u0131k bilinci olu\u015fturman\u0131n yan\u0131 s\u0131ra sistematik bir bi\u00e7imde geli\u015ftirilmi\u015f bir demokrasinin \u00fcr\u00fcn\u00fcd\u00fcr.\u201d F\u0131rsat E\u015fitli\u011fine Kar\u015f\u0131, ad\u0131n\u0131n a\u00e7\u0131k\u00e7a ifade etti\u011fi gibi, \u201cf\u0131rsat e\u015fitli\u011fi\u201d yakla\u015f\u0131m\u0131n\u0131 reddederek, ger\u00e7ek (veya derin) bir e\u015fitli\u011fin gere\u011fini ve ahl\u00e2k\u0131n\u0131 savunuyor. F\u0131rsat e\u015fitli\u011fi kavram\u0131n\u0131n, sadece bi\u00e7imsel ve meritokratik (liyakat\u00e7i), dolay\u0131s\u0131yla s\u0131n\u0131rl\u0131 bir ufku oldu\u011funu anlat\u0131yor. Alt ba\u015fl\u0131\u011f\u0131n\u0131n (E\u015fitlik\u00e7i Bir Bildiri) a\u00e7\u0131k\u00e7a ifade etti\u011fi gibi, genel olarak e\u015fitlik fikrinin siyasal, toplumsal ve insani \u00f6nemini anlatmaya \u00e7al\u0131\u015fan bir kitap bu. \u0130spanya\u2019daki muhalif sol Podemos (\u201cYapabiliriz\u201d) partisinin d\u00fc\u015f\u00fcnce insanlar\u0131ndan olan C\u00e9sar Rendueles, siyaset teorisiyle de al\u0131\u015fveri\u015fini kesmeksizin, e\u015fitli\u011fi g\u00fcndelik hayat deneyimleri \u0131\u015f\u0131\u011f\u0131nda, \u201ckanl\u0131 canl\u0131\u201d bir mesele olarak ele al\u0131yor. E\u011fitimde derinle\u015fen e\u015fitsizlik de odakland\u0131\u011f\u0131 konulardan biri. \u201cE\u015fitlik\u00e7i bir ethos\u201d ve \u201ce\u015fitlik k\u00fclt\u00fcr\u00fc\u201dn\u00fcn, d\u00fcnyay\u0131 payla\u015fman\u0131n icab\u0131 oldu\u011fu kabul\u00fcne adanm\u0131\u015f bir kitap<\/p>\n","protected":false},"excerpt":{"rendered":"<p>\u201cDo\u011fal e\u015fitlik tezinin sorunu basit ve rahatlat\u0131c\u0131 bir hakkaniyet hissi uyand\u0131rmas\u0131. Sanki e\u015fitlik\u00e7ilik sadece toplumun yozla\u015ft\u0131rd\u0131\u011f\u0131 do\u011fal bir durumu korumaya y\u00f6nelik basit stratejilere gereksinim duyuyormu\u015f gibi<span class=\"excerpt-hellip\"> [\u2026]<\/span><\/p>\n","protected":false},"featured_media":0,"template":"","meta":{"_monsterinsights_skip_tracking":false,"_monsterinsights_sitenote_active":false,"_monsterinsights_sitenote_note":"","_monsterinsights_sitenote_category":0},"product_brand":[],"product_cat":[12337],"product_tag":[],"class_list":{"0":"post-760755","1":"product","2":"type-product","3":"status-publish","5":"product_cat-politika-siyaset","6":"pa_cilt-ciltsiz","7":"pa_tur-kitap","8":"pa_yayinevi-iletisim-yayinlari","9":"pa_yazar-cesar-rendueles","11":"first","12":"instock","13":"sale","14":"shipping-taxable","15":"purchasable","16":"product-type-simple"},"_links":{"self":[{"href":"https:\/\/roveyayinevi.com.tr\/index.php\/wp-json\/wp\/v2\/product\/760755","targetHints":{"allow":["GET"]}}],"collection":[{"href":"https:\/\/roveyayinevi.com.tr\/index.php\/wp-json\/wp\/v2\/product"}],"about":[{"href":"https:\/\/roveyayinevi.com.tr\/index.php\/wp-json\/wp\/v2\/types\/product"}],"wp:attachment":[{"href":"https:\/\/roveyayinevi.com.tr\/index.php\/wp-json\/wp\/v2\/media?parent=760755"}],"wp:term":[{"taxonomy":"product_brand","embeddable":true,"href":"https:\/\/roveyayinevi.com.tr\/index.php\/wp-json\/wp\/v2\/product_brand?post=760755"},{"taxonomy":"product_cat","embeddable":true,"href":"https:\/\/roveyayinevi.com.tr\/index.php\/wp-json\/wp\/v2\/product_cat?post=760755"},{"taxonomy":"product_tag","embeddable":true,"href":"https:\/\/roveyayinevi.com.tr\/index.php\/wp-json\/wp\/v2\/product_tag?post=760755"}],"curies":[{"name":"wp","href":"https:\/\/api.w.org\/{rel}","templated":true}]}}