{"id":760754,"date":"2025-08-28T09:15:39","date_gmt":"2025-08-28T06:15:39","guid":{"rendered":"https:\/\/roveyayinevi.com.tr\/index.php\/urun\/belirsizlik-cagi-2\/"},"modified":"2026-04-16T03:13:33","modified_gmt":"2026-04-16T00:13:33","slug":"belirsizlik-cagi-2","status":"publish","type":"product","link":"https:\/\/roveyayinevi.com.tr\/index.php\/urun\/belirsizlik-cagi-2\/","title":{"rendered":"Belirsizlik \u00c7a\u011f\u0131"},"content":{"rendered":"<p>Yirminci y\u00fczy\u0131l\u0131n en \u00f6nemli fizik\u00e7ileri, fizi\u011fin bug\u00fcn h\u00e2l\u00e2 tam olarak kavrayamad\u0131\u011f\u0131m\u0131z yeni bir d\u00fcnya g\u00f6r\u00fc\u015f\u00fcne yol a\u00e7an, hayal bile edilemeyen bir bilimsel dalgalanmay\u0131 tetiklediler. Marie Curie, Max Planck, Niels Bohr, Werner Heisenberg, Erwin Schr\u00f6dinger ve Albert Einstein sadece fizikte devrim yaratmakla kalmad\u0131lar; d\u00fcnyam\u0131z\u0131 ve i\u00e7inde ya\u015fad\u0131\u011f\u0131m\u0131z ger\u00e7ekli\u011fi yeniden tan\u0131mlad\u0131lar. Ancak g\u00f6relilik ve kuantum mekani\u011fi \u00e7a\u011f\u0131 ayn\u0131 zamanda sava\u015flar ve devrimler \u00e7a\u011f\u0131yd\u0131 da. \u00d6rne\u011fin radyoaktivitenin ke\u015ffi bilimde devrim yaratt\u0131 ama sonu\u00e7ta Hiro\u015fima ve Nagazaki felaketine yol a\u00e7t\u0131. Belirsizlik \u00c7a\u011f\u0131\u2019nda Tobias H\u00fcrter, fizi\u011fin alt\u0131n \u00e7a\u011f\u0131na ve onun g\u00f6z kama\u015ft\u0131r\u0131c\u0131, kusurlu ve unutulmaz kahramanlar\u0131na hayat verirken, d\u00fcnyada olup bitenlerle bilimin nas\u0131l s\u0131k\u0131 s\u0131k\u0131ya ba\u011flant\u0131l\u0131 oldu\u011funu anlat\u0131yor. \u00c7\u00fcnk\u00fc d\u00fcnyay\u0131 de\u011fi\u015ftirmeden g\u00f6rmek m\u00fcmk\u00fcn de\u011fildir\u2026<\/p>\n","protected":false},"excerpt":{"rendered":"<p>Yirminci y\u00fczy\u0131l\u0131n en \u00f6nemli fizik\u00e7ileri, fizi\u011fin bug\u00fcn h\u00e2l\u00e2 tam olarak kavrayamad\u0131\u011f\u0131m\u0131z yeni bir d\u00fcnya g\u00f6r\u00fc\u015f\u00fcne yol a\u00e7an, hayal bile edilemeyen bir bilimsel dalgalanmay\u0131 tetiklediler. Marie Curie,<span class=\"excerpt-hellip\"> [\u2026]<\/span><\/p>\n","protected":false},"featured_media":0,"template":"","meta":{"_monsterinsights_skip_tracking":false,"_monsterinsights_sitenote_active":false,"_monsterinsights_sitenote_note":"","_monsterinsights_sitenote_category":0},"product_brand":[],"product_cat":[13005],"product_tag":[],"class_list":{"0":"post-760754","1":"product","2":"type-product","3":"status-publish","5":"product_cat-bilim-muhendislik","6":"pa_cilt-ciltsiz","7":"pa_tur-kitap","8":"pa_yayinevi-ayrinti-yayinlari","9":"pa_yazar-tobias-hurter","11":"first","12":"instock","13":"sale","14":"shipping-taxable","15":"purchasable","16":"product-type-simple"},"_links":{"self":[{"href":"https:\/\/roveyayinevi.com.tr\/index.php\/wp-json\/wp\/v2\/product\/760754","targetHints":{"allow":["GET"]}}],"collection":[{"href":"https:\/\/roveyayinevi.com.tr\/index.php\/wp-json\/wp\/v2\/product"}],"about":[{"href":"https:\/\/roveyayinevi.com.tr\/index.php\/wp-json\/wp\/v2\/types\/product"}],"wp:attachment":[{"href":"https:\/\/roveyayinevi.com.tr\/index.php\/wp-json\/wp\/v2\/media?parent=760754"}],"wp:term":[{"taxonomy":"product_brand","embeddable":true,"href":"https:\/\/roveyayinevi.com.tr\/index.php\/wp-json\/wp\/v2\/product_brand?post=760754"},{"taxonomy":"product_cat","embeddable":true,"href":"https:\/\/roveyayinevi.com.tr\/index.php\/wp-json\/wp\/v2\/product_cat?post=760754"},{"taxonomy":"product_tag","embeddable":true,"href":"https:\/\/roveyayinevi.com.tr\/index.php\/wp-json\/wp\/v2\/product_tag?post=760754"}],"curies":[{"name":"wp","href":"https:\/\/api.w.org\/{rel}","templated":true}]}}