{"id":760753,"date":"2025-08-28T09:15:38","date_gmt":"2025-08-28T06:15:38","guid":{"rendered":"https:\/\/roveyayinevi.com.tr\/index.php\/urun\/yasa-ve-yasakla-yonetmek-turkiyede-1-mayislar\/"},"modified":"2026-04-16T03:13:33","modified_gmt":"2026-04-16T00:13:33","slug":"yasa-ve-yasakla-yonetmek-turkiyede-1-mayislar","status":"publish","type":"product","link":"https:\/\/roveyayinevi.com.tr\/index.php\/urun\/yasa-ve-yasakla-yonetmek-turkiyede-1-mayislar\/","title":{"rendered":"Yasa ve Yasakla Y\u00f6netmek: T\u00fcrkiye\u2019de 1 May\u0131slar"},"content":{"rendered":"<p>T\u00fcrkiye\u2019nin toplant\u0131 ve g\u00f6steri y\u00fcr\u00fcy\u00fc\u015fleri tarihi a\u00e7\u0131s\u0131ndan 1 May\u0131slar\u0131n \u00f6zel bir \u00f6nemi vard\u0131r. \u00d6zellikle 1 May\u0131s 1977, 1989 ve 1996\u2019da ya\u015fananlar T\u00fcrkiye\u2019nin toplumsal belle\u011finde yer etmi\u015f, kat\u0131l\u0131mc\u0131lar\u0131nda oldu\u011fu kadar izleyicilerinde de derin izler b\u0131rakm\u0131\u015ft\u0131r.Bu \u00e7al\u0131\u015fma, modern T\u00fcrkiye tarihinde y\u00f6netimlerin 1 May\u0131slara ili\u015fkin tutumlar\u0131n\u0131, farkl\u0131 d\u00f6nemlerde 1 May\u0131slar\u0131n, h\u00fck\u00fcmetler, idare amirleri ve emniyet yetkilileri taraf\u0131ndan tan\u0131mlanma, anlamland\u0131r\u0131lma, d\u00fc\u015f\u00fcn\u00fclme ve idare edilme; k\u0131saca sorunsalla\u015ft\u0131r\u0131lma bi\u00e7imlerine odaklanarak ara\u015ft\u0131rmaktad\u0131r.\u00c7al\u0131\u015fman\u0131n temel iddias\u0131; T\u00fcrkiye\u2019de 1 May\u0131slar \u00f6rne\u011finde, devlete\/h\u00fck\u00fcmete y\u00f6nelik protesto niteli\u011fi ta\u015f\u0131yan toplant\u0131 ve g\u00f6steri y\u00fcr\u00fcy\u00fc\u015flerinin y\u00f6netiminde ge\u00e7erli olan bask\u0131n s\u00f6ylem ve pratikler rejiminin, bir insan hakk\u0131 olan toplanma \u00f6zg\u00fcrl\u00fc\u011f\u00fcn\u00fc korumay\u0131 ve g\u00fc\u00e7lendirmeyi esas alan \u00f6zg\u00fcrl\u00fck siyasetine de\u011fil, devlet\/h\u00fck\u00fcmet otoritesini korumay\u0131 ve g\u00fc\u00e7lendirmeyi esas alan egemenlik siyasetine dayand\u0131\u011f\u0131d\u0131r. 1 May\u0131slar\u0131n y\u00f6netiminde ge\u00e7erli olan bask\u0131n siyasal rasyonalitenin, devlet akl\u0131n\u0131 h\u00e2kim k\u0131lmaya \u00e7al\u0131\u015fan; temel hak ve \u00f6zg\u00fcrl\u00fcklerin de\u011fil, d\u00fczen ve otoritenin korunmas\u0131na \u00f6ncelik veren egemenlik rasyonalitesi olmas\u0131 her y\u0131l yeni hak ihlallerinin do\u011fmas\u0131na yol a\u00e7maktad\u0131r.<\/p>\n","protected":false},"excerpt":{"rendered":"<p>T\u00fcrkiye\u2019nin toplant\u0131 ve g\u00f6steri y\u00fcr\u00fcy\u00fc\u015fleri tarihi a\u00e7\u0131s\u0131ndan 1 May\u0131slar\u0131n \u00f6zel bir \u00f6nemi vard\u0131r. \u00d6zellikle 1 May\u0131s 1977, 1989 ve 1996\u2019da ya\u015fananlar T\u00fcrkiye\u2019nin toplumsal belle\u011finde yer etmi\u015f,<span class=\"excerpt-hellip\"> [\u2026]<\/span><\/p>\n","protected":false},"featured_media":0,"template":"","meta":{"_monsterinsights_skip_tracking":false,"_monsterinsights_sitenote_active":false,"_monsterinsights_sitenote_note":"","_monsterinsights_sitenote_category":0},"product_brand":[],"product_cat":[12337],"product_tag":[],"class_list":{"0":"post-760753","1":"product","2":"type-product","3":"status-publish","5":"product_cat-politika-siyaset","6":"pa_cilt-ciltsiz","7":"pa_tur-kitap","8":"pa_yayinevi-ayrinti-yayinlari","9":"pa_yazar-erhan-ozseker","11":"first","12":"instock","13":"sale","14":"shipping-taxable","15":"purchasable","16":"product-type-simple"},"_links":{"self":[{"href":"https:\/\/roveyayinevi.com.tr\/index.php\/wp-json\/wp\/v2\/product\/760753","targetHints":{"allow":["GET"]}}],"collection":[{"href":"https:\/\/roveyayinevi.com.tr\/index.php\/wp-json\/wp\/v2\/product"}],"about":[{"href":"https:\/\/roveyayinevi.com.tr\/index.php\/wp-json\/wp\/v2\/types\/product"}],"wp:attachment":[{"href":"https:\/\/roveyayinevi.com.tr\/index.php\/wp-json\/wp\/v2\/media?parent=760753"}],"wp:term":[{"taxonomy":"product_brand","embeddable":true,"href":"https:\/\/roveyayinevi.com.tr\/index.php\/wp-json\/wp\/v2\/product_brand?post=760753"},{"taxonomy":"product_cat","embeddable":true,"href":"https:\/\/roveyayinevi.com.tr\/index.php\/wp-json\/wp\/v2\/product_cat?post=760753"},{"taxonomy":"product_tag","embeddable":true,"href":"https:\/\/roveyayinevi.com.tr\/index.php\/wp-json\/wp\/v2\/product_tag?post=760753"}],"curies":[{"name":"wp","href":"https:\/\/api.w.org\/{rel}","templated":true}]}}