{"id":760751,"date":"2025-08-28T09:15:34","date_gmt":"2025-08-28T06:15:34","guid":{"rendered":"https:\/\/roveyayinevi.com.tr\/index.php\/urun\/bir-katilin-gunlugu\/"},"modified":"2026-04-16T03:13:33","modified_gmt":"2026-04-16T00:13:33","slug":"bir-katilin-gunlugu","status":"publish","type":"product","link":"https:\/\/roveyayinevi.com.tr\/index.php\/urun\/bir-katilin-gunlugu\/","title":{"rendered":"Bir Katilin G\u00fcnl\u00fc\u011f\u00fc"},"content":{"rendered":"<p>Meslay Sokag\u0306\u0131\u2019na ge\u00e7erken ba\u015fka neler d\u00fc\u015f\u00fcnd\u00fcm, akl\u0131ma gelmiyor \u015fu an. Hepsi u\u00e7mu\u015f gitmi\u015f belle\u011fimden. Bir an durup bir su\u00e7luyu and\u0131rmad\u0131\u011f\u0131m\u0131, herkes gibi s\u0131radan bir g\u00f6r\u00fcnt\u00fcye sahip oldu\u011fumu kendi kendime tekrar etti\u011fimi hat\u0131rl\u0131yorum sadece. Hem niye bir katili and\u0131ray\u0131m ki? Nas\u0131lsa bunlar\u0131n hepsi kurmaca. Kimseyi \u00f6ld\u00fcremeyece\u011fimi biliyorum.\u201c\u00d6l\u00fcm, bir monolo\u011fun sona ermesidir.\u201d Tristan Bernard\u2019a ithaf edilen bu s\u00f6zler, maktul i\u00e7in oldu\u011fu kadar katil i\u00e7in de ge\u00e7erlidir. Maktul i\u00e7in sona eren i\u00e7 kavga, katil i\u00e7in yeniden ve daha \u015fiddetli bir \u015fekilde hayat bulur. Tristan Bernard\u2019\u0131n bu kitaptaki katili, Dostoyevski\u2019nin Su\u00e7 ve Ceza\u2019s\u0131ndaki Raskolnikov\u2019u and\u0131r\u0131r. O da zor durumdad\u0131r, onun da paraya ihtiyac\u0131 vard\u0131r, onun da ya\u015fam\u0131na son verdi\u011fi insan, toplumun s\u0131rt\u0131nda bir \u00e7\u0131band\u0131r. Ama katilin g\u00f6z\u00fcnde. Katil bu teredd\u00fctler ve kendisine konduramad\u0131\u011f\u0131 katil damgas\u0131yla s\u00fcrekli bir m\u00fccadele i\u00e7erisindedir. Cinayet ger\u00e7ekle\u015ftikten sonra ise b\u00fct\u00fcn d\u00fcnyas\u0131 yakalanma korkusu ve bunun onda ya\u015fatt\u0131\u011f\u0131 stresle ku\u015fat\u0131l\u0131r. Ancak katil ayn\u0131 zamanda zeki ve so\u011fukkanl\u0131d\u0131r. Ele ge\u00e7irdi\u011fi paray\u0131 g\u00fcvenli bir yere yerle\u015ftirdikten sonra ka\u00e7\u0131\u015f yolculu\u011funa ba\u015flar. Amac\u0131 olay gazetelerde bir \u00fc\u00e7\u00fcnc\u00fc sayfa haberi olup unutulduktan sonra normal hayat\u0131na devam etmektir. Gezerek \u00e7al\u0131\u015fmaya imk\u00e2n veren mesle\u011fi bu a\u00e7\u0131dan onun i\u00e7in m\u00fckemmel bir kamuflajd\u0131r. \u015eehir \u015fehir dola\u015farak, bir vas\u0131tadan di\u011ferine ge\u00e7erek, yolculuk plan\u0131n\u0131 s\u00fcrekli de\u011fi\u015ftirerek izini kaybettirmeye \u00e7al\u0131\u015f\u0131r. L\u00e2kin hayat, b\u00fct\u00fcn planlar\u0131 bozacak s\u00fcrprizler bar\u0131nd\u0131r\u0131r\u2026 <\/p>\n","protected":false},"excerpt":{"rendered":"<p>Meslay Sokag\u0306\u0131\u2019na ge\u00e7erken ba\u015fka neler d\u00fc\u015f\u00fcnd\u00fcm, akl\u0131ma gelmiyor \u015fu an. Hepsi u\u00e7mu\u015f gitmi\u015f belle\u011fimden. Bir an durup bir su\u00e7luyu and\u0131rmad\u0131\u011f\u0131m\u0131, herkes gibi s\u0131radan bir g\u00f6r\u00fcnt\u00fcye sahip<span class=\"excerpt-hellip\"> [\u2026]<\/span><\/p>\n","protected":false},"featured_media":0,"template":"","meta":{"_monsterinsights_skip_tracking":false,"_monsterinsights_sitenote_active":false,"_monsterinsights_sitenote_note":"","_monsterinsights_sitenote_category":0},"product_brand":[],"product_cat":[12291,15445],"product_tag":[],"class_list":{"0":"post-760751","1":"product","2":"type-product","3":"status-publish","5":"product_cat-edebiyat","6":"product_cat-polisiye","7":"pa_cilt-ciltsiz","8":"pa_tur-kitap","9":"pa_yayinevi-ayrinti-yayinlari","10":"pa_yazar-tristan-bernard","12":"first","13":"instock","14":"sale","15":"shipping-taxable","16":"purchasable","17":"product-type-simple"},"_links":{"self":[{"href":"https:\/\/roveyayinevi.com.tr\/index.php\/wp-json\/wp\/v2\/product\/760751","targetHints":{"allow":["GET"]}}],"collection":[{"href":"https:\/\/roveyayinevi.com.tr\/index.php\/wp-json\/wp\/v2\/product"}],"about":[{"href":"https:\/\/roveyayinevi.com.tr\/index.php\/wp-json\/wp\/v2\/types\/product"}],"wp:attachment":[{"href":"https:\/\/roveyayinevi.com.tr\/index.php\/wp-json\/wp\/v2\/media?parent=760751"}],"wp:term":[{"taxonomy":"product_brand","embeddable":true,"href":"https:\/\/roveyayinevi.com.tr\/index.php\/wp-json\/wp\/v2\/product_brand?post=760751"},{"taxonomy":"product_cat","embeddable":true,"href":"https:\/\/roveyayinevi.com.tr\/index.php\/wp-json\/wp\/v2\/product_cat?post=760751"},{"taxonomy":"product_tag","embeddable":true,"href":"https:\/\/roveyayinevi.com.tr\/index.php\/wp-json\/wp\/v2\/product_tag?post=760751"}],"curies":[{"name":"wp","href":"https:\/\/api.w.org\/{rel}","templated":true}]}}