{"id":760750,"date":"2025-08-28T09:15:33","date_gmt":"2025-08-28T06:15:33","guid":{"rendered":"https:\/\/roveyayinevi.com.tr\/index.php\/urun\/ttbye-adanmis-bir-omur-dr-mahmut-ortakaya\/"},"modified":"2026-04-16T03:13:33","modified_gmt":"2026-04-16T00:13:33","slug":"ttbye-adanmis-bir-omur-dr-mahmut-ortakaya","status":"publish","type":"product","link":"https:\/\/roveyayinevi.com.tr\/index.php\/urun\/ttbye-adanmis-bir-omur-dr-mahmut-ortakaya\/","title":{"rendered":"TTB\u2019ye Adanm\u0131\u015f Bir \u00d6m\u00fcr: Dr. Mahmut Ortakaya"},"content":{"rendered":"<p>Mahmut Ortakaya\u2019n\u0131n Tu\u0308rk Tabipleri Birli\u011fi (TTB) tarihinde en uzun d\u00f6nem (1990-2004) Yu\u0308ksek Onur Kurulu u\u0308yeli\u011fi yapan ki\u015fi olmas\u0131, tesadu\u0308f say\u0131lmamal\u0131. Onur kavram\u0131n\u0131 ki\u015file\u015ftiren biri, o. 2010\u2019da Mezopotamya T\u0131p Kongresi\u2019nin Onur Ba\u015fkan\u0131 olmas\u0131 da, do\u011fal bir bo\u015funa de\u011fil.\u201cDoktor\u201d Mahmut Ortakaya\u2019dan s\u00f6z ediyoruz! Abili\u011fi gibi, hekimli\u011fi de ad\u0131na s\u0131ms\u0131k\u0131 yap\u0131\u015fm\u0131\u015ft\u0131r. TTB\u2019deki uzun su\u0308reli etkinli\u011fi yan\u0131nda, veremle mu\u0308cadeleye, Toraks Derne\u011fi\u2019ne nice emek verdi. Mahmut Ortakaya, hekim\u2019in, hikmet\u2019le ayn\u0131 k\u00f6kten geldi\u011finin de canl\u0131 timsalidir. Hekimli\u011fi, insan haklar\u0131yla, bar\u0131\u015f savunuculu\u011fuyla i\u00e7 i\u00e7e bildi, \u00f6yle ya\u015fad\u0131. Bar\u0131\u015f dili, hekimli\u011fin etik icab\u0131d\u0131r ona g\u00f6re. \u201cSa\u011fl\u0131ktan ve \u00f6zgu\u0308rlu\u0308kten tasarruf edilemez\u201d ilkesiyle, kendini hep \u201chalk\u0131n hekimi\u201d olarak g\u00f6rdu\u0308.Tan\u0131l Bora<\/p>\n","protected":false},"excerpt":{"rendered":"<p>Mahmut Ortakaya\u2019n\u0131n Tu\u0308rk Tabipleri Birli\u011fi (TTB) tarihinde en uzun d\u00f6nem (1990-2004) Yu\u0308ksek Onur Kurulu u\u0308yeli\u011fi yapan ki\u015fi olmas\u0131, tesadu\u0308f say\u0131lmamal\u0131. Onur kavram\u0131n\u0131 ki\u015file\u015ftiren biri, o. 2010\u2019da<span class=\"excerpt-hellip\"> [\u2026]<\/span><\/p>\n","protected":false},"featured_media":0,"template":"","meta":{"_monsterinsights_skip_tracking":false,"_monsterinsights_sitenote_active":false,"_monsterinsights_sitenote_note":"","_monsterinsights_sitenote_category":0},"product_brand":[],"product_cat":[12304,14128],"product_tag":[],"class_list":{"0":"post-760750","1":"product","2":"type-product","3":"status-publish","5":"product_cat-tarih","6":"product_cat-yakin-tarih","7":"pa_cilt-ciltsiz","8":"pa_tur-kitap","9":"pa_yayinevi-ayrinti-yayinlari","10":"pa_yazar-o-ozkan-ozdemir","12":"first","13":"instock","14":"sale","15":"shipping-taxable","16":"purchasable","17":"product-type-simple"},"_links":{"self":[{"href":"https:\/\/roveyayinevi.com.tr\/index.php\/wp-json\/wp\/v2\/product\/760750","targetHints":{"allow":["GET"]}}],"collection":[{"href":"https:\/\/roveyayinevi.com.tr\/index.php\/wp-json\/wp\/v2\/product"}],"about":[{"href":"https:\/\/roveyayinevi.com.tr\/index.php\/wp-json\/wp\/v2\/types\/product"}],"wp:attachment":[{"href":"https:\/\/roveyayinevi.com.tr\/index.php\/wp-json\/wp\/v2\/media?parent=760750"}],"wp:term":[{"taxonomy":"product_brand","embeddable":true,"href":"https:\/\/roveyayinevi.com.tr\/index.php\/wp-json\/wp\/v2\/product_brand?post=760750"},{"taxonomy":"product_cat","embeddable":true,"href":"https:\/\/roveyayinevi.com.tr\/index.php\/wp-json\/wp\/v2\/product_cat?post=760750"},{"taxonomy":"product_tag","embeddable":true,"href":"https:\/\/roveyayinevi.com.tr\/index.php\/wp-json\/wp\/v2\/product_tag?post=760750"}],"curies":[{"name":"wp","href":"https:\/\/api.w.org\/{rel}","templated":true}]}}