{"id":760748,"date":"2025-08-28T09:15:31","date_gmt":"2025-08-28T06:15:31","guid":{"rendered":"https:\/\/roveyayinevi.com.tr\/index.php\/urun\/78-kusagi\/"},"modified":"2025-11-21T10:25:53","modified_gmt":"2025-11-21T07:25:53","slug":"78-kusagi","status":"publish","type":"product","link":"https:\/\/roveyayinevi.com.tr\/index.php\/urun\/78-kusagi\/","title":{"rendered":"&#8217;78 Ku\u015fa\u011f\u0131"},"content":{"rendered":"<p>\u201c\u201968\u2019liler sosyalist sol a\u00e7\u0131s\u0131ndan kurucu ku\u015fak olarak h\u00e2kimiyetlerini hissettirirken, \u201978\u2019liler daha \u00e7ok i\u00e7 tart\u0131\u015fmalar\u0131, hesapla\u015fmalar\u0131, kavgalar\u0131, ac\u0131lar\u0131yla an\u0131l\u0131r. \u201978 ku\u015fa\u011f\u0131n\u0131n \u2018yasl\u0131\u2019, \u2018kavgas\u0131n\u0131 t\u00fcketmemi\u015f\u2019, \u2018\u00f6zlem y\u00fckl\u00fc\u2019 bir ku\u015fak oldu\u011fu s\u0131kl\u0131kla ifade edilir. (\u2026) Bug\u00fcn ise veda edilemeyen bir ge\u00e7mi\u015fin yeniden ve farkl\u0131 bi\u00e7imlerde, bir ku\u015fak b\u00fct\u00fcn\u00fc etraf\u0131nda sahiplenilmesiyle, adalet ve ge\u00e7mi\u015fle hesapla\u015fma talebinin bir m\u00fccadele temas\u0131 haline geldi\u011fine tan\u0131kl\u0131k ediyoruz. Kimi zaman nostaljik bir hat\u0131rlama, kimi zaman melankoli haf\u0131zada kendini hissettirirken, bir yandan da \u201978\u2019lilik kimli\u011fi etraf\u0131nda bir tan\u0131nma m\u00fccadelesi devam ediyor.\u201d\u201978 Ku\u015fa\u011f\u0131 &#8211; Bir Haf\u0131za Toplulu\u011fu, T\u00fcrkiye\u2019de 1970\u2019li y\u0131llar\u0131n siyasal ve toplumsal hayat\u0131n\u0131n deneyimini, 12 Eyl\u00fcl darbesinin etkilerini, devrimci hareketin zihniyet miras\u0131n\u0131, bellek \u00e7al\u0131\u015fmalar\u0131n\u0131n merce\u011fiyle analiz ediyor. \u201cNostalji ve melankolinin gelgitlerinden\u201d geriye kalana bak\u0131yor. Melike I\u015f\u0131k Durmaz, derinlemesine g\u00f6r\u00fc\u015fmelerin yan\u0131 s\u0131ra biyografi, otobiyografi ve nehir s\u00f6yle\u015filere de dayanarak, \u201978 ku\u015fa\u011f\u0131n\u0131n nas\u0131l kendisini bir haf\u0131za toplulu\u011fu olarak kurdu\u011funu anlat\u0131yor. Devrim beklentisi, adanma, yolda\u015fl\u0131k eti\u011fi\u2026 \u00d6l\u00fcmle, kay\u0131plarla y\u00fczle\u015fme\u2026 Onlar\u0131n bir ku\u015fak bilinci ve kimli\u011fi edinmelerini sa\u011flayan asli deneyim olarak 12 Eyl\u00fcl \u2026Analitik mesafeye; bir ku\u015fa\u011f\u0131 anlama, ona de\u011ferini verme \u015fevkinin ve heyecan\u0131n\u0131n e\u015flik etti\u011fi bir kitap.<\/p>\n","protected":false},"excerpt":{"rendered":"<p>\u201c\u201968\u2019liler sosyalist sol a\u00e7\u0131s\u0131ndan kurucu ku\u015fak olarak h\u00e2kimiyetlerini hissettirirken, \u201978\u2019liler daha \u00e7ok i\u00e7 tart\u0131\u015fmalar\u0131, hesapla\u015fmalar\u0131, kavgalar\u0131, ac\u0131lar\u0131yla an\u0131l\u0131r. \u201978 ku\u015fa\u011f\u0131n\u0131n \u2018yasl\u0131\u2019, \u2018kavgas\u0131n\u0131 t\u00fcketmemi\u015f\u2019, \u2018\u00f6zlem y\u00fckl\u00fc\u2019 bir<span class=\"excerpt-hellip\"> [\u2026]<\/span><\/p>\n","protected":false},"featured_media":0,"template":"","meta":{"_monsterinsights_skip_tracking":false,"_monsterinsights_sitenote_active":false,"_monsterinsights_sitenote_note":"","_monsterinsights_sitenote_category":0},"product_brand":[],"product_cat":[12337,14543],"product_tag":[],"class_list":{"0":"post-760748","1":"product","2":"type-product","3":"status-publish","5":"product_cat-politika-siyaset","6":"product_cat-turkiye-siyaseti-ve-politikasi","7":"pa_cilt-ciltsiz","8":"pa_tur-kitap","9":"pa_yayinevi-iletisim-yayinlari","10":"pa_yazar-melike-isik-durmaz","12":"first","13":"instock","14":"sale","15":"shipping-taxable","16":"purchasable","17":"product-type-simple"},"_links":{"self":[{"href":"https:\/\/roveyayinevi.com.tr\/index.php\/wp-json\/wp\/v2\/product\/760748","targetHints":{"allow":["GET"]}}],"collection":[{"href":"https:\/\/roveyayinevi.com.tr\/index.php\/wp-json\/wp\/v2\/product"}],"about":[{"href":"https:\/\/roveyayinevi.com.tr\/index.php\/wp-json\/wp\/v2\/types\/product"}],"wp:attachment":[{"href":"https:\/\/roveyayinevi.com.tr\/index.php\/wp-json\/wp\/v2\/media?parent=760748"}],"wp:term":[{"taxonomy":"product_brand","embeddable":true,"href":"https:\/\/roveyayinevi.com.tr\/index.php\/wp-json\/wp\/v2\/product_brand?post=760748"},{"taxonomy":"product_cat","embeddable":true,"href":"https:\/\/roveyayinevi.com.tr\/index.php\/wp-json\/wp\/v2\/product_cat?post=760748"},{"taxonomy":"product_tag","embeddable":true,"href":"https:\/\/roveyayinevi.com.tr\/index.php\/wp-json\/wp\/v2\/product_tag?post=760748"}],"curies":[{"name":"wp","href":"https:\/\/api.w.org\/{rel}","templated":true}]}}