{"id":760747,"date":"2025-08-28T09:15:29","date_gmt":"2025-08-28T06:15:29","guid":{"rendered":"https:\/\/roveyayinevi.com.tr\/index.php\/urun\/edebiyat-devrimi\/"},"modified":"2026-04-16T03:13:33","modified_gmt":"2026-04-16T00:13:33","slug":"edebiyat-devrimi","status":"publish","type":"product","link":"https:\/\/roveyayinevi.com.tr\/index.php\/urun\/edebiyat-devrimi\/","title":{"rendered":"Edebiyat Devrimi"},"content":{"rendered":"<p>\u201cLatin alfabesiyle kelimelere yeni elbiseler giydirildi ama yine de s\u00f6zc\u00fckler bu k\u0131yafetlerin i\u00e7inde e\u011freti duruyordu. D\u00f6nemin ayd\u0131nlar\u0131nca da ifade edildi\u011fi \u00fczere bir medeniyet de\u011fi\u015fimi ya\u015fan\u0131yordu. Dilin g\u00f6r\u00fcnt\u00fcs\u00fc de\u011fi\u015fse de i\u00e7erikte Arap\u00e7a ve Fars\u00e7a k\u00f6kenli kelimeler h\u00e2l\u00e2 eski medeniyeti temsil ediyorlard\u0131. 1932\u2019de ba\u015flayan Dil Devrimi, \u2018Do\u011fulu\u2019 kelimelerin tasfiyesi ve yerine yeni kelimeleri koyabilme amac\u0131yla ger\u00e7ekle\u015ftirildi.\u201dH\u00e2le Sert, 1932 y\u0131l\u0131nda ger\u00e7ekle\u015fen Dil Devrimi\u2019nin ayn\u0131 zamanda bir \u201cedebiyat devrimi\u201d olarak okunup okunamayaca\u011f\u0131 sorusunun pe\u015fine d\u00fc\u015f\u00fcyor. 1928 y\u0131l\u0131ndaki Alfabe Devrimi ile g\u00f6stergenin kendisinde yap\u0131lan de\u011fi\u015fiklikten ba\u015flayarak, Arap\u00e7a-Fars\u00e7a kelimelerin tasfiyesine, \u00d6zt\u00fcrk\u00e7e kelime t\u00fcretme politikalar\u0131na uzanan geni\u015f bir alanda, zengin \u00f6rnekler sunarak, bu politik hamlelerin edebi metinler \u00fczerindeki yans\u0131malar\u0131n\u0131n izini s\u00fcr\u00fcyor.Edebiyat Devrimi, d\u00f6nem yazarlar\u0131n\u0131n, matbuat d\u00fcnyas\u0131n\u0131n, bir b\u00fct\u00fcn olarak geni\u015f bir k\u00fclt\u00fcr \u00e2leminin, farkl\u0131la\u015fan reaksiyonlar\u0131n\u0131 da g\u00f6zler \u00f6n\u00fcne sererken, politikan\u0131n sanata m\u00fcdahil oldu\u011fu noktada ortaya \u00e7\u0131kan gerilimi de t\u00fcm y\u00f6nleriyle g\u00f6steriyor.<\/p>\n","protected":false},"excerpt":{"rendered":"<p>\u201cLatin alfabesiyle kelimelere yeni elbiseler giydirildi ama yine de s\u00f6zc\u00fckler bu k\u0131yafetlerin i\u00e7inde e\u011freti duruyordu. D\u00f6nemin ayd\u0131nlar\u0131nca da ifade edildi\u011fi \u00fczere bir medeniyet de\u011fi\u015fimi ya\u015fan\u0131yordu. Dilin<span class=\"excerpt-hellip\"> [\u2026]<\/span><\/p>\n","protected":false},"featured_media":0,"template":"","meta":{"_monsterinsights_skip_tracking":false,"_monsterinsights_sitenote_active":false,"_monsterinsights_sitenote_note":"","_monsterinsights_sitenote_category":0},"product_brand":[],"product_cat":[13072,12291],"product_tag":[],"class_list":{"0":"post-760747","1":"product","2":"type-product","3":"status-publish","5":"product_cat-arastirma-inceleme-referans","6":"product_cat-edebiyat","7":"pa_cilt-ciltsiz","8":"pa_tur-kitap","9":"pa_yayinevi-iletisim-yayinlari","10":"pa_yazar-hale-sert","12":"first","13":"instock","14":"sale","15":"shipping-taxable","16":"purchasable","17":"product-type-simple"},"_links":{"self":[{"href":"https:\/\/roveyayinevi.com.tr\/index.php\/wp-json\/wp\/v2\/product\/760747","targetHints":{"allow":["GET"]}}],"collection":[{"href":"https:\/\/roveyayinevi.com.tr\/index.php\/wp-json\/wp\/v2\/product"}],"about":[{"href":"https:\/\/roveyayinevi.com.tr\/index.php\/wp-json\/wp\/v2\/types\/product"}],"wp:attachment":[{"href":"https:\/\/roveyayinevi.com.tr\/index.php\/wp-json\/wp\/v2\/media?parent=760747"}],"wp:term":[{"taxonomy":"product_brand","embeddable":true,"href":"https:\/\/roveyayinevi.com.tr\/index.php\/wp-json\/wp\/v2\/product_brand?post=760747"},{"taxonomy":"product_cat","embeddable":true,"href":"https:\/\/roveyayinevi.com.tr\/index.php\/wp-json\/wp\/v2\/product_cat?post=760747"},{"taxonomy":"product_tag","embeddable":true,"href":"https:\/\/roveyayinevi.com.tr\/index.php\/wp-json\/wp\/v2\/product_tag?post=760747"}],"curies":[{"name":"wp","href":"https:\/\/api.w.org\/{rel}","templated":true}]}}