{"id":760742,"date":"2025-08-28T09:15:20","date_gmt":"2025-08-28T06:15:20","guid":{"rendered":"https:\/\/roveyayinevi.com.tr\/index.php\/urun\/gercekten-sevdigim-sey\/"},"modified":"2026-04-16T03:13:32","modified_gmt":"2026-04-16T00:13:32","slug":"gercekten-sevdigim-sey","status":"publish","type":"product","link":"https:\/\/roveyayinevi.com.tr\/index.php\/urun\/gercekten-sevdigim-sey\/","title":{"rendered":"Ger\u00e7ekten Sevdi\u011fim \u015eey"},"content":{"rendered":"<p>R\u00fczgar bu sabah tenis ma\u00e7\u0131n\u0131 kaybetti\u011fi i\u00e7in \u00fczg\u00fcnd\u00fc. Bunun \u00fczerine annesi onu y\u00fcr\u00fcy\u00fc\u015fe \u00e7\u0131kard\u0131. R\u00fczgar herkesin farkl\u0131 yetenekleri oldu\u011funu ve ger\u00e7ekten sevdikleri \u015feyi i\u00e7lerinde ta\u015f\u0131d\u0131klar\u0131n\u0131 anl\u0131yor. Sadece onu ke\u015ffetmemiz gerekiyor. <\/p>\n","protected":false},"excerpt":{"rendered":"<p>R\u00fczgar bu sabah tenis ma\u00e7\u0131n\u0131 kaybetti\u011fi i\u00e7in \u00fczg\u00fcnd\u00fc. Bunun \u00fczerine annesi onu y\u00fcr\u00fcy\u00fc\u015fe \u00e7\u0131kard\u0131. R\u00fczgar herkesin farkl\u0131 yetenekleri oldu\u011funu ve ger\u00e7ekten sevdikleri \u015feyi i\u00e7lerinde ta\u015f\u0131d\u0131klar\u0131n\u0131 anl\u0131yor.<span class=\"excerpt-hellip\"> [\u2026]<\/span><\/p>\n","protected":false},"featured_media":0,"template":"","meta":{"_monsterinsights_skip_tracking":false,"_monsterinsights_sitenote_active":false,"_monsterinsights_sitenote_note":"","_monsterinsights_sitenote_category":0},"product_brand":[],"product_cat":[12274,12284],"product_tag":[],"class_list":{"0":"post-760742","1":"product","2":"type-product","3":"status-publish","5":"product_cat-cocuk-ve-genclik-kitaplari","6":"product_cat-hikayeler","7":"pa_cilt-ciltsiz","8":"pa_tur-kitap","9":"pa_yayinevi-aylak-kitap","10":"pa_yazar-astrid-desbordes","12":"first","13":"instock","14":"sale","15":"shipping-taxable","16":"purchasable","17":"product-type-simple"},"_links":{"self":[{"href":"https:\/\/roveyayinevi.com.tr\/index.php\/wp-json\/wp\/v2\/product\/760742","targetHints":{"allow":["GET"]}}],"collection":[{"href":"https:\/\/roveyayinevi.com.tr\/index.php\/wp-json\/wp\/v2\/product"}],"about":[{"href":"https:\/\/roveyayinevi.com.tr\/index.php\/wp-json\/wp\/v2\/types\/product"}],"wp:attachment":[{"href":"https:\/\/roveyayinevi.com.tr\/index.php\/wp-json\/wp\/v2\/media?parent=760742"}],"wp:term":[{"taxonomy":"product_brand","embeddable":true,"href":"https:\/\/roveyayinevi.com.tr\/index.php\/wp-json\/wp\/v2\/product_brand?post=760742"},{"taxonomy":"product_cat","embeddable":true,"href":"https:\/\/roveyayinevi.com.tr\/index.php\/wp-json\/wp\/v2\/product_cat?post=760742"},{"taxonomy":"product_tag","embeddable":true,"href":"https:\/\/roveyayinevi.com.tr\/index.php\/wp-json\/wp\/v2\/product_tag?post=760742"}],"curies":[{"name":"wp","href":"https:\/\/api.w.org\/{rel}","templated":true}]}}