{"id":760740,"date":"2025-08-28T09:15:18","date_gmt":"2025-08-28T06:15:18","guid":{"rendered":"https:\/\/roveyayinevi.com.tr\/index.php\/urun\/mevlana-gercegi\/"},"modified":"2026-04-16T03:13:32","modified_gmt":"2026-04-16T00:13:32","slug":"mevlana-gercegi","status":"publish","type":"product","link":"https:\/\/roveyayinevi.com.tr\/index.php\/urun\/mevlana-gercegi\/","title":{"rendered":"Mevlana Ger\u00e7e\u011fi"},"content":{"rendered":"<p>TAR\u0130H ADINA S\u0130ZE \u00d6\u011eRET\u0130LEN NE VARSA UNUTUN!   \u2022 Mevlana Mo\u011fol ajan\u0131 m\u0131yd\u0131? \u2022 Nasreddin Hoca\u2019y\u0131 Mevlana m\u0131 \u00f6ld\u00fcrtt\u00fc? \u2022 Ahi Evran ve Nasreddin Hoca ayn\u0131 ki\u015fi midir? \u2022 Mevlana T\u00fcrk m\u00fcd\u00fcr? T\u00fcrklere bak\u0131\u015f\u0131 nas\u0131ld\u0131r? \u2022 Mevlana ve \u015eems\u2019in kad\u0131nlara bak\u0131\u015f\u0131 nas\u0131ld\u0131? \u2022 Mesnevi\u2019deki m\u00fcstehcen hik\u00e2yeler ger\u00e7ek mi? \u2022 Mevlana Mesnevi\u2019yi Kuran olarak m\u0131 g\u00f6r\u00fcyordu? \u2022 Mevlana ve \u015eems aras\u0131ndaki ili\u015fki Konya halk\u0131n\u0131 neden rahats\u0131z etmi\u015fti? \u2022 \u201cNe olursan ol, yine gel\u201d s\u00f6zleri Mevlana\u2019ya ait de\u011fil mi? \u2022 Mevlana ile Ahi Evran aras\u0131ndaki d\u00fc\u015fmanl\u0131\u011f\u0131n sebebi neydi? \u2022 Mevlana 15 ya\u015f\u0131ndaki evlatl\u0131\u011f\u0131 Kimya Hatun\u2019u 65 ya\u015f\u0131ndaki \u015eems\u2019e mi nik\u00e2hlad\u0131? \u2022 Mevlana\u2019n\u0131n o\u011flu Alaeddin \u00c7elebi babas\u0131n\u0131 terk ederek Ahi Evran\u2019\u0131n hizmetine neden girdi? \u2022 Mevlana ve Hac\u0131 Bekta\u015f-\u0131 Veli\u2019nin aras\u0131ndaki gerginli\u011fin sebebi neydi?   Tarihin tozlu sayfalar\u0131nda yerini \u201ct\u00fcm ger\u00e7ekli\u011fiyle\u201d alm\u0131\u015f olan do\u011fru bildi\u011finiz yanl\u0131\u015flar manzumesinden daha onlarca \u00f6rne\u011fi bulabilece\u011finiz bu \u00e7al\u0131\u015fma, e\u015fsiz bir sakl\u0131 tarih dok\u00fcman\u0131d\u0131r. <\/p>\n","protected":false},"excerpt":{"rendered":"<p>TAR\u0130H ADINA S\u0130ZE \u00d6\u011eRET\u0130LEN NE VARSA UNUTUN! \u2022 Mevlana Mo\u011fol ajan\u0131 m\u0131yd\u0131? \u2022 Nasreddin Hoca\u2019y\u0131 Mevlana m\u0131 \u00f6ld\u00fcrtt\u00fc? \u2022 Ahi Evran ve Nasreddin Hoca ayn\u0131 ki\u015fi<span class=\"excerpt-hellip\"> [\u2026]<\/span><\/p>\n","protected":false},"featured_media":0,"template":"","meta":{"_monsterinsights_skip_tracking":false,"_monsterinsights_sitenote_active":false,"_monsterinsights_sitenote_note":"","_monsterinsights_sitenote_category":0},"product_brand":[],"product_cat":[12370,12304],"product_tag":[],"class_list":{"0":"post-760740","1":"product","2":"type-product","3":"status-publish","5":"product_cat-arastirma-inceleme","6":"product_cat-tarih","7":"pa_cilt-ciltsiz","8":"pa_tur-kitap","9":"pa_yayinevi-destek-yayinlari","10":"pa_yazar-umit-dogan","12":"first","13":"instock","14":"sale","15":"shipping-taxable","16":"purchasable","17":"product-type-simple"},"_links":{"self":[{"href":"https:\/\/roveyayinevi.com.tr\/index.php\/wp-json\/wp\/v2\/product\/760740","targetHints":{"allow":["GET"]}}],"collection":[{"href":"https:\/\/roveyayinevi.com.tr\/index.php\/wp-json\/wp\/v2\/product"}],"about":[{"href":"https:\/\/roveyayinevi.com.tr\/index.php\/wp-json\/wp\/v2\/types\/product"}],"wp:attachment":[{"href":"https:\/\/roveyayinevi.com.tr\/index.php\/wp-json\/wp\/v2\/media?parent=760740"}],"wp:term":[{"taxonomy":"product_brand","embeddable":true,"href":"https:\/\/roveyayinevi.com.tr\/index.php\/wp-json\/wp\/v2\/product_brand?post=760740"},{"taxonomy":"product_cat","embeddable":true,"href":"https:\/\/roveyayinevi.com.tr\/index.php\/wp-json\/wp\/v2\/product_cat?post=760740"},{"taxonomy":"product_tag","embeddable":true,"href":"https:\/\/roveyayinevi.com.tr\/index.php\/wp-json\/wp\/v2\/product_tag?post=760740"}],"curies":[{"name":"wp","href":"https:\/\/api.w.org\/{rel}","templated":true}]}}